{"id":662163,"date":"2025-06-14T15:03:04","date_gmt":"2025-06-14T12:03:04","guid":{"rendered":"https:\/\/nextsnkr.com\/product\/marc-jacobs-tote-bag-2\/"},"modified":"2026-02-01T19:49:20","modified_gmt":"2026-02-01T16:49:20","slug":"marc-jacobs-tote-bag-2","status":"publish","type":"product","link":"https:\/\/nextsnkr.com\/lt\/produktas\/marc-jacobs-tote-bag-2\/","title":{"rendered":"Marc Jacobs Tote krep\u0161ys i\u0161 ekologi\u0161kos odos-stilingas moter\u0173 modelis"},"content":{"rendered":"<h2>Marc Jacobs Tote krep\u0161ys i\u0161 ekologi\u0161kos odos-stilingas moter\u0173 modelis<\/h2>\n<p>&#8222;Marc Jacobs Tote Bag&#8221; yra eleganti\u0161kas ir prakti\u0161kas auk\u0161tos kokyb\u0117s ekologi\u0161kos odos krep\u0161ys, sukurtas kasdieniam naudojimui. Erdvus vidinis t\u016bris leid\u017eia patogiai \u012fd\u0117ti visus reikalingus daiktus, o tvirta med\u017eiaga u\u017etikrina ilgaam\u017ei\u0161kum\u0105. Lakoni\u0161kas Marc Jacobs dizainas ir firminis stilius daro krep\u0161\u012f universaliu darbui, studijoms ar pasivaik\u0161\u010diojimams. Idealus pasirinkimas moterims, vertinan\u010dioms funkcionalumo ir \u0161iuolaikin\u0117s estetikos derin\u012f.<\/p>\n","protected":false},"excerpt":{"rendered":"<p>&#8222;Marc Jacobs Tote Bag&#8221; yra eleganti\u0161kas ir prakti\u0161kas auk\u0161tos kokyb\u0117s ekologi\u0161kos odos krep\u0161ys, sukurtas kasdieniam naudojimui. Erdvus vidinis t\u016bris leid\u017eia patogiai \u012fd\u0117ti visus reikalingus daiktus, o tvirta med\u017eiaga u\u017etikrina ilgaam\u017ei\u0161kum\u0105. Lakoni\u0161kas Marc Jacobs dizainas ir firminis stilius daro krep\u0161\u012f universaliu darbui, studijoms ar pasivaik\u0161\u010diojimams. Idealus pasirinkimas moterims, vertinan\u010dioms funkcionalumo ir \u0161iuolaikin\u0117s estetikos derin\u012f.<\/p>\n","protected":false},"featured_media":662167,"comment_status":"open","ping_status":"open","template":"","meta":[],"product_brand":[],"product_cat":[3264,3486],"product_tag":[],"class_list":{"0":"post-662163","1":"product","2":"type-product","3":"status-publish","4":"has-post-thumbnail","6":"product_cat-all-product","7":"product_cat-sumky","8":"pa_rozmir-21kh16","10":"first","11":"instock","12":"purchasable","13":"product-type-simple"},"_links":{"self":[{"href":"https:\/\/nextsnkr.com\/lt\/wp-json\/wp\/v2\/product\/662163","targetHints":{"allow":["GET"]}}],"collection":[{"href":"https:\/\/nextsnkr.com\/lt\/wp-json\/wp\/v2\/product"}],"about":[{"href":"https:\/\/nextsnkr.com\/lt\/wp-json\/wp\/v2\/types\/product"}],"replies":[{"embeddable":true,"href":"https:\/\/nextsnkr.com\/lt\/wp-json\/wp\/v2\/comments?post=662163"}],"version-history":[{"count":0,"href":"https:\/\/nextsnkr.com\/lt\/wp-json\/wp\/v2\/product\/662163\/revisions"}],"wp:featuredmedia":[{"embeddable":true,"href":"https:\/\/nextsnkr.com\/lt\/wp-json\/wp\/v2\/media\/662167"}],"wp:attachment":[{"href":"https:\/\/nextsnkr.com\/lt\/wp-json\/wp\/v2\/media?parent=662163"}],"wp:term":[{"taxonomy":"product_brand","embeddable":true,"href":"https:\/\/nextsnkr.com\/lt\/wp-json\/wp\/v2\/product_brand?post=662163"},{"taxonomy":"product_cat","embeddable":true,"href":"https:\/\/nextsnkr.com\/lt\/wp-json\/wp\/v2\/product_cat?post=662163"},{"taxonomy":"product_tag","embeddable":true,"href":"https:\/\/nextsnkr.com\/lt\/wp-json\/wp\/v2\/product_tag?post=662163"}],"curies":[{"name":"wp","href":"https:\/\/api.w.org\/{rel}","templated":true}]}}