{"id":656708,"date":"2025-06-14T21:43:40","date_gmt":"2025-06-14T18:43:40","guid":{"rendered":"https:\/\/nextsnkr.com\/product\/ugg-bailey-button-triplet-ii-plum-rasprodazha\/"},"modified":"2026-02-01T19:45:49","modified_gmt":"2026-02-01T16:45:49","slug":"ugg-bailey-button-triplet-ii-plum-rasprodazha","status":"publish","type":"product","link":"https:\/\/nextsnkr.com\/lt\/produktas\/ugg-bailey-button-triplet-ii-plum-rasprodazha\/","title":{"rendered":"UGG Bailey button Triplet II Plum &#8211; Zom\u0161in\u0117s moteri\u0161kos uggos su dirbtiniu kailiu"},"content":{"rendered":"<h2>UGG Bailey button Triplet II Plum &#8211; Zom\u0161in\u0117s moteri\u0161kos uggos su dirbtiniu kailiu<\/h2>\n<p>UGG Bailey Button Triplet II Plum &#8211; stilingi ir \u0161ilti Moteri\u0161ki Uggai, pagaminti i\u0161 zom\u0161os ir mink\u0161t\u0173 dirbtini\u0173 kaili\u0173, u\u017etikrinan\u010di\u0173 komfort\u0105 ir \u0161ilum\u0105 \u0161altuoju met\u0173 laiku. Turtingas Plum atspalvis prideda elegancijos ir ry\u0161kumo vaizd\u0105. Modelis turi firmines sagas patogiam sag\u010diai ir modernus dizainas. Uggs, pagaminti Australijoje, pasi\u017eymi ilgaam\u017ei\u0161kumu, mink\u0161tumu ir universalumu kasdieniam d\u0117v\u0117jimui. Idealus pasirinkimas stilingam ir jaukiam \u017eiemos \u012fvaizd\u017eiui.<\/p>\n","protected":false},"excerpt":{"rendered":"<p>UGG Bailey Button Triplet II Plum &#8211; stilingi ir \u0161ilti Moteri\u0161ki Uggai, pagaminti i\u0161 zom\u0161os ir mink\u0161t\u0173 dirbtini\u0173 kaili\u0173, u\u017etikrinan\u010di\u0173 komfort\u0105 ir \u0161ilum\u0105 \u0161altuoju met\u0173 laiku. Turtingas Plum atspalvis prideda elegancijos ir ry\u0161kumo vaizd\u0105. Modelis turi firmines sagas patogiam sag\u010diai ir modernus dizainas. Uggs, pagaminti Australijoje, pasi\u017eymi ilgaam\u017ei\u0161kumu, mink\u0161tumu ir universalumu kasdieniam d\u0117v\u0117jimui. Idealus pasirinkimas stilingam ir jaukiam \u017eiemos \u012fvaizd\u017eiui.<\/p>\n","protected":false},"featured_media":656709,"comment_status":"open","ping_status":"open","template":"","meta":[],"product_brand":[],"product_cat":[3412,3264],"product_tag":[],"class_list":{"0":"post-656708","1":"product","2":"type-product","3":"status-publish","4":"has-post-thumbnail","6":"product_cat-ugg","7":"product_cat-all-product","8":"pa_rozmir-923","9":"pa_rozmir-910","10":"pa_rozmir-912","11":"pa_rozmir-914","12":"pa_rozmir-915","13":"pa_rozmir-916","14":"pa_rozmir-917","15":"pa_rozmir-918","16":"pa_rozmir-919","17":"pa_rozmir-920","18":"pa_rozmir-921","20":"first","21":"onbackorder","22":"purchasable","23":"product-type-variable"},"_links":{"self":[{"href":"https:\/\/nextsnkr.com\/lt\/wp-json\/wp\/v2\/product\/656708","targetHints":{"allow":["GET"]}}],"collection":[{"href":"https:\/\/nextsnkr.com\/lt\/wp-json\/wp\/v2\/product"}],"about":[{"href":"https:\/\/nextsnkr.com\/lt\/wp-json\/wp\/v2\/types\/product"}],"replies":[{"embeddable":true,"href":"https:\/\/nextsnkr.com\/lt\/wp-json\/wp\/v2\/comments?post=656708"}],"version-history":[{"count":0,"href":"https:\/\/nextsnkr.com\/lt\/wp-json\/wp\/v2\/product\/656708\/revisions"}],"wp:featuredmedia":[{"embeddable":true,"href":"https:\/\/nextsnkr.com\/lt\/wp-json\/wp\/v2\/media\/656709"}],"wp:attachment":[{"href":"https:\/\/nextsnkr.com\/lt\/wp-json\/wp\/v2\/media?parent=656708"}],"wp:term":[{"taxonomy":"product_brand","embeddable":true,"href":"https:\/\/nextsnkr.com\/lt\/wp-json\/wp\/v2\/product_brand?post=656708"},{"taxonomy":"product_cat","embeddable":true,"href":"https:\/\/nextsnkr.com\/lt\/wp-json\/wp\/v2\/product_cat?post=656708"},{"taxonomy":"product_tag","embeddable":true,"href":"https:\/\/nextsnkr.com\/lt\/wp-json\/wp\/v2\/product_tag?post=656708"}],"curies":[{"name":"wp","href":"https:\/\/api.w.org\/{rel}","templated":true}]}}