{"id":653773,"date":"2025-06-16T18:46:10","date_gmt":"2025-06-16T15:46:10","guid":{"rendered":"https:\/\/nextsnkr.com\/product\/adidas-niteball-white-red\/"},"modified":"2026-02-01T19:44:16","modified_gmt":"2026-02-01T16:44:16","slug":"adidas-niteball-white-red","status":"publish","type":"product","link":"https:\/\/nextsnkr.com\/lt\/produktas\/adidas-niteball-white-red\/","title":{"rendered":"Sportiniai bateliai Adidas Niteball White \/ Red-odiniai-tekstiliniai Demisezoniniai"},"content":{"rendered":"<h2>Sportiniai bateliai Adidas Niteball White \/ Red-odiniai-tekstiliniai Demisezoniniai<\/h2>\n<p>Adidas Niteball White \/ Red sportba\u010diai pagaminti i\u0161 odos ir tekstil\u0117s tinklelio derinio, kuris u\u017etikrina komfort\u0105, tvirtum\u0105 ir stiling\u0105 i\u0161vaizd\u0105. Lengvas put\u0173 padas ir patvarus guminis padas u\u017etikrina patogum\u0105 ir patikimum\u0105 kasdien d\u0117vint. Modelis idealiai tinka demisezoniniam naudojimui ir aktyviam gyvenimo b\u016bdui. Gaminami Vietname, \u0161ie sportba\u010diai derina auk\u0161\u010diausios kokyb\u0117s, \u0161iuolaiki\u0161k\u0105 dizain\u0105 ir universali\u0105 baltai raudon\u0105 spalv\u0105 bet kokiam \u012fvaizd\u017eiui.<\/p>\n","protected":false},"excerpt":{"rendered":"<p>Adidas Niteball White \/ Red sportba\u010diai pagaminti i\u0161 odos ir tekstil\u0117s tinklelio derinio, kuris u\u017etikrina komfort\u0105, tvirtum\u0105 ir stiling\u0105 i\u0161vaizd\u0105. Lengvas put\u0173 padas ir patvarus guminis padas u\u017etikrina patogum\u0105 ir patikimum\u0105 kasdien d\u0117vint. Modelis idealiai tinka demisezoniniam naudojimui ir aktyviam gyvenimo b\u016bdui. Gaminami Vietname, \u0161ie sportba\u010diai derina auk\u0161\u010diausios kokyb\u0117s, \u0161iuolaiki\u0161k\u0105 dizain\u0105 ir universali\u0105 baltai raudon\u0105 spalv\u0105 bet kokiam \u012fvaizd\u017eiui.<\/p>\n","protected":false},"featured_media":653774,"comment_status":"open","ping_status":"open","template":"","meta":[],"product_brand":[],"product_cat":[3264,3265],"product_tag":[],"class_list":{"0":"post-653773","1":"product","2":"type-product","3":"status-publish","4":"has-post-thumbnail","6":"product_cat-all-product","7":"product_cat-krosivky","8":"pa_rozmir-910","9":"pa_rozmir-912","10":"pa_rozmir-914","11":"pa_rozmir-915","12":"pa_rozmir-916","13":"pa_rozmir-917","14":"pa_rozmir-918","15":"pa_rozmir-919","16":"pa_rozmir-920","17":"pa_rozmir-921","18":"pa_rozmir-922","20":"first","21":"onbackorder","22":"purchasable","23":"product-type-variable"},"_links":{"self":[{"href":"https:\/\/nextsnkr.com\/lt\/wp-json\/wp\/v2\/product\/653773","targetHints":{"allow":["GET"]}}],"collection":[{"href":"https:\/\/nextsnkr.com\/lt\/wp-json\/wp\/v2\/product"}],"about":[{"href":"https:\/\/nextsnkr.com\/lt\/wp-json\/wp\/v2\/types\/product"}],"replies":[{"embeddable":true,"href":"https:\/\/nextsnkr.com\/lt\/wp-json\/wp\/v2\/comments?post=653773"}],"version-history":[{"count":0,"href":"https:\/\/nextsnkr.com\/lt\/wp-json\/wp\/v2\/product\/653773\/revisions"}],"wp:featuredmedia":[{"embeddable":true,"href":"https:\/\/nextsnkr.com\/lt\/wp-json\/wp\/v2\/media\/653774"}],"wp:attachment":[{"href":"https:\/\/nextsnkr.com\/lt\/wp-json\/wp\/v2\/media?parent=653773"}],"wp:term":[{"taxonomy":"product_brand","embeddable":true,"href":"https:\/\/nextsnkr.com\/lt\/wp-json\/wp\/v2\/product_brand?post=653773"},{"taxonomy":"product_cat","embeddable":true,"href":"https:\/\/nextsnkr.com\/lt\/wp-json\/wp\/v2\/product_cat?post=653773"},{"taxonomy":"product_tag","embeddable":true,"href":"https:\/\/nextsnkr.com\/lt\/wp-json\/wp\/v2\/product_tag?post=653773"}],"curies":[{"name":"wp","href":"https:\/\/api.w.org\/{rel}","templated":true}]}}