{"id":653264,"date":"2025-06-16T18:47:45","date_gmt":"2025-06-16T15:47:45","guid":{"rendered":"https:\/\/nextsnkr.com\/product\/sale-dr-martens-jadon-beige-khutro-zastibka\/"},"modified":"2026-02-01T19:44:03","modified_gmt":"2026-02-01T16:44:03","slug":"sale-dr-martens-jadon-beige-khutro-zastibka","status":"publish","type":"product","link":"https:\/\/nextsnkr.com\/lt\/produktas\/sale-dr-martens-jadon-beige-khutro-zastibka\/","title":{"rendered":"Batai Dr.Martens Jadon Beige-lakuoti su kailiu ir u\u017esegimu"},"content":{"rendered":"<h2>Batai Dr.Martens Jadon Beige-lakuoti su kailiu ir u\u017esegimu<\/h2>\n<p>Batai Dr.Martens Jadon Beige &#8222;kailis + u\u017esegimas&#8221; yra pagaminti i\u0161 auk\u0161tos kokyb\u0117s mink\u0161tos lakuotos odos, kuri u\u017etikrina ilgaam\u017ei\u0161kum\u0105 ir stiling\u0105 i\u0161vaizd\u0105. \u0160ilti kailiai suteikia \u0161ilum\u0105 ir komfort\u0105 \u0161altuoju met\u0173 laiku, o prakti\u0161kas u\u017esegimas supaprastina d\u0117v\u0117jim\u0105. Modelis tiekiamas su papildomais rai\u0161teliais, prek\u0117s \u017eenklo paketu ir firminiais priedais. Idealus pasirinkimas tiems, kurie vertina auk\u0161\u010diausios kokyb\u0117s, komforto ir legendinio dizaino Dr.Martens.<\/p>\n","protected":false},"excerpt":{"rendered":"<p>Batai Dr.Martens Jadon Beige &#8222;kailis + u\u017esegimas&#8221; yra pagaminti i\u0161 auk\u0161tos kokyb\u0117s mink\u0161tos lakuotos odos, kuri u\u017etikrina ilgaam\u017ei\u0161kum\u0105 ir stiling\u0105 i\u0161vaizd\u0105. \u0160ilti kailiai suteikia \u0161ilum\u0105 ir komfort\u0105 \u0161altuoju met\u0173 laiku, o prakti\u0161kas u\u017esegimas supaprastina d\u0117v\u0117jim\u0105. Modelis tiekiamas su papildomais rai\u0161teliais, prek\u0117s \u017eenklo paketu ir firminiais priedais. Idealus pasirinkimas tiems, kurie vertina auk\u0161\u010diausios kokyb\u0117s, komforto ir legendinio dizaino Dr.Martens.<\/p>\n","protected":false},"featured_media":653265,"comment_status":"open","ping_status":"open","template":"","meta":[],"product_brand":[2398],"product_cat":[3621,3264,3336],"product_tag":[],"class_list":{"0":"post-653264","1":"product","2":"type-product","3":"status-publish","4":"has-post-thumbnail","6":"product_brand-dr-martens","7":"product_cat-dr-martens","8":"product_cat-all-product","9":"product_cat-cherevyky","10":"pa_rozmir-910","11":"pa_rozmir-912","12":"pa_rozmir-914","13":"pa_rozmir-915","14":"pa_rozmir-916","15":"pa_rozmir-917","16":"pa_rozmir-918","17":"pa_rozmir-919","18":"pa_rozmir-920","19":"pa_rozmir-921","20":"pa_rozmir-922","22":"first","23":"instock","24":"purchasable","25":"product-type-variable"},"_links":{"self":[{"href":"https:\/\/nextsnkr.com\/lt\/wp-json\/wp\/v2\/product\/653264","targetHints":{"allow":["GET"]}}],"collection":[{"href":"https:\/\/nextsnkr.com\/lt\/wp-json\/wp\/v2\/product"}],"about":[{"href":"https:\/\/nextsnkr.com\/lt\/wp-json\/wp\/v2\/types\/product"}],"replies":[{"embeddable":true,"href":"https:\/\/nextsnkr.com\/lt\/wp-json\/wp\/v2\/comments?post=653264"}],"version-history":[{"count":0,"href":"https:\/\/nextsnkr.com\/lt\/wp-json\/wp\/v2\/product\/653264\/revisions"}],"wp:featuredmedia":[{"embeddable":true,"href":"https:\/\/nextsnkr.com\/lt\/wp-json\/wp\/v2\/media\/653265"}],"wp:attachment":[{"href":"https:\/\/nextsnkr.com\/lt\/wp-json\/wp\/v2\/media?parent=653264"}],"wp:term":[{"taxonomy":"product_brand","embeddable":true,"href":"https:\/\/nextsnkr.com\/lt\/wp-json\/wp\/v2\/product_brand?post=653264"},{"taxonomy":"product_cat","embeddable":true,"href":"https:\/\/nextsnkr.com\/lt\/wp-json\/wp\/v2\/product_cat?post=653264"},{"taxonomy":"product_tag","embeddable":true,"href":"https:\/\/nextsnkr.com\/lt\/wp-json\/wp\/v2\/product_tag?post=653264"}],"curies":[{"name":"wp","href":"https:\/\/api.w.org\/{rel}","templated":true}]}}