{"id":653066,"date":"2025-06-16T18:48:33","date_gmt":"2025-06-16T15:48:33","guid":{"rendered":"https:\/\/nextsnkr.com\/product\/sale-dr-martens-jadon-galaxy-premium-khutro-zastibka\/"},"modified":"2026-02-01T19:43:59","modified_gmt":"2026-02-01T16:43:59","slug":"sale-dr-martens-jadon-galaxy-premium-khutro-zastibka","status":"publish","type":"product","link":"https:\/\/nextsnkr.com\/lt\/produktas\/sale-dr-martens-jadon-galaxy-premium-khutro-zastibka\/","title":{"rendered":"Batai Dr.Martens Jadon Galaxy Premium-lakuota oda, kailis"},"content":{"rendered":"<h2>Batai Dr.Martens Jadon Galaxy Premium-lakuota oda, kailis<\/h2>\n<p>Batai Dr.Martens Jadon Galaxy Premium &#8222;kailis + u\u017esegimas&#8221; derina prek\u0117s \u017eenklo kultin\u012f stili\u0173 ir auk\u0161\u010diausios kokyb\u0117s. Pagaminti i\u0161 mink\u0161tos lakuotos odos ir pa\u0161iltinti kailiais, jie u\u017etikrina komfort\u0105, \u0161ilum\u0105 ir ilgaam\u017ei\u0161kum\u0105. Modelis turi prakti\u0161k\u0105 u\u017esegim\u0105 ir papildomus rai\u0161telius idealiam nusileidimui. Jubiliejin\u0117 pakuot\u0117 ir firminiai priedai prideda vertybi\u0173. Gamyba-Vietnamas, matmenys 36-41. Dr.Martens Jadon Galaxy Premium &#8211; pasirinkimas t\u0173, kurie vertina stili\u0173, patikimum\u0105 ir auk\u0161\u010diausios kokyb\u0117s kokyb\u0119 kiekviename \u017eingsnyje.<\/p>\n","protected":false},"excerpt":{"rendered":"<p>Batai Dr.Martens Jadon Galaxy Premium &#8222;kailis + u\u017esegimas&#8221; derina prek\u0117s \u017eenklo kultin\u012f stili\u0173 ir auk\u0161\u010diausios kokyb\u0117s. Pagaminti i\u0161 mink\u0161tos lakuotos odos ir pa\u0161iltinti kailiais, jie u\u017etikrina komfort\u0105, \u0161ilum\u0105 ir ilgaam\u017ei\u0161kum\u0105. Modelis turi prakti\u0161k\u0105 u\u017esegim\u0105 ir papildomus rai\u0161telius idealiam nusileidimui. Jubiliejin\u0117 pakuot\u0117 ir firminiai priedai prideda vertybi\u0173. Gamyba-Vietnamas, matmenys 36-41. Dr.Martens Jadon Galaxy Premium &#8211; pasirinkimas t\u0173, kurie vertina stili\u0173, patikimum\u0105 ir auk\u0161\u010diausios kokyb\u0117s kokyb\u0119 kiekviename \u017eingsnyje.<\/p>\n","protected":false},"featured_media":653067,"comment_status":"open","ping_status":"open","template":"","meta":[],"product_brand":[2398],"product_cat":[3621,3264,3336],"product_tag":[],"class_list":{"0":"post-653066","1":"product","2":"type-product","3":"status-publish","4":"has-post-thumbnail","6":"product_brand-dr-martens","7":"product_cat-dr-martens","8":"product_cat-all-product","9":"product_cat-cherevyky","10":"pa_rozmir-910","11":"pa_rozmir-912","12":"pa_rozmir-914","13":"pa_rozmir-915","14":"pa_rozmir-916","15":"pa_rozmir-917","16":"pa_rozmir-918","17":"pa_rozmir-919","18":"pa_rozmir-920","19":"pa_rozmir-921","20":"pa_rozmir-922","22":"first","23":"instock","24":"purchasable","25":"product-type-variable"},"_links":{"self":[{"href":"https:\/\/nextsnkr.com\/lt\/wp-json\/wp\/v2\/product\/653066","targetHints":{"allow":["GET"]}}],"collection":[{"href":"https:\/\/nextsnkr.com\/lt\/wp-json\/wp\/v2\/product"}],"about":[{"href":"https:\/\/nextsnkr.com\/lt\/wp-json\/wp\/v2\/types\/product"}],"replies":[{"embeddable":true,"href":"https:\/\/nextsnkr.com\/lt\/wp-json\/wp\/v2\/comments?post=653066"}],"version-history":[{"count":0,"href":"https:\/\/nextsnkr.com\/lt\/wp-json\/wp\/v2\/product\/653066\/revisions"}],"wp:featuredmedia":[{"embeddable":true,"href":"https:\/\/nextsnkr.com\/lt\/wp-json\/wp\/v2\/media\/653067"}],"wp:attachment":[{"href":"https:\/\/nextsnkr.com\/lt\/wp-json\/wp\/v2\/media?parent=653066"}],"wp:term":[{"taxonomy":"product_brand","embeddable":true,"href":"https:\/\/nextsnkr.com\/lt\/wp-json\/wp\/v2\/product_brand?post=653066"},{"taxonomy":"product_cat","embeddable":true,"href":"https:\/\/nextsnkr.com\/lt\/wp-json\/wp\/v2\/product_cat?post=653066"},{"taxonomy":"product_tag","embeddable":true,"href":"https:\/\/nextsnkr.com\/lt\/wp-json\/wp\/v2\/product_tag?post=653066"}],"curies":[{"name":"wp","href":"https:\/\/api.w.org\/{rel}","templated":true}]}}