{"id":652754,"date":"2025-06-16T18:49:18","date_gmt":"2025-06-16T15:49:18","guid":{"rendered":"https:\/\/nextsnkr.com\/product\/sale-dr-martens-jadon-lv-premium-khutro-zastibka\/"},"modified":"2026-02-01T19:43:51","modified_gmt":"2026-02-01T16:43:51","slug":"sale-dr-martens-jadon-lv-premium-khutro-zastibka","status":"publish","type":"product","link":"https:\/\/nextsnkr.com\/lt\/produktas\/sale-dr-martens-jadon-lv-premium-khutro-zastibka\/","title":{"rendered":"Batai Dr.Martens Jadon LV Premium su kailiu ir u\u017esegimu"},"content":{"rendered":"<h2>Batai Dr.Martens Jadon LV Premium su kailiu ir u\u017esegimu<\/h2>\n<p>Premium Batai Dr.&#8221;Martens Jadon LV Premium&#8221; yra pagaminti i\u0161 mink\u0161tos, lygios odos ir turi kailius ir patog\u0173 u\u017esegim\u0105, u\u017etikrinant\u012f \u0161ilum\u0105 ir komfort\u0105 \u0161altu oru. Modelis turi stiling\u0105 juod\u0105 dizain\u0105, tvirt\u0105 dizain\u0105 ir papildomus rai\u0161telius individualiam sodinimui. Pagaminti Vietname, \u0161ie batai sveria 1110 g, komplektuojami su firminiu paketu, dokumentais ir priedais, derinant auk\u0161\u010diausios kokyb\u0117s prek\u0117s \u017eenklo dr stili\u0173.Martens ir prakti\u0161kumas kasdieniam d\u0117v\u0117jimui.<\/p>\n","protected":false},"excerpt":{"rendered":"<p>Premium Batai Dr.&#8221;Martens Jadon LV Premium&#8221; yra pagaminti i\u0161 mink\u0161tos, lygios odos ir turi kailius ir patog\u0173 u\u017esegim\u0105, u\u017etikrinant\u012f \u0161ilum\u0105 ir komfort\u0105 \u0161altu oru. Modelis turi stiling\u0105 juod\u0105 dizain\u0105, tvirt\u0105 dizain\u0105 ir papildomus rai\u0161telius individualiam sodinimui. Pagaminti Vietname, \u0161ie batai sveria 1110 g, komplektuojami su firminiu paketu, dokumentais ir priedais, derinant auk\u0161\u010diausios kokyb\u0117s prek\u0117s \u017eenklo dr stili\u0173.Martens ir prakti\u0161kumas kasdieniam d\u0117v\u0117jimui.<\/p>\n","protected":false},"featured_media":652755,"comment_status":"open","ping_status":"open","template":"","meta":[],"product_brand":[2398],"product_cat":[3621,3264,3336],"product_tag":[],"class_list":{"0":"post-652754","1":"product","2":"type-product","3":"status-publish","4":"has-post-thumbnail","6":"product_brand-dr-martens","7":"product_cat-dr-martens","8":"product_cat-all-product","9":"product_cat-cherevyky","10":"pa_rozmir-910","11":"pa_rozmir-912","12":"pa_rozmir-914","13":"pa_rozmir-915","14":"pa_rozmir-916","15":"pa_rozmir-917","16":"pa_rozmir-918","17":"pa_rozmir-919","18":"pa_rozmir-920","19":"pa_rozmir-921","20":"pa_rozmir-922","22":"first","23":"instock","24":"purchasable","25":"product-type-variable"},"_links":{"self":[{"href":"https:\/\/nextsnkr.com\/lt\/wp-json\/wp\/v2\/product\/652754","targetHints":{"allow":["GET"]}}],"collection":[{"href":"https:\/\/nextsnkr.com\/lt\/wp-json\/wp\/v2\/product"}],"about":[{"href":"https:\/\/nextsnkr.com\/lt\/wp-json\/wp\/v2\/types\/product"}],"replies":[{"embeddable":true,"href":"https:\/\/nextsnkr.com\/lt\/wp-json\/wp\/v2\/comments?post=652754"}],"version-history":[{"count":0,"href":"https:\/\/nextsnkr.com\/lt\/wp-json\/wp\/v2\/product\/652754\/revisions"}],"wp:featuredmedia":[{"embeddable":true,"href":"https:\/\/nextsnkr.com\/lt\/wp-json\/wp\/v2\/media\/652755"}],"wp:attachment":[{"href":"https:\/\/nextsnkr.com\/lt\/wp-json\/wp\/v2\/media?parent=652754"}],"wp:term":[{"taxonomy":"product_brand","embeddable":true,"href":"https:\/\/nextsnkr.com\/lt\/wp-json\/wp\/v2\/product_brand?post=652754"},{"taxonomy":"product_cat","embeddable":true,"href":"https:\/\/nextsnkr.com\/lt\/wp-json\/wp\/v2\/product_cat?post=652754"},{"taxonomy":"product_tag","embeddable":true,"href":"https:\/\/nextsnkr.com\/lt\/wp-json\/wp\/v2\/product_tag?post=652754"}],"curies":[{"name":"wp","href":"https:\/\/api.w.org\/{rel}","templated":true}]}}