{"id":651737,"date":"2025-06-16T18:52:36","date_gmt":"2025-06-16T15:52:36","guid":{"rendered":"https:\/\/nextsnkr.com\/product\/sale-dr-martens-jadon-white-cream-z-zastibkoiu\/"},"modified":"2026-02-01T19:43:12","modified_gmt":"2026-02-01T16:43:12","slug":"sale-dr-martens-jadon-white-cream-z-zastibkoiu","status":"publish","type":"product","link":"https:\/\/nextsnkr.com\/lt\/produktas\/sale-dr-martens-jadon-white-cream-z-zastibkoiu\/","title":{"rendered":"Batai Dr.Martens Jadon White Cream i\u0161 mink\u0161tos odos ir u\u017esegimo"},"content":{"rendered":"<h2>Batai Dr.Martens Jadon White Cream i\u0161 mink\u0161tos odos ir u\u017esegimo<\/h2>\n<p>Dr.Martens Jadon White Cream-stilingi ir tvirti mink\u0161tos odos batai su Prakti\u0161ku u\u017esegimu. Modelis pasi\u017eymi klasikiniu kreminiu atspalviu,dideliu stiprumu ir komfortu d\u0117vint. Vietname pagaminti batai turi papildomus rai\u0161telius ir prek\u0117s \u017eenklo pakuot\u0119, pabr\u0117\u017eian\u010di\u0105 auk\u0161\u010diausi\u0105 kokyb\u0119. Idealiai tinka \u0161iuolaikinio urban stiliaus k\u016brimui, jie sujungia ilgaam\u017ei\u0161kum\u0105, funkcionalum\u0105 ir atpa\u017e\u012fstam\u0105 Dr dizain\u0105.Martens.<\/p>\n","protected":false},"excerpt":{"rendered":"<p>Dr.Martens Jadon White Cream-stilingi ir tvirti mink\u0161tos odos batai su Prakti\u0161ku u\u017esegimu. Modelis pasi\u017eymi klasikiniu kreminiu atspalviu,dideliu stiprumu ir komfortu d\u0117vint. Vietname pagaminti batai turi papildomus rai\u0161telius ir prek\u0117s \u017eenklo pakuot\u0119, pabr\u0117\u017eian\u010di\u0105 auk\u0161\u010diausi\u0105 kokyb\u0119. Idealiai tinka \u0161iuolaikinio urban stiliaus k\u016brimui, jie sujungia ilgaam\u017ei\u0161kum\u0105, funkcionalum\u0105 ir atpa\u017e\u012fstam\u0105 Dr dizain\u0105.Martens.<\/p>\n","protected":false},"featured_media":651738,"comment_status":"open","ping_status":"open","template":"","meta":[],"product_brand":[2398],"product_cat":[3621,3264,3336],"product_tag":[],"class_list":{"0":"post-651737","1":"product","2":"type-product","3":"status-publish","4":"has-post-thumbnail","6":"product_brand-dr-martens","7":"product_cat-dr-martens","8":"product_cat-all-product","9":"product_cat-cherevyky","10":"pa_rozmir-910","11":"pa_rozmir-912","12":"pa_rozmir-914","13":"pa_rozmir-915","14":"pa_rozmir-916","15":"pa_rozmir-917","16":"pa_rozmir-918","17":"pa_rozmir-919","18":"pa_rozmir-920","19":"pa_rozmir-921","20":"pa_rozmir-922","22":"first","23":"instock","24":"purchasable","25":"product-type-variable"},"_links":{"self":[{"href":"https:\/\/nextsnkr.com\/lt\/wp-json\/wp\/v2\/product\/651737","targetHints":{"allow":["GET"]}}],"collection":[{"href":"https:\/\/nextsnkr.com\/lt\/wp-json\/wp\/v2\/product"}],"about":[{"href":"https:\/\/nextsnkr.com\/lt\/wp-json\/wp\/v2\/types\/product"}],"replies":[{"embeddable":true,"href":"https:\/\/nextsnkr.com\/lt\/wp-json\/wp\/v2\/comments?post=651737"}],"version-history":[{"count":0,"href":"https:\/\/nextsnkr.com\/lt\/wp-json\/wp\/v2\/product\/651737\/revisions"}],"wp:featuredmedia":[{"embeddable":true,"href":"https:\/\/nextsnkr.com\/lt\/wp-json\/wp\/v2\/media\/651738"}],"wp:attachment":[{"href":"https:\/\/nextsnkr.com\/lt\/wp-json\/wp\/v2\/media?parent=651737"}],"wp:term":[{"taxonomy":"product_brand","embeddable":true,"href":"https:\/\/nextsnkr.com\/lt\/wp-json\/wp\/v2\/product_brand?post=651737"},{"taxonomy":"product_cat","embeddable":true,"href":"https:\/\/nextsnkr.com\/lt\/wp-json\/wp\/v2\/product_cat?post=651737"},{"taxonomy":"product_tag","embeddable":true,"href":"https:\/\/nextsnkr.com\/lt\/wp-json\/wp\/v2\/product_tag?post=651737"}],"curies":[{"name":"wp","href":"https:\/\/api.w.org\/{rel}","templated":true}]}}