{"id":650028,"date":"2025-06-16T18:58:27","date_gmt":"2025-06-16T15:58:27","guid":{"rendered":"https:\/\/nextsnkr.com\/product\/new-balance-530-white-silver-2\/"},"modified":"2026-02-01T19:42:26","modified_gmt":"2026-02-01T16:42:26","slug":"new-balance-530-white-silver-2","status":"publish","type":"product","link":"https:\/\/nextsnkr.com\/lt\/produktas\/new-balance-530-white-silver-2\/","title":{"rendered":"Sportba\u010diai New Balance 530 White \/ Silver &#8211; tekstil\u0117s ir odos Vyri\u0161ki"},"content":{"rendered":"<h2>Sportba\u010diai New Balance 530 White \/ Silver &#8211; tekstil\u0117s ir odos Vyri\u0161ki<\/h2>\n<p>Sportba\u010diai &#8222;New Balance 530 White \/ Silver&#8221; &#8211; klasikinio dizaino, komforto ir ilgaam\u017ei\u0161kumo derinys. Pagaminti i\u0161 tekstil\u0117s tinklelio ir nat\u016bralios odos, jie u\u017etikrina v\u0117dinim\u0105, lengvum\u0105 ir patog\u0173 P\u0117dos sodinim\u0105. Stilingas baltos ir sidabrin\u0117s spalvos derinys daro model\u012f universal\u0173 ir lengvai derinamas su bet kokiu b\u016bdu. Nusid\u0117v\u0117jimo padas garantuoja komfort\u0105 pasivaik\u0161\u010diojimo, sporto ir aktyvaus poilsio metu. Pasirinkite &#8222;New Balance 530&#8221; &#8211; stili\u0173, kokyb\u0119 ir patikimum\u0105 kiekviename \u017eingsnyje.<\/p>\n","protected":false},"excerpt":{"rendered":"<p>Sportba\u010diai &#8222;New Balance 530 White \/ Silver&#8221; &#8211; klasikinio dizaino, komforto ir ilgaam\u017ei\u0161kumo derinys. Pagaminti i\u0161 tekstil\u0117s tinklelio ir nat\u016bralios odos, jie u\u017etikrina v\u0117dinim\u0105, lengvum\u0105 ir patog\u0173 P\u0117dos sodinim\u0105. Stilingas baltos ir sidabrin\u0117s spalvos derinys daro model\u012f universal\u0173 ir lengvai derinamas su bet kokiu b\u016bdu. Nusid\u0117v\u0117jimo padas garantuoja komfort\u0105 pasivaik\u0161\u010diojimo, sporto ir aktyvaus poilsio metu. Pasirinkite &#8222;New Balance 530&#8221; &#8211; stili\u0173, kokyb\u0119 ir patikimum\u0105 kiekviename \u017eingsnyje.<\/p>\n","protected":false},"featured_media":650029,"comment_status":"open","ping_status":"open","template":"","meta":[],"product_brand":[],"product_cat":[3264,3265],"product_tag":[],"class_list":{"0":"post-650028","1":"product","2":"type-product","3":"status-publish","4":"has-post-thumbnail","6":"product_cat-all-product","7":"product_cat-krosivky","8":"pa_rozmir-910","9":"pa_rozmir-912","10":"pa_rozmir-914","11":"pa_rozmir-915","12":"pa_rozmir-916","13":"pa_rozmir-917","14":"pa_rozmir-918","15":"pa_rozmir-919","16":"pa_rozmir-920","17":"pa_rozmir-921","18":"pa_rozmir-922","20":"first","21":"instock","22":"purchasable","23":"product-type-variable"},"_links":{"self":[{"href":"https:\/\/nextsnkr.com\/lt\/wp-json\/wp\/v2\/product\/650028","targetHints":{"allow":["GET"]}}],"collection":[{"href":"https:\/\/nextsnkr.com\/lt\/wp-json\/wp\/v2\/product"}],"about":[{"href":"https:\/\/nextsnkr.com\/lt\/wp-json\/wp\/v2\/types\/product"}],"replies":[{"embeddable":true,"href":"https:\/\/nextsnkr.com\/lt\/wp-json\/wp\/v2\/comments?post=650028"}],"version-history":[{"count":0,"href":"https:\/\/nextsnkr.com\/lt\/wp-json\/wp\/v2\/product\/650028\/revisions"}],"wp:featuredmedia":[{"embeddable":true,"href":"https:\/\/nextsnkr.com\/lt\/wp-json\/wp\/v2\/media\/650029"}],"wp:attachment":[{"href":"https:\/\/nextsnkr.com\/lt\/wp-json\/wp\/v2\/media?parent=650028"}],"wp:term":[{"taxonomy":"product_brand","embeddable":true,"href":"https:\/\/nextsnkr.com\/lt\/wp-json\/wp\/v2\/product_brand?post=650028"},{"taxonomy":"product_cat","embeddable":true,"href":"https:\/\/nextsnkr.com\/lt\/wp-json\/wp\/v2\/product_cat?post=650028"},{"taxonomy":"product_tag","embeddable":true,"href":"https:\/\/nextsnkr.com\/lt\/wp-json\/wp\/v2\/product_tag?post=650028"}],"curies":[{"name":"wp","href":"https:\/\/api.w.org\/{rel}","templated":true}]}}