{"id":649348,"date":"2025-06-14T15:15:02","date_gmt":"2025-06-14T12:15:02","guid":{"rendered":"https:\/\/nextsnkr.com\/product\/air-force-1-low-white-grey\/"},"modified":"2026-02-01T19:42:09","modified_gmt":"2026-02-01T16:42:09","slug":"air-force-1-low-white-grey","status":"publish","type":"product","link":"https:\/\/nextsnkr.com\/lt\/produktas\/air-force-1-low-white-grey\/","title":{"rendered":"Air Force 1 Low White \u2014 Grey-vyri\u0161ki odiniai stilingi sportba\u010diai"},"content":{"rendered":"<h2>Air Force 1 Low White \u2014 Grey-vyri\u0161ki odiniai stilingi sportba\u010diai<\/h2>\n<p>&#8222;Air Force 1 Low White\/Grey&#8221; yra klasikinis modelis, Pagamintas i\u0161 auk\u0161tos kokyb\u0117s nat\u016bralios odos, kuri kasdien d\u0117vi stiprum\u0105 ir komfort\u0105. Baltos ir pilkos spalvos derinys suteikia bat\u0173 universali\u0105 ir \u0161iuolaiki\u0161k\u0105 i\u0161vaizd\u0105, kuri lengvai papildys bet kok\u012f vaizd\u0105. Patogus padas u\u017etikrina nusid\u0117v\u0117jim\u0105 ir stabilum\u0105 vaik\u0161\u010diojant. \u0160ie bateliai yra puikus pasirinkimas stiling\u0173, prakti\u0161k\u0173 ir patvari\u0173 bat\u0173 gerb\u0117jams. Pasirinkite &#8222;Air Force 1 Low&#8221;, kad pabr\u0117\u017etum\u0117te savo individual\u0173 stili\u0173.<\/p>\n","protected":false},"excerpt":{"rendered":"<p>&#8222;Air Force 1 Low White\/Grey&#8221; yra klasikinis modelis, Pagamintas i\u0161 auk\u0161tos kokyb\u0117s nat\u016bralios odos, kuri kasdien d\u0117vi stiprum\u0105 ir komfort\u0105. Baltos ir pilkos spalvos derinys suteikia bat\u0173 universali\u0105 ir \u0161iuolaiki\u0161k\u0105 i\u0161vaizd\u0105, kuri lengvai papildys bet kok\u012f vaizd\u0105. Patogus padas u\u017etikrina nusid\u0117v\u0117jim\u0105 ir stabilum\u0105 vaik\u0161\u010diojant. \u0160ie bateliai yra puikus pasirinkimas stiling\u0173, prakti\u0161k\u0173 ir patvari\u0173 bat\u0173 gerb\u0117jams. Pasirinkite &#8222;Air Force 1 Low&#8221;, kad pabr\u0117\u017etum\u0117te savo individual\u0173 stili\u0173.<\/p>\n","protected":false},"featured_media":649349,"comment_status":"open","ping_status":"open","template":"","meta":[],"product_brand":[],"product_cat":[3264,3323],"product_tag":[],"class_list":{"0":"post-649348","1":"product","2":"type-product","3":"status-publish","4":"has-post-thumbnail","6":"product_cat-all-product","7":"product_cat-kedy","8":"pa_rozmir-910","9":"pa_rozmir-912","10":"pa_rozmir-914","11":"pa_rozmir-915","12":"pa_rozmir-916","13":"pa_rozmir-917","14":"pa_rozmir-918","15":"pa_rozmir-919","16":"pa_rozmir-920","17":"pa_rozmir-921","18":"pa_rozmir-922","20":"first","21":"onbackorder","22":"purchasable","23":"product-type-variable"},"_links":{"self":[{"href":"https:\/\/nextsnkr.com\/lt\/wp-json\/wp\/v2\/product\/649348","targetHints":{"allow":["GET"]}}],"collection":[{"href":"https:\/\/nextsnkr.com\/lt\/wp-json\/wp\/v2\/product"}],"about":[{"href":"https:\/\/nextsnkr.com\/lt\/wp-json\/wp\/v2\/types\/product"}],"replies":[{"embeddable":true,"href":"https:\/\/nextsnkr.com\/lt\/wp-json\/wp\/v2\/comments?post=649348"}],"version-history":[{"count":0,"href":"https:\/\/nextsnkr.com\/lt\/wp-json\/wp\/v2\/product\/649348\/revisions"}],"wp:featuredmedia":[{"embeddable":true,"href":"https:\/\/nextsnkr.com\/lt\/wp-json\/wp\/v2\/media\/649349"}],"wp:attachment":[{"href":"https:\/\/nextsnkr.com\/lt\/wp-json\/wp\/v2\/media?parent=649348"}],"wp:term":[{"taxonomy":"product_brand","embeddable":true,"href":"https:\/\/nextsnkr.com\/lt\/wp-json\/wp\/v2\/product_brand?post=649348"},{"taxonomy":"product_cat","embeddable":true,"href":"https:\/\/nextsnkr.com\/lt\/wp-json\/wp\/v2\/product_cat?post=649348"},{"taxonomy":"product_tag","embeddable":true,"href":"https:\/\/nextsnkr.com\/lt\/wp-json\/wp\/v2\/product_tag?post=649348"}],"curies":[{"name":"wp","href":"https:\/\/api.w.org\/{rel}","templated":true}]}}