{"id":648161,"date":"2025-06-14T15:19:24","date_gmt":"2025-06-14T12:19:24","guid":{"rendered":"https:\/\/nextsnkr.com\/product\/air-force-1-low\/"},"modified":"2026-02-01T19:41:25","modified_gmt":"2026-02-01T16:41:25","slug":"air-force-1-low","status":"publish","type":"product","link":"https:\/\/nextsnkr.com\/lt\/produktas\/air-force-1-low\/","title":{"rendered":"&#8222;Air Force 1 Low&#8221; k\u0117d\u0117s &#8211; stilingi kombinuoti odos ir zom\u0161os Kedai"},"content":{"rendered":"<h2>&#8222;Air Force 1 Low&#8221; k\u0117d\u0117s &#8211; stilingi kombinuoti odos ir zom\u0161os Kedai<\/h2>\n<p>&#8222;Air Force 1 Low&#8221; k\u0117d\u0117s yra pagamintos i\u0161 nat\u016bralios odos ir zom\u0161os derinio, kuris u\u017etikrina stiprum\u0105, komfort\u0105 ir malon\u0173 nusileidim\u0105 kasdienio d\u0117v\u0117jimo metu. Klasikinis siluetas ir universalus dizainas daro \u0161\u012f model\u012f idealiu miesto stiliui, treniruot\u0117ms ar aktyviems pasivaik\u0161\u010diojimams. D\u0117l patikimo pado Kedai pasi\u017eymi stabilumu ir ilgaam\u017ei\u0161kumu. Pasirinkite &#8222;Air Force 1 Low&#8221;, kad prid\u0117tum\u0117te stiliaus ir komforto vaizd\u0105.<\/p>\n","protected":false},"excerpt":{"rendered":"<p>&#8222;Air Force 1 Low&#8221; k\u0117d\u0117s yra pagamintos i\u0161 nat\u016bralios odos ir zom\u0161os derinio, kuris u\u017etikrina stiprum\u0105, komfort\u0105 ir malon\u0173 nusileidim\u0105 kasdienio d\u0117v\u0117jimo metu. Klasikinis siluetas ir universalus dizainas daro \u0161\u012f model\u012f idealiu miesto stiliui, treniruot\u0117ms ar aktyviems pasivaik\u0161\u010diojimams. D\u0117l patikimo pado Kedai pasi\u017eymi stabilumu ir ilgaam\u017ei\u0161kumu. Pasirinkite &#8222;Air Force 1 Low&#8221;, kad prid\u0117tum\u0117te stiliaus ir komforto vaizd\u0105.<\/p>\n","protected":false},"featured_media":648162,"comment_status":"open","ping_status":"open","template":"","meta":[],"product_brand":[],"product_cat":[3264,3323],"product_tag":[],"class_list":{"0":"post-648161","1":"product","2":"type-product","3":"status-publish","4":"has-post-thumbnail","6":"product_cat-all-product","7":"product_cat-kedy","8":"pa_rozmir-910","9":"pa_rozmir-912","10":"pa_rozmir-914","11":"pa_rozmir-915","12":"pa_rozmir-916","13":"pa_rozmir-917","14":"pa_rozmir-918","15":"pa_rozmir-919","16":"pa_rozmir-920","17":"pa_rozmir-921","18":"pa_rozmir-922","20":"first","21":"instock","22":"purchasable","23":"product-type-variable"},"_links":{"self":[{"href":"https:\/\/nextsnkr.com\/lt\/wp-json\/wp\/v2\/product\/648161","targetHints":{"allow":["GET"]}}],"collection":[{"href":"https:\/\/nextsnkr.com\/lt\/wp-json\/wp\/v2\/product"}],"about":[{"href":"https:\/\/nextsnkr.com\/lt\/wp-json\/wp\/v2\/types\/product"}],"replies":[{"embeddable":true,"href":"https:\/\/nextsnkr.com\/lt\/wp-json\/wp\/v2\/comments?post=648161"}],"version-history":[{"count":0,"href":"https:\/\/nextsnkr.com\/lt\/wp-json\/wp\/v2\/product\/648161\/revisions"}],"wp:featuredmedia":[{"embeddable":true,"href":"https:\/\/nextsnkr.com\/lt\/wp-json\/wp\/v2\/media\/648162"}],"wp:attachment":[{"href":"https:\/\/nextsnkr.com\/lt\/wp-json\/wp\/v2\/media?parent=648161"}],"wp:term":[{"taxonomy":"product_brand","embeddable":true,"href":"https:\/\/nextsnkr.com\/lt\/wp-json\/wp\/v2\/product_brand?post=648161"},{"taxonomy":"product_cat","embeddable":true,"href":"https:\/\/nextsnkr.com\/lt\/wp-json\/wp\/v2\/product_cat?post=648161"},{"taxonomy":"product_tag","embeddable":true,"href":"https:\/\/nextsnkr.com\/lt\/wp-json\/wp\/v2\/product_tag?post=648161"}],"curies":[{"name":"wp","href":"https:\/\/api.w.org\/{rel}","templated":true}]}}