{"id":647810,"date":"2025-06-14T15:20:36","date_gmt":"2025-06-14T12:20:36","guid":{"rendered":"https:\/\/nextsnkr.com\/product\/air-force-1-v3\/"},"modified":"2026-02-01T19:41:15","modified_gmt":"2026-02-01T16:41:15","slug":"air-force-1-v3","status":"publish","type":"product","link":"https:\/\/nextsnkr.com\/lt\/produktas\/air-force-1-v3\/","title":{"rendered":"Air Force 1 V3-odiniai vyri\u0161ki ir moteri\u0161ki"},"content":{"rendered":"<h2>Air Force 1 V3-odiniai vyri\u0161ki ir moteri\u0161ki<\/h2>\n<p>&#8222;Air Force 1 V3&#8221; yra stilingas ir universalus odos modelis, jungiantis komfort\u0105 ir ilgaam\u017ei\u0161kum\u0105. Klasikinio dizaino d\u0117ka \u0161ie sportba\u010diai lengvai \u012fsilieja \u012f bet koki\u0105 drabu\u017ei\u0173 spint\u0105, tinka tiek kasdieniniam d\u0117v\u0117jimui, tiek aktyviam poilsiui. Patvarios med\u017eiagos ir auk\u0161tos kokyb\u0117s vykdymas u\u017etikrina patikim\u0105 sodinim\u0105 ir malon\u0173 komfort\u0105 per dien\u0105. Pasirinkite &#8222;Air Force 1 V3&#8221;, kad prid\u0117tum\u0117te stili\u0173 ir pasitik\u0117jim\u0105 kiekvienu \u017eingsniu.<\/p>\n","protected":false},"excerpt":{"rendered":"<p>&#8222;Air Force 1 V3&#8221; yra stilingas ir universalus odos modelis, jungiantis komfort\u0105 ir ilgaam\u017ei\u0161kum\u0105. Klasikinio dizaino d\u0117ka \u0161ie sportba\u010diai lengvai \u012fsilieja \u012f bet koki\u0105 drabu\u017ei\u0173 spint\u0105, tinka tiek kasdieniniam d\u0117v\u0117jimui, tiek aktyviam poilsiui. Patvarios med\u017eiagos ir auk\u0161tos kokyb\u0117s vykdymas u\u017etikrina patikim\u0105 sodinim\u0105 ir malon\u0173 komfort\u0105 per dien\u0105. Pasirinkite &#8222;Air Force 1 V3&#8221;, kad prid\u0117tum\u0117te stili\u0173 ir pasitik\u0117jim\u0105 kiekvienu \u017eingsniu.<\/p>\n","protected":false},"featured_media":647811,"comment_status":"open","ping_status":"open","template":"","meta":[],"product_brand":[],"product_cat":[3264,3323],"product_tag":[],"class_list":{"0":"post-647810","1":"product","2":"type-product","3":"status-publish","4":"has-post-thumbnail","6":"product_cat-all-product","7":"product_cat-kedy","8":"pa_rozmir-910","9":"pa_rozmir-912","10":"pa_rozmir-914","11":"pa_rozmir-915","12":"pa_rozmir-916","13":"pa_rozmir-917","14":"pa_rozmir-918","15":"pa_rozmir-919","16":"pa_rozmir-920","17":"pa_rozmir-921","18":"pa_rozmir-922","20":"first","21":"instock","22":"purchasable","23":"product-type-variable"},"_links":{"self":[{"href":"https:\/\/nextsnkr.com\/lt\/wp-json\/wp\/v2\/product\/647810","targetHints":{"allow":["GET"]}}],"collection":[{"href":"https:\/\/nextsnkr.com\/lt\/wp-json\/wp\/v2\/product"}],"about":[{"href":"https:\/\/nextsnkr.com\/lt\/wp-json\/wp\/v2\/types\/product"}],"replies":[{"embeddable":true,"href":"https:\/\/nextsnkr.com\/lt\/wp-json\/wp\/v2\/comments?post=647810"}],"version-history":[{"count":0,"href":"https:\/\/nextsnkr.com\/lt\/wp-json\/wp\/v2\/product\/647810\/revisions"}],"wp:featuredmedia":[{"embeddable":true,"href":"https:\/\/nextsnkr.com\/lt\/wp-json\/wp\/v2\/media\/647811"}],"wp:attachment":[{"href":"https:\/\/nextsnkr.com\/lt\/wp-json\/wp\/v2\/media?parent=647810"}],"wp:term":[{"taxonomy":"product_brand","embeddable":true,"href":"https:\/\/nextsnkr.com\/lt\/wp-json\/wp\/v2\/product_brand?post=647810"},{"taxonomy":"product_cat","embeddable":true,"href":"https:\/\/nextsnkr.com\/lt\/wp-json\/wp\/v2\/product_cat?post=647810"},{"taxonomy":"product_tag","embeddable":true,"href":"https:\/\/nextsnkr.com\/lt\/wp-json\/wp\/v2\/product_tag?post=647810"}],"curies":[{"name":"wp","href":"https:\/\/api.w.org\/{rel}","templated":true}]}}