{"id":647640,"date":"2025-06-14T15:21:09","date_gmt":"2025-06-14T12:21:09","guid":{"rendered":"https:\/\/nextsnkr.com\/product\/air-force-shadow-white-light-pink\/"},"modified":"2026-02-01T19:41:11","modified_gmt":"2026-02-01T16:41:11","slug":"air-force-shadow-white-light-pink","status":"publish","type":"product","link":"https:\/\/nextsnkr.com\/lt\/produktas\/air-force-shadow-white-light-pink\/","title":{"rendered":"Batai Air Force Shadow white &#8211; light Pink-stilingi odiniai sportba\u010diai"},"content":{"rendered":"<h2>Batai Air Force Shadow white &#8211; light Pink-stilingi odiniai sportba\u010diai<\/h2>\n<p>&#8222;Air Force Shadow White \/ Light Pink&#8221; gaminami i\u0161 kokybi\u0161kos odos, u\u017etikrinan\u010dios komfort\u0105, patvarum\u0105 ir patraukli\u0105 i\u0161vaizd\u0105. \u0160velnus baltos ir \u0161viesiai ro\u017ein\u0117s spalvos derinys daro model\u012f universaliu kasdieniams vaizdams. D\u0117l patikimo pado ir patogaus sodinimo \u0161ie sportba\u010diai Idealiai tinka aktyviam miesto ritmui. Pagaminta Vietname yra stilingas ir prakti\u0161kas pasirinkimas kasdieniam d\u0117v\u0117jimui.<\/p>\n","protected":false},"excerpt":{"rendered":"<p>&#8222;Air Force Shadow White \/ Light Pink&#8221; gaminami i\u0161 kokybi\u0161kos odos, u\u017etikrinan\u010dios komfort\u0105, patvarum\u0105 ir patraukli\u0105 i\u0161vaizd\u0105. \u0160velnus baltos ir \u0161viesiai ro\u017ein\u0117s spalvos derinys daro model\u012f universaliu kasdieniams vaizdams. D\u0117l patikimo pado ir patogaus sodinimo \u0161ie sportba\u010diai Idealiai tinka aktyviam miesto ritmui. Pagaminta Vietname yra stilingas ir prakti\u0161kas pasirinkimas kasdieniam d\u0117v\u0117jimui.<\/p>\n","protected":false},"featured_media":647641,"comment_status":"open","ping_status":"open","template":"","meta":[],"product_brand":[],"product_cat":[3264,3323],"product_tag":[],"class_list":{"0":"post-647640","1":"product","2":"type-product","3":"status-publish","4":"has-post-thumbnail","6":"product_cat-all-product","7":"product_cat-kedy","8":"pa_rozmir-910","9":"pa_rozmir-912","10":"pa_rozmir-914","11":"pa_rozmir-915","12":"pa_rozmir-916","13":"pa_rozmir-917","14":"pa_rozmir-918","15":"pa_rozmir-919","16":"pa_rozmir-920","17":"pa_rozmir-921","18":"pa_rozmir-922","20":"first","21":"instock","22":"purchasable","23":"product-type-variable"},"_links":{"self":[{"href":"https:\/\/nextsnkr.com\/lt\/wp-json\/wp\/v2\/product\/647640","targetHints":{"allow":["GET"]}}],"collection":[{"href":"https:\/\/nextsnkr.com\/lt\/wp-json\/wp\/v2\/product"}],"about":[{"href":"https:\/\/nextsnkr.com\/lt\/wp-json\/wp\/v2\/types\/product"}],"replies":[{"embeddable":true,"href":"https:\/\/nextsnkr.com\/lt\/wp-json\/wp\/v2\/comments?post=647640"}],"version-history":[{"count":0,"href":"https:\/\/nextsnkr.com\/lt\/wp-json\/wp\/v2\/product\/647640\/revisions"}],"wp:featuredmedia":[{"embeddable":true,"href":"https:\/\/nextsnkr.com\/lt\/wp-json\/wp\/v2\/media\/647641"}],"wp:attachment":[{"href":"https:\/\/nextsnkr.com\/lt\/wp-json\/wp\/v2\/media?parent=647640"}],"wp:term":[{"taxonomy":"product_brand","embeddable":true,"href":"https:\/\/nextsnkr.com\/lt\/wp-json\/wp\/v2\/product_brand?post=647640"},{"taxonomy":"product_cat","embeddable":true,"href":"https:\/\/nextsnkr.com\/lt\/wp-json\/wp\/v2\/product_cat?post=647640"},{"taxonomy":"product_tag","embeddable":true,"href":"https:\/\/nextsnkr.com\/lt\/wp-json\/wp\/v2\/product_tag?post=647640"}],"curies":[{"name":"wp","href":"https:\/\/api.w.org\/{rel}","templated":true}]}}