{"id":645069,"date":"2025-06-14T15:30:18","date_gmt":"2025-06-14T12:30:18","guid":{"rendered":"https:\/\/nextsnkr.com\/product\/air-force-shadow-candy-bonbon\/"},"modified":"2026-02-01T19:39:49","modified_gmt":"2026-02-01T16:39:49","slug":"air-force-shadow-candy-bonbon","status":"publish","type":"product","link":"https:\/\/nextsnkr.com\/lt\/produktas\/air-force-shadow-candy-bonbon\/","title":{"rendered":"&#8222;Candy Bonbon&#8221; &#8211; stilingi moteri\u0161ki sportba\u010diai"},"content":{"rendered":"<h2>&#8222;Candy Bonbon&#8221; &#8211; stilingi moteri\u0161ki sportba\u010diai<\/h2>\n<p>\u041a\u0435\u0434\u044b Air Force Shadow &#8222;Candy Bonbon&#8221; &#8211; ry\u0161kus ir tendencijos moteri\u0161kas storulis su originaliu keli\u0173 sluoksni\u0173 projektavimo \u043a\u043e\u043d\u0444\u0435\u0442\u043d\u044b\u0445 \u043e\u0442\u0442\u0435\u043d\u043a\u0430\u0445. Modelis pasi\u017eymi patogiu sodinimu, lengvu dizainu ir patikimu padu, u\u017etikrinan\u010diu malon\u0173 nusid\u0117v\u0117jim\u0105 vaik\u0161\u010diojant. Pagamintas Kinijoje, \u0161ie sneakers idealiai kas papildo stilingas kasdienius vaizdus ir taps sutelkiant d\u0117mes\u012f \u012f \u0433\u0430\u0440\u0434\u0435\u0440\u043e\u0431\u0435. Puikus pasirinkimas mados \u017einov\u0173, ry\u0161ki\u0173 sprendim\u0173.<\/p>\n","protected":false},"excerpt":{"rendered":"<p>\u041a\u0435\u0434\u044b Air Force Shadow &#8222;Candy Bonbon&#8221; &#8211; ry\u0161kus ir tendencijos moteri\u0161kas storulis su originaliu keli\u0173 sluoksni\u0173 projektavimo \u043a\u043e\u043d\u0444\u0435\u0442\u043d\u044b\u0445 \u043e\u0442\u0442\u0435\u043d\u043a\u0430\u0445. Modelis pasi\u017eymi patogiu sodinimu, lengvu dizainu ir patikimu padu, u\u017etikrinan\u010diu malon\u0173 nusid\u0117v\u0117jim\u0105 vaik\u0161\u010diojant. Pagamintas Kinijoje, \u0161ie sneakers idealiai kas papildo stilingas kasdienius vaizdus ir taps sutelkiant d\u0117mes\u012f \u012f \u0433\u0430\u0440\u0434\u0435\u0440\u043e\u0431\u0435. Puikus pasirinkimas mados \u017einov\u0173, ry\u0161ki\u0173 sprendim\u0173.<\/p>\n","protected":false},"featured_media":645070,"comment_status":"open","ping_status":"open","template":"","meta":[],"product_brand":[],"product_cat":[3264,3323],"product_tag":[],"class_list":{"0":"post-645069","1":"product","2":"type-product","3":"status-publish","4":"has-post-thumbnail","6":"product_cat-all-product","7":"product_cat-kedy","8":"pa_rozmir-910","9":"pa_rozmir-912","10":"pa_rozmir-914","11":"pa_rozmir-915","12":"pa_rozmir-916","13":"pa_rozmir-917","14":"pa_rozmir-918","15":"pa_rozmir-919","16":"pa_rozmir-920","17":"pa_rozmir-921","18":"pa_rozmir-922","20":"first","21":"onbackorder","22":"purchasable","23":"product-type-variable"},"_links":{"self":[{"href":"https:\/\/nextsnkr.com\/lt\/wp-json\/wp\/v2\/product\/645069","targetHints":{"allow":["GET"]}}],"collection":[{"href":"https:\/\/nextsnkr.com\/lt\/wp-json\/wp\/v2\/product"}],"about":[{"href":"https:\/\/nextsnkr.com\/lt\/wp-json\/wp\/v2\/types\/product"}],"replies":[{"embeddable":true,"href":"https:\/\/nextsnkr.com\/lt\/wp-json\/wp\/v2\/comments?post=645069"}],"version-history":[{"count":0,"href":"https:\/\/nextsnkr.com\/lt\/wp-json\/wp\/v2\/product\/645069\/revisions"}],"wp:featuredmedia":[{"embeddable":true,"href":"https:\/\/nextsnkr.com\/lt\/wp-json\/wp\/v2\/media\/645070"}],"wp:attachment":[{"href":"https:\/\/nextsnkr.com\/lt\/wp-json\/wp\/v2\/media?parent=645069"}],"wp:term":[{"taxonomy":"product_brand","embeddable":true,"href":"https:\/\/nextsnkr.com\/lt\/wp-json\/wp\/v2\/product_brand?post=645069"},{"taxonomy":"product_cat","embeddable":true,"href":"https:\/\/nextsnkr.com\/lt\/wp-json\/wp\/v2\/product_cat?post=645069"},{"taxonomy":"product_tag","embeddable":true,"href":"https:\/\/nextsnkr.com\/lt\/wp-json\/wp\/v2\/product_tag?post=645069"}],"curies":[{"name":"wp","href":"https:\/\/api.w.org\/{rel}","templated":true}]}}