{"id":644730,"date":"2025-06-14T15:31:28","date_gmt":"2025-06-14T12:31:28","guid":{"rendered":"https:\/\/nextsnkr.com\/product\/air-force-1-white-pink\/"},"modified":"2026-02-01T19:39:40","modified_gmt":"2026-02-01T16:39:40","slug":"air-force-1-white-pink","status":"publish","type":"product","link":"https:\/\/nextsnkr.com\/lt\/produktas\/air-force-1-white-pink\/","title":{"rendered":"&#8222;Air Force 1 White \u2014 Pink&#8221; &#8211; stilingi odiniai sportba\u010diai balta ir ro\u017ein\u0117"},"content":{"rendered":"<h2>&#8222;Air Force 1 White \u2014 Pink&#8221; &#8211; stilingi odiniai sportba\u010diai balta ir ro\u017ein\u0117<\/h2>\n<p>&#8222;Air Force 1 White\/Pink&#8221; &#8211; klasikinis modelis, akcentuojantis stili\u0173 ir komfort\u0105. Pagaminti i\u0161 auk\u0161tos kokyb\u0117s nat\u016bralios odos, jie u\u017etikrina ilgaam\u017ei\u0161kum\u0105 ir patogum\u0105 kasdienio d\u0117v\u0117jimo metu. Baltos ir ro\u017ein\u0117s spalvos kontrastas prideda \u0161vie\u017eumo ir originalumo vaizd\u0105. D\u0117l patogaus pado ir patikimos fiksacijos \u0161ie sportba\u010diai tinka pasivaik\u0161\u010diojimams, studijoms ar aktyviam poilsiui. Pasirinkite &#8222;Air Force 1 white \/ Pink&#8221;, kad suderintum\u0117te stili\u0173 ir prakti\u0161kum\u0105. Kodas: N00122-314274.<\/p>\n","protected":false},"excerpt":{"rendered":"<p>&#8222;Air Force 1 White\/Pink&#8221; &#8211; klasikinis modelis, akcentuojantis stili\u0173 ir komfort\u0105. Pagaminti i\u0161 auk\u0161tos kokyb\u0117s nat\u016bralios odos, jie u\u017etikrina ilgaam\u017ei\u0161kum\u0105 ir patogum\u0105 kasdienio d\u0117v\u0117jimo metu. Baltos ir ro\u017ein\u0117s spalvos kontrastas prideda \u0161vie\u017eumo ir originalumo vaizd\u0105. D\u0117l patogaus pado ir patikimos fiksacijos \u0161ie sportba\u010diai tinka pasivaik\u0161\u010diojimams, studijoms ar aktyviam poilsiui. Pasirinkite &#8222;Air Force 1 white \/ Pink&#8221;, kad suderintum\u0117te stili\u0173 ir prakti\u0161kum\u0105. Kodas: N00122-314274.<\/p>\n","protected":false},"featured_media":644731,"comment_status":"open","ping_status":"open","template":"","meta":[],"product_brand":[],"product_cat":[3264,3323],"product_tag":[],"class_list":{"0":"post-644730","1":"product","2":"type-product","3":"status-publish","4":"has-post-thumbnail","6":"product_cat-all-product","7":"product_cat-kedy","8":"pa_rozmir-910","9":"pa_rozmir-912","10":"pa_rozmir-914","11":"pa_rozmir-915","12":"pa_rozmir-916","13":"pa_rozmir-917","14":"pa_rozmir-918","15":"pa_rozmir-919","16":"pa_rozmir-920","17":"pa_rozmir-921","18":"pa_rozmir-922","20":"first","21":"instock","22":"purchasable","23":"product-type-variable"},"_links":{"self":[{"href":"https:\/\/nextsnkr.com\/lt\/wp-json\/wp\/v2\/product\/644730","targetHints":{"allow":["GET"]}}],"collection":[{"href":"https:\/\/nextsnkr.com\/lt\/wp-json\/wp\/v2\/product"}],"about":[{"href":"https:\/\/nextsnkr.com\/lt\/wp-json\/wp\/v2\/types\/product"}],"replies":[{"embeddable":true,"href":"https:\/\/nextsnkr.com\/lt\/wp-json\/wp\/v2\/comments?post=644730"}],"version-history":[{"count":0,"href":"https:\/\/nextsnkr.com\/lt\/wp-json\/wp\/v2\/product\/644730\/revisions"}],"wp:featuredmedia":[{"embeddable":true,"href":"https:\/\/nextsnkr.com\/lt\/wp-json\/wp\/v2\/media\/644731"}],"wp:attachment":[{"href":"https:\/\/nextsnkr.com\/lt\/wp-json\/wp\/v2\/media?parent=644730"}],"wp:term":[{"taxonomy":"product_brand","embeddable":true,"href":"https:\/\/nextsnkr.com\/lt\/wp-json\/wp\/v2\/product_brand?post=644730"},{"taxonomy":"product_cat","embeddable":true,"href":"https:\/\/nextsnkr.com\/lt\/wp-json\/wp\/v2\/product_cat?post=644730"},{"taxonomy":"product_tag","embeddable":true,"href":"https:\/\/nextsnkr.com\/lt\/wp-json\/wp\/v2\/product_tag?post=644730"}],"curies":[{"name":"wp","href":"https:\/\/api.w.org\/{rel}","templated":true}]}}