{"id":643680,"date":"2025-06-14T15:33:53","date_gmt":"2025-06-14T12:33:53","guid":{"rendered":"https:\/\/nextsnkr.com\/product\/cr-dior-sandal-brown\/"},"modified":"2026-02-01T19:39:13","modified_gmt":"2026-02-01T16:39:13","slug":"cr-dior-sandal-brown","status":"publish","type":"product","link":"https:\/\/nextsnkr.com\/lt\/produktas\/cr-dior-sandal-brown\/","title":{"rendered":"\u0160lepet\u0117s Cr. Dior Sandal Brown-rudos tekstil\u0117s moteri\u0161kos \u0161lepet\u0117s"},"content":{"rendered":"<h2>\u0160lepet\u0117s Cr. Dior Sandal Brown-rudos tekstil\u0117s moteri\u0161kos \u0161lepet\u0117s<\/h2>\n<p>\u0160lepet\u0117s Cr. &#8222;Dior Sandal Brown&#8221; &#8211; stilingi ir patog\u016bs batai kasdieniam d\u0117v\u0117jimui namuose ar atostogose. Pagaminti i\u0161 mink\u0161tos tekstil\u0117s, jie suteikia komfort\u0105 ir malonius poj\u016b\u010dius vaik\u0161\u010diojant. Lengva konstrukcija ir universali ruda spalva daro \u0161lepetes prakti\u0161komis ir eleganti\u0161komis tuo pa\u010diu metu. Modelis pagamintas Pranc\u016bzijoje (i\u0161 tikr\u0173j\u0173 Kinijoje), ta\u010diau atitinka auk\u0161tus kokyb\u0117s standartus. Pasirinkite Cr. Dior Sandal Brown suderinti komfort\u0105, stili\u0173 ir patogum\u0105 kiekviename \u017eingsnyje.<\/p>\n","protected":false},"excerpt":{"rendered":"<p>\u0160lepet\u0117s Cr. &#8222;Dior Sandal Brown&#8221; &#8211; stilingi ir patog\u016bs batai kasdieniam d\u0117v\u0117jimui namuose ar atostogose. Pagaminti i\u0161 mink\u0161tos tekstil\u0117s, jie suteikia komfort\u0105 ir malonius poj\u016b\u010dius vaik\u0161\u010diojant. Lengva konstrukcija ir universali ruda spalva daro \u0161lepetes prakti\u0161komis ir eleganti\u0161komis tuo pa\u010diu metu. Modelis pagamintas Pranc\u016bzijoje (i\u0161 tikr\u0173j\u0173 Kinijoje), ta\u010diau atitinka auk\u0161tus kokyb\u0117s standartus. Pasirinkite Cr. Dior Sandal Brown suderinti komfort\u0105, stili\u0173 ir patogum\u0105 kiekviename \u017eingsnyje.<\/p>\n","protected":false},"featured_media":643684,"comment_status":"open","ping_status":"open","template":"","meta":[],"product_brand":[],"product_cat":[3264,3425],"product_tag":[],"class_list":{"0":"post-643680","1":"product","2":"type-product","3":"status-publish","4":"has-post-thumbnail","6":"product_cat-all-product","7":"product_cat-shlopantsi","8":"pa_rozmir-910","9":"pa_rozmir-912","10":"pa_rozmir-914","11":"pa_rozmir-915","12":"pa_rozmir-916","13":"pa_rozmir-917","14":"pa_rozmir-918","15":"pa_rozmir-919","16":"pa_rozmir-920","17":"pa_rozmir-921","18":"pa_rozmir-922","20":"first","21":"instock","22":"purchasable","23":"product-type-variable"},"_links":{"self":[{"href":"https:\/\/nextsnkr.com\/lt\/wp-json\/wp\/v2\/product\/643680","targetHints":{"allow":["GET"]}}],"collection":[{"href":"https:\/\/nextsnkr.com\/lt\/wp-json\/wp\/v2\/product"}],"about":[{"href":"https:\/\/nextsnkr.com\/lt\/wp-json\/wp\/v2\/types\/product"}],"replies":[{"embeddable":true,"href":"https:\/\/nextsnkr.com\/lt\/wp-json\/wp\/v2\/comments?post=643680"}],"version-history":[{"count":0,"href":"https:\/\/nextsnkr.com\/lt\/wp-json\/wp\/v2\/product\/643680\/revisions"}],"wp:featuredmedia":[{"embeddable":true,"href":"https:\/\/nextsnkr.com\/lt\/wp-json\/wp\/v2\/media\/643684"}],"wp:attachment":[{"href":"https:\/\/nextsnkr.com\/lt\/wp-json\/wp\/v2\/media?parent=643680"}],"wp:term":[{"taxonomy":"product_brand","embeddable":true,"href":"https:\/\/nextsnkr.com\/lt\/wp-json\/wp\/v2\/product_brand?post=643680"},{"taxonomy":"product_cat","embeddable":true,"href":"https:\/\/nextsnkr.com\/lt\/wp-json\/wp\/v2\/product_cat?post=643680"},{"taxonomy":"product_tag","embeddable":true,"href":"https:\/\/nextsnkr.com\/lt\/wp-json\/wp\/v2\/product_tag?post=643680"}],"curies":[{"name":"wp","href":"https:\/\/api.w.org\/{rel}","templated":true}]}}