{"id":642866,"date":"2025-06-14T15:35:37","date_gmt":"2025-06-14T12:35:37","guid":{"rendered":"https:\/\/nextsnkr.com\/product\/dior-dway-slippers-blue\/"},"modified":"2026-02-01T19:38:51","modified_gmt":"2026-02-01T16:38:51","slug":"dior-dway-slippers-blue","status":"publish","type":"product","link":"https:\/\/nextsnkr.com\/lt\/produktas\/dior-dway-slippers-blue\/","title":{"rendered":"Dior dway slippers Blue \u0161lepet\u0117s &#8211; moteri\u0161kos odos ir tekstil\u0117s \u0161lepet\u0117s"},"content":{"rendered":"<h2>Dior dway slippers Blue \u0161lepet\u0117s &#8211; moteri\u0161kos odos ir tekstil\u0117s \u0161lepet\u0117s<\/h2>\n<p>Eleganti\u0161kos \u0161lepet\u0117s &#8222;Dior Dway slippers Blue&#8221; sukurtos komforto ir eleganti\u0161ko stiliaus \u017einov\u0117ms. Auk\u0161tos kokyb\u0117s odos ir patvarios tekstil\u0117s derinys u\u017etikrina patogum\u0105, ilgaam\u017ei\u0161kum\u0105 ir malon\u0173 poj\u016bt\u012f d\u0117vint. Stilingas m\u0117lynas dizainas su Dior akcentais prideda \u017eavesio ir elegancijos \u012fvaizd\u012f. Idealus pasirinkimas nam\u0173 jaukumui ar stilingiems vasaros vaizdams.<\/p>\n","protected":false},"excerpt":{"rendered":"<p>Eleganti\u0161kos \u0161lepet\u0117s &#8222;Dior Dway slippers Blue&#8221; sukurtos komforto ir eleganti\u0161ko stiliaus \u017einov\u0117ms. Auk\u0161tos kokyb\u0117s odos ir patvarios tekstil\u0117s derinys u\u017etikrina patogum\u0105, ilgaam\u017ei\u0161kum\u0105 ir malon\u0173 poj\u016bt\u012f d\u0117vint. Stilingas m\u0117lynas dizainas su Dior akcentais prideda \u017eavesio ir elegancijos \u012fvaizd\u012f. Idealus pasirinkimas nam\u0173 jaukumui ar stilingiems vasaros vaizdams.<\/p>\n","protected":false},"featured_media":642867,"comment_status":"open","ping_status":"open","template":"","meta":[],"product_brand":[],"product_cat":[3264,3425],"product_tag":[],"class_list":{"0":"post-642866","1":"product","2":"type-product","3":"status-publish","4":"has-post-thumbnail","6":"product_cat-all-product","7":"product_cat-shlopantsi","8":"pa_rozmir-910","9":"pa_rozmir-912","10":"pa_rozmir-914","11":"pa_rozmir-915","12":"pa_rozmir-916","13":"pa_rozmir-917","14":"pa_rozmir-918","15":"pa_rozmir-919","16":"pa_rozmir-920","17":"pa_rozmir-921","18":"pa_rozmir-922","20":"first","21":"instock","22":"purchasable","23":"product-type-variable"},"_links":{"self":[{"href":"https:\/\/nextsnkr.com\/lt\/wp-json\/wp\/v2\/product\/642866","targetHints":{"allow":["GET"]}}],"collection":[{"href":"https:\/\/nextsnkr.com\/lt\/wp-json\/wp\/v2\/product"}],"about":[{"href":"https:\/\/nextsnkr.com\/lt\/wp-json\/wp\/v2\/types\/product"}],"replies":[{"embeddable":true,"href":"https:\/\/nextsnkr.com\/lt\/wp-json\/wp\/v2\/comments?post=642866"}],"version-history":[{"count":0,"href":"https:\/\/nextsnkr.com\/lt\/wp-json\/wp\/v2\/product\/642866\/revisions"}],"wp:featuredmedia":[{"embeddable":true,"href":"https:\/\/nextsnkr.com\/lt\/wp-json\/wp\/v2\/media\/642867"}],"wp:attachment":[{"href":"https:\/\/nextsnkr.com\/lt\/wp-json\/wp\/v2\/media?parent=642866"}],"wp:term":[{"taxonomy":"product_brand","embeddable":true,"href":"https:\/\/nextsnkr.com\/lt\/wp-json\/wp\/v2\/product_brand?post=642866"},{"taxonomy":"product_cat","embeddable":true,"href":"https:\/\/nextsnkr.com\/lt\/wp-json\/wp\/v2\/product_cat?post=642866"},{"taxonomy":"product_tag","embeddable":true,"href":"https:\/\/nextsnkr.com\/lt\/wp-json\/wp\/v2\/product_tag?post=642866"}],"curies":[{"name":"wp","href":"https:\/\/api.w.org\/{rel}","templated":true}]}}