{"id":642669,"date":"2025-06-14T15:36:16","date_gmt":"2025-06-14T12:36:16","guid":{"rendered":"https:\/\/nextsnkr.com\/product\/cr-dior-sandal-black\/"},"modified":"2026-02-01T19:38:47","modified_gmt":"2026-02-01T16:38:47","slug":"cr-dior-sandal-black","status":"publish","type":"product","link":"https:\/\/nextsnkr.com\/lt\/produktas\/cr-dior-sandal-black\/","title":{"rendered":"\u0160lepet\u0117s Cr. &#8222;Dior Sandal Black&#8221; &#8211; stilingi tekstil\u0117s odos \u0161lepet\u0117s"},"content":{"rendered":"<h2>\u0160lepet\u0117s Cr. &#8222;Dior Sandal Black&#8221; &#8211; stilingi tekstil\u0117s odos \u0161lepet\u0117s<\/h2>\n<p>\u0160lepet\u0117s Cr. &#8222;Dior Sandal Black&#8221; yra pagamintas i\u0161 tekstil\u0117s ir odos derinio, kuris u\u017etikrina komfort\u0105, patogum\u0105 ir ilgaam\u017ei\u0161kum\u0105. Modelis turi eleganti\u0161k\u0105 juod\u0105 dizain\u0105, kuris pabr\u0117\u017eia stili\u0173 ir daro \u0161lepetes universalias kasdieniam d\u0117v\u0117jimui namuose ar atostogose. Lengva konstrukcija u\u017etikrina jud\u0117jimo laisv\u0119, o kokybi\u0161kos med\u017eiagos vis\u0105 dien\u0105 palaiko komfort\u0105. Idealus pasirinkimas tiems, kurie vertina komforto ir mados dizaino derin\u012f.<\/p>\n","protected":false},"excerpt":{"rendered":"<p>\u0160lepet\u0117s Cr. &#8222;Dior Sandal Black&#8221; yra pagamintas i\u0161 tekstil\u0117s ir odos derinio, kuris u\u017etikrina komfort\u0105, patogum\u0105 ir ilgaam\u017ei\u0161kum\u0105. Modelis turi eleganti\u0161k\u0105 juod\u0105 dizain\u0105, kuris pabr\u0117\u017eia stili\u0173 ir daro \u0161lepetes universalias kasdieniam d\u0117v\u0117jimui namuose ar atostogose. Lengva konstrukcija u\u017etikrina jud\u0117jimo laisv\u0119, o kokybi\u0161kos med\u017eiagos vis\u0105 dien\u0105 palaiko komfort\u0105. Idealus pasirinkimas tiems, kurie vertina komforto ir mados dizaino derin\u012f.<\/p>\n","protected":false},"featured_media":642671,"comment_status":"open","ping_status":"open","template":"","meta":[],"product_brand":[],"product_cat":[3264,3425],"product_tag":[],"class_list":{"0":"post-642669","1":"product","2":"type-product","3":"status-publish","4":"has-post-thumbnail","6":"product_cat-all-product","7":"product_cat-shlopantsi","8":"pa_rozmir-910","9":"pa_rozmir-912","10":"pa_rozmir-914","11":"pa_rozmir-915","12":"pa_rozmir-916","13":"pa_rozmir-917","14":"pa_rozmir-918","15":"pa_rozmir-919","16":"pa_rozmir-920","17":"pa_rozmir-921","18":"pa_rozmir-922","20":"first","21":"instock","22":"purchasable","23":"product-type-variable"},"_links":{"self":[{"href":"https:\/\/nextsnkr.com\/lt\/wp-json\/wp\/v2\/product\/642669","targetHints":{"allow":["GET"]}}],"collection":[{"href":"https:\/\/nextsnkr.com\/lt\/wp-json\/wp\/v2\/product"}],"about":[{"href":"https:\/\/nextsnkr.com\/lt\/wp-json\/wp\/v2\/types\/product"}],"replies":[{"embeddable":true,"href":"https:\/\/nextsnkr.com\/lt\/wp-json\/wp\/v2\/comments?post=642669"}],"version-history":[{"count":0,"href":"https:\/\/nextsnkr.com\/lt\/wp-json\/wp\/v2\/product\/642669\/revisions"}],"wp:featuredmedia":[{"embeddable":true,"href":"https:\/\/nextsnkr.com\/lt\/wp-json\/wp\/v2\/media\/642671"}],"wp:attachment":[{"href":"https:\/\/nextsnkr.com\/lt\/wp-json\/wp\/v2\/media?parent=642669"}],"wp:term":[{"taxonomy":"product_brand","embeddable":true,"href":"https:\/\/nextsnkr.com\/lt\/wp-json\/wp\/v2\/product_brand?post=642669"},{"taxonomy":"product_cat","embeddable":true,"href":"https:\/\/nextsnkr.com\/lt\/wp-json\/wp\/v2\/product_cat?post=642669"},{"taxonomy":"product_tag","embeddable":true,"href":"https:\/\/nextsnkr.com\/lt\/wp-json\/wp\/v2\/product_tag?post=642669"}],"curies":[{"name":"wp","href":"https:\/\/api.w.org\/{rel}","templated":true}]}}