{"id":639441,"date":"2025-06-19T22:26:19","date_gmt":"2025-06-19T19:26:19","guid":{"rendered":"https:\/\/nextsnkr.com\/product\/lv-trainer-black\/"},"modified":"2026-02-01T19:37:03","modified_gmt":"2026-02-01T16:37:03","slug":"lv-trainer-black","status":"publish","type":"product","link":"https:\/\/nextsnkr.com\/lt\/produktas\/lv-trainer-black\/","title":{"rendered":"LV Trainer Black sportiniai bateliai i\u0161 nat\u016bralios odos stilingam kasdieniam gyvenimui"},"content":{"rendered":"<h2>LV Trainer Black sportiniai bateliai i\u0161 nat\u016bralios odos stilingam kasdieniam gyvenimui<\/h2>\n<p>&#8222;LV Trainer Black&#8221; Kedai derina eleganti\u0161k\u0105 dizain\u0105 ir komfort\u0105. Pagaminti i\u0161 auk\u0161tos kokyb\u0117s nat\u016bralios odos, jie u\u017etikrina ilgaam\u017ei\u0161kum\u0105 ir lengvumo jausm\u0105 d\u0117vint. Prek\u0117s \u017eenklas Louis Vuitton garantuoja auk\u0161\u010diausios kokyb\u0117s i\u0161vaizd\u0105 ir modern\u0173 stili\u0173. Idealiai tinka kasdieniam naudojimui, pasivaik\u0161\u010diojimams ir aktyviam miesto gyvenimui, \u0161ie sportba\u010diai bus i\u0161skirtinis j\u016bs\u0173 drabu\u017ei\u0173 spintos papildymas ir pabr\u0117\u017es individualum\u0105.<\/p>\n","protected":false},"excerpt":{"rendered":"<p>&#8222;LV Trainer Black&#8221; Kedai derina eleganti\u0161k\u0105 dizain\u0105 ir komfort\u0105. Pagaminti i\u0161 auk\u0161tos kokyb\u0117s nat\u016bralios odos, jie u\u017etikrina ilgaam\u017ei\u0161kum\u0105 ir lengvumo jausm\u0105 d\u0117vint. Prek\u0117s \u017eenklas Louis Vuitton garantuoja auk\u0161\u010diausios kokyb\u0117s i\u0161vaizd\u0105 ir modern\u0173 stili\u0173. Idealiai tinka kasdieniam naudojimui, pasivaik\u0161\u010diojimams ir aktyviam miesto gyvenimui, \u0161ie sportba\u010diai bus i\u0161skirtinis j\u016bs\u0173 drabu\u017ei\u0173 spintos papildymas ir pabr\u0117\u017es individualum\u0105.<\/p>\n","protected":false},"featured_media":639442,"comment_status":"open","ping_status":"open","template":"","meta":[],"product_brand":[],"product_cat":[3264,3323],"product_tag":[],"class_list":{"0":"post-639441","1":"product","2":"type-product","3":"status-publish","4":"has-post-thumbnail","6":"product_cat-all-product","7":"product_cat-kedy","8":"pa_rozmir-910","9":"pa_rozmir-912","10":"pa_rozmir-914","11":"pa_rozmir-915","12":"pa_rozmir-916","13":"pa_rozmir-917","14":"pa_rozmir-918","15":"pa_rozmir-919","16":"pa_rozmir-920","17":"pa_rozmir-921","18":"pa_rozmir-922","20":"first","21":"instock","22":"purchasable","23":"product-type-variable"},"_links":{"self":[{"href":"https:\/\/nextsnkr.com\/lt\/wp-json\/wp\/v2\/product\/639441","targetHints":{"allow":["GET"]}}],"collection":[{"href":"https:\/\/nextsnkr.com\/lt\/wp-json\/wp\/v2\/product"}],"about":[{"href":"https:\/\/nextsnkr.com\/lt\/wp-json\/wp\/v2\/types\/product"}],"replies":[{"embeddable":true,"href":"https:\/\/nextsnkr.com\/lt\/wp-json\/wp\/v2\/comments?post=639441"}],"version-history":[{"count":0,"href":"https:\/\/nextsnkr.com\/lt\/wp-json\/wp\/v2\/product\/639441\/revisions"}],"wp:featuredmedia":[{"embeddable":true,"href":"https:\/\/nextsnkr.com\/lt\/wp-json\/wp\/v2\/media\/639442"}],"wp:attachment":[{"href":"https:\/\/nextsnkr.com\/lt\/wp-json\/wp\/v2\/media?parent=639441"}],"wp:term":[{"taxonomy":"product_brand","embeddable":true,"href":"https:\/\/nextsnkr.com\/lt\/wp-json\/wp\/v2\/product_brand?post=639441"},{"taxonomy":"product_cat","embeddable":true,"href":"https:\/\/nextsnkr.com\/lt\/wp-json\/wp\/v2\/product_cat?post=639441"},{"taxonomy":"product_tag","embeddable":true,"href":"https:\/\/nextsnkr.com\/lt\/wp-json\/wp\/v2\/product_tag?post=639441"}],"curies":[{"name":"wp","href":"https:\/\/api.w.org\/{rel}","templated":true}]}}