{"id":638593,"date":"2025-06-14T16:56:04","date_gmt":"2025-06-14T13:56:04","guid":{"rendered":"https:\/\/nextsnkr.com\/product\/yeezy-boost-350-v2-lundmark-premium\/"},"modified":"2026-02-01T19:36:28","modified_gmt":"2026-02-01T16:36:28","slug":"yeezy-boost-350-v2-lundmark-premium","status":"publish","type":"product","link":"https:\/\/nextsnkr.com\/lt\/produktas\/yeezy-boost-350-v2-lundmark-premium\/","title":{"rendered":"Sportiniai bateliai YEEZY BOOST 350 v2 &#8222;LUNDMARK&#8221; &#8211; auk\u0161\u010diausios kokyb\u0117s tekstil\u0117s su refleksu"},"content":{"rendered":"<h2>Sportiniai bateliai YEEZY BOOST 350 v2 &#8222;LUNDMARK&#8221; &#8211; auk\u0161\u010diausios kokyb\u0117s tekstil\u0117s su refleksu<\/h2>\n<p>&#8222;YEEZY BOOST 350 v2 Lundmark premium&#8221; &#8211; stilingas tekstil\u0117s modelis su refleksiniais elementais, sukurtas maksimaliam komfortui ir \u0161iuolaikinei miesto i\u0161vaizdai. Lengvas padas u\u017etikrina nusid\u0117v\u0117jim\u0105 ir patogum\u0105 kasdien d\u0117v\u0117ti, o auk\u0161\u010diausios kokyb\u0117s med\u017eiagos u\u017etikrina ilgaam\u017ei\u0161kum\u0105. Pagaminti Kinijoje, \u0161ie sportba\u010diai derina mading\u0105 dizain\u0105 ir prakti\u0161kum\u0105. YEEZY BOOST 350 v2 &#8222;LUNDMARK&#8221; &#8211; pasirinkimas tiems, kurie vertina stili\u0173, komfort\u0105 ir i\u0161skirtinum\u0105.<\/p>\n","protected":false},"excerpt":{"rendered":"<p>&#8222;YEEZY BOOST 350 v2 Lundmark premium&#8221; &#8211; stilingas tekstil\u0117s modelis su refleksiniais elementais, sukurtas maksimaliam komfortui ir \u0161iuolaikinei miesto i\u0161vaizdai. Lengvas padas u\u017etikrina nusid\u0117v\u0117jim\u0105 ir patogum\u0105 kasdien d\u0117v\u0117ti, o auk\u0161\u010diausios kokyb\u0117s med\u017eiagos u\u017etikrina ilgaam\u017ei\u0161kum\u0105. Pagaminti Kinijoje, \u0161ie sportba\u010diai derina mading\u0105 dizain\u0105 ir prakti\u0161kum\u0105. YEEZY BOOST 350 v2 &#8222;LUNDMARK&#8221; &#8211; pasirinkimas tiems, kurie vertina stili\u0173, komfort\u0105 ir i\u0161skirtinum\u0105.<\/p>\n","protected":false},"featured_media":638594,"comment_status":"open","ping_status":"open","template":"","meta":[],"product_brand":[],"product_cat":[3401,3264,3265],"product_tag":[],"class_list":{"0":"post-638593","1":"product","2":"type-product","3":"status-publish","4":"has-post-thumbnail","6":"product_cat-adidas-yeezy","7":"product_cat-all-product","8":"product_cat-krosivky","9":"pa_rozmir-910","10":"pa_rozmir-912","11":"pa_rozmir-914","12":"pa_rozmir-915","13":"pa_rozmir-916","14":"pa_rozmir-917","15":"pa_rozmir-918","16":"pa_rozmir-919","17":"pa_rozmir-920","18":"pa_rozmir-921","19":"pa_rozmir-922","21":"first","22":"instock","23":"purchasable","24":"product-type-variable"},"_links":{"self":[{"href":"https:\/\/nextsnkr.com\/lt\/wp-json\/wp\/v2\/product\/638593","targetHints":{"allow":["GET"]}}],"collection":[{"href":"https:\/\/nextsnkr.com\/lt\/wp-json\/wp\/v2\/product"}],"about":[{"href":"https:\/\/nextsnkr.com\/lt\/wp-json\/wp\/v2\/types\/product"}],"replies":[{"embeddable":true,"href":"https:\/\/nextsnkr.com\/lt\/wp-json\/wp\/v2\/comments?post=638593"}],"version-history":[{"count":0,"href":"https:\/\/nextsnkr.com\/lt\/wp-json\/wp\/v2\/product\/638593\/revisions"}],"wp:featuredmedia":[{"embeddable":true,"href":"https:\/\/nextsnkr.com\/lt\/wp-json\/wp\/v2\/media\/638594"}],"wp:attachment":[{"href":"https:\/\/nextsnkr.com\/lt\/wp-json\/wp\/v2\/media?parent=638593"}],"wp:term":[{"taxonomy":"product_brand","embeddable":true,"href":"https:\/\/nextsnkr.com\/lt\/wp-json\/wp\/v2\/product_brand?post=638593"},{"taxonomy":"product_cat","embeddable":true,"href":"https:\/\/nextsnkr.com\/lt\/wp-json\/wp\/v2\/product_cat?post=638593"},{"taxonomy":"product_tag","embeddable":true,"href":"https:\/\/nextsnkr.com\/lt\/wp-json\/wp\/v2\/product_tag?post=638593"}],"curies":[{"name":"wp","href":"https:\/\/api.w.org\/{rel}","templated":true}]}}