{"id":638423,"date":"2025-06-14T16:56:42","date_gmt":"2025-06-14T13:56:42","guid":{"rendered":"https:\/\/nextsnkr.com\/product\/yeezy-boost-350-v2-mx-oat-premium\/"},"modified":"2026-02-01T19:36:24","modified_gmt":"2026-02-01T16:36:24","slug":"yeezy-boost-350-v2-mx-oat-premium","status":"publish","type":"product","link":"https:\/\/nextsnkr.com\/lt\/produktas\/yeezy-boost-350-v2-mx-oat-premium\/","title":{"rendered":"Sportba\u010diai YEEZY BOOST 350 V2 MX OAT &#8211; tekstil\u0117s su refleksu"},"content":{"rendered":"<h2>Sportba\u010diai YEEZY BOOST 350 V2 MX OAT &#8211; tekstil\u0117s su refleksu<\/h2>\n<p>&#8222;YEEZY BOOST 350 V2 MX oat premium&#8221; sportba\u010diai pagaminti i\u0161 auk\u0161tos kokyb\u0117s tekstil\u0117s su refleksiniais elementais, u\u017etikrinan\u010diais komfort\u0105, lengvum\u0105 ir stiling\u0105 i\u0161vaizd\u0105 bet kuriuo paros metu. Legendinis padas Boost amortizuoja \u017eingsn\u012f ir suteikia maksimali\u0105 p\u0117dos param\u0105. \u0160iuolaikinis dizainas ir auk\u0161\u010diausios kokyb\u0117s med\u017eiagos daro \u0161\u012f model\u012f idealiu pasirinkimu kasdieniam d\u0117v\u0117jimui ir miesto stiliui.<\/p>\n","protected":false},"excerpt":{"rendered":"<p>&#8222;YEEZY BOOST 350 V2 MX oat premium&#8221; sportba\u010diai pagaminti i\u0161 auk\u0161tos kokyb\u0117s tekstil\u0117s su refleksiniais elementais, u\u017etikrinan\u010diais komfort\u0105, lengvum\u0105 ir stiling\u0105 i\u0161vaizd\u0105 bet kuriuo paros metu. Legendinis padas Boost amortizuoja \u017eingsn\u012f ir suteikia maksimali\u0105 p\u0117dos param\u0105. \u0160iuolaikinis dizainas ir auk\u0161\u010diausios kokyb\u0117s med\u017eiagos daro \u0161\u012f model\u012f idealiu pasirinkimu kasdieniam d\u0117v\u0117jimui ir miesto stiliui.<\/p>\n","protected":false},"featured_media":638424,"comment_status":"open","ping_status":"open","template":"","meta":[],"product_brand":[],"product_cat":[3401,3264,3265],"product_tag":[],"class_list":{"0":"post-638423","1":"product","2":"type-product","3":"status-publish","4":"has-post-thumbnail","6":"product_cat-adidas-yeezy","7":"product_cat-all-product","8":"product_cat-krosivky","9":"pa_rozmir-910","10":"pa_rozmir-912","11":"pa_rozmir-914","12":"pa_rozmir-915","13":"pa_rozmir-916","14":"pa_rozmir-917","15":"pa_rozmir-918","16":"pa_rozmir-919","17":"pa_rozmir-920","18":"pa_rozmir-921","19":"pa_rozmir-922","21":"first","22":"onbackorder","23":"purchasable","24":"product-type-variable"},"_links":{"self":[{"href":"https:\/\/nextsnkr.com\/lt\/wp-json\/wp\/v2\/product\/638423","targetHints":{"allow":["GET"]}}],"collection":[{"href":"https:\/\/nextsnkr.com\/lt\/wp-json\/wp\/v2\/product"}],"about":[{"href":"https:\/\/nextsnkr.com\/lt\/wp-json\/wp\/v2\/types\/product"}],"replies":[{"embeddable":true,"href":"https:\/\/nextsnkr.com\/lt\/wp-json\/wp\/v2\/comments?post=638423"}],"version-history":[{"count":0,"href":"https:\/\/nextsnkr.com\/lt\/wp-json\/wp\/v2\/product\/638423\/revisions"}],"wp:featuredmedia":[{"embeddable":true,"href":"https:\/\/nextsnkr.com\/lt\/wp-json\/wp\/v2\/media\/638424"}],"wp:attachment":[{"href":"https:\/\/nextsnkr.com\/lt\/wp-json\/wp\/v2\/media?parent=638423"}],"wp:term":[{"taxonomy":"product_brand","embeddable":true,"href":"https:\/\/nextsnkr.com\/lt\/wp-json\/wp\/v2\/product_brand?post=638423"},{"taxonomy":"product_cat","embeddable":true,"href":"https:\/\/nextsnkr.com\/lt\/wp-json\/wp\/v2\/product_cat?post=638423"},{"taxonomy":"product_tag","embeddable":true,"href":"https:\/\/nextsnkr.com\/lt\/wp-json\/wp\/v2\/product_tag?post=638423"}],"curies":[{"name":"wp","href":"https:\/\/api.w.org\/{rel}","templated":true}]}}