{"id":635378,"date":"2025-06-23T08:17:00","date_gmt":"2025-06-23T05:17:00","guid":{"rendered":"https:\/\/nextsnkr.com\/product\/550-grey\/"},"modified":"2026-02-01T19:34:52","modified_gmt":"2026-02-01T16:34:52","slug":"550-grey","status":"publish","type":"product","link":"https:\/\/nextsnkr.com\/lt\/produktas\/550-grey\/","title":{"rendered":"550 Pilka odos ir tekstil\u0117s stilingas kasdieniniam d\u0117v\u0117jimui"},"content":{"rendered":"<h2>550 Pilka odos ir tekstil\u0117s stilingas kasdieniniam d\u0117v\u0117jimui<\/h2>\n<p>&#8222;550 Grey&#8221; kedai yra pagaminti i\u0161 auk\u0161tos kokyb\u0117s odos ir tekstil\u0117s, kuri u\u017etikrina komfort\u0105 ir ilgaam\u017ei\u0161kum\u0105. Modelis idealiai tinka kasdieniam d\u0117v\u0117jimui ir aktyviam gyvenimo b\u016bdui, derina stiling\u0105 pilkai balt\u0105 dizain\u0105 su prakti\u0161kumu. Lengvas ir amortizuojantis padas u\u017etikrina patogum\u0105 kiekvienai dienai, o auk\u0161\u010diausios kokyb\u0117s med\u017eiagos u\u017etikrina ilg\u0105 tarnavimo laik\u0105. Idealus pasirinkimas tiems, kurie vertina komfort\u0105, stili\u0173 ir patikimum\u0105.<\/p>\n","protected":false},"excerpt":{"rendered":"<p>&#8222;550 Grey&#8221; kedai yra pagaminti i\u0161 auk\u0161tos kokyb\u0117s odos ir tekstil\u0117s, kuri u\u017etikrina komfort\u0105 ir ilgaam\u017ei\u0161kum\u0105. Modelis idealiai tinka kasdieniam d\u0117v\u0117jimui ir aktyviam gyvenimo b\u016bdui, derina stiling\u0105 pilkai balt\u0105 dizain\u0105 su prakti\u0161kumu. Lengvas ir amortizuojantis padas u\u017etikrina patogum\u0105 kiekvienai dienai, o auk\u0161\u010diausios kokyb\u0117s med\u017eiagos u\u017etikrina ilg\u0105 tarnavimo laik\u0105. Idealus pasirinkimas tiems, kurie vertina komfort\u0105, stili\u0173 ir patikimum\u0105.<\/p>\n","protected":false},"featured_media":635380,"comment_status":"open","ping_status":"open","template":"","meta":[],"product_brand":[],"product_cat":[3264,3323],"product_tag":[],"class_list":{"0":"post-635378","1":"product","2":"type-product","3":"status-publish","4":"has-post-thumbnail","6":"product_cat-all-product","7":"product_cat-kedy","8":"pa_rozmir-910","9":"pa_rozmir-912","10":"pa_rozmir-914","11":"pa_rozmir-915","12":"pa_rozmir-916","13":"pa_rozmir-917","14":"pa_rozmir-918","15":"pa_rozmir-919","16":"pa_rozmir-920","17":"pa_rozmir-921","18":"pa_rozmir-922","20":"first","21":"instock","22":"purchasable","23":"product-type-variable"},"_links":{"self":[{"href":"https:\/\/nextsnkr.com\/lt\/wp-json\/wp\/v2\/product\/635378","targetHints":{"allow":["GET"]}}],"collection":[{"href":"https:\/\/nextsnkr.com\/lt\/wp-json\/wp\/v2\/product"}],"about":[{"href":"https:\/\/nextsnkr.com\/lt\/wp-json\/wp\/v2\/types\/product"}],"replies":[{"embeddable":true,"href":"https:\/\/nextsnkr.com\/lt\/wp-json\/wp\/v2\/comments?post=635378"}],"version-history":[{"count":0,"href":"https:\/\/nextsnkr.com\/lt\/wp-json\/wp\/v2\/product\/635378\/revisions"}],"wp:featuredmedia":[{"embeddable":true,"href":"https:\/\/nextsnkr.com\/lt\/wp-json\/wp\/v2\/media\/635380"}],"wp:attachment":[{"href":"https:\/\/nextsnkr.com\/lt\/wp-json\/wp\/v2\/media?parent=635378"}],"wp:term":[{"taxonomy":"product_brand","embeddable":true,"href":"https:\/\/nextsnkr.com\/lt\/wp-json\/wp\/v2\/product_brand?post=635378"},{"taxonomy":"product_cat","embeddable":true,"href":"https:\/\/nextsnkr.com\/lt\/wp-json\/wp\/v2\/product_cat?post=635378"},{"taxonomy":"product_tag","embeddable":true,"href":"https:\/\/nextsnkr.com\/lt\/wp-json\/wp\/v2\/product_tag?post=635378"}],"curies":[{"name":"wp","href":"https:\/\/api.w.org\/{rel}","templated":true}]}}