{"id":634841,"date":"2025-06-14T20:00:10","date_gmt":"2025-06-14T17:00:10","guid":{"rendered":"https:\/\/nextsnkr.com\/product\/celine-bulky-laced-up-black-premium\/"},"modified":"2026-02-01T19:34:37","modified_gmt":"2026-02-01T16:34:37","slug":"celine-bulky-laced-up-black-premium","status":"publish","type":"product","link":"https:\/\/nextsnkr.com\/lt\/produktas\/celine-bulky-laced-up-black-premium\/","title":{"rendered":"Batai C\u00c9LINE Bulky Laced Up Black &#8211; odos Premium moter\u0173"},"content":{"rendered":"<h2>Batai C\u00c9LINE Bulky Laced Up Black &#8211; odos Premium moter\u0173<\/h2>\n<p>&#8222;C\u00e9line BULKY LACED UP BLACK premium&#8221; Batai derina stiling\u0105 dizain\u0105, patvarum\u0105 ir komfort\u0105. Pagaminti i\u0161 nat\u016bralios odos ir tekstil\u0117s, jie u\u017etikrina ilgaam\u017ei\u0161kum\u0105, patikim\u0105 P\u0117dos palaikym\u0105 ir patog\u0173 sodinim\u0105. Masyvus padas prideda \u0161iuolaikin\u012f akcent\u0105 ir stiling\u0105 \u017eiaurum\u0105. \u0160is modelis idealiai tinka kasdieniam d\u0117v\u0117jimui, miesto stiliui ir aktyviam gyvenimo ritmui. &#8222;C\u00e9line Bulky Laced Up&#8221; yra auk\u0161\u010diausios kokyb\u0117s pasirinkimas tiems, kurie vertina prek\u0117s \u017eenkl\u0105, kokyb\u0119 ir mading\u0105 i\u0161vaizd\u0105.<\/p>\n","protected":false},"excerpt":{"rendered":"<p>&#8222;C\u00e9line BULKY LACED UP BLACK premium&#8221; Batai derina stiling\u0105 dizain\u0105, patvarum\u0105 ir komfort\u0105. Pagaminti i\u0161 nat\u016bralios odos ir tekstil\u0117s, jie u\u017etikrina ilgaam\u017ei\u0161kum\u0105, patikim\u0105 P\u0117dos palaikym\u0105 ir patog\u0173 sodinim\u0105. Masyvus padas prideda \u0161iuolaikin\u012f akcent\u0105 ir stiling\u0105 \u017eiaurum\u0105. \u0160is modelis idealiai tinka kasdieniam d\u0117v\u0117jimui, miesto stiliui ir aktyviam gyvenimo ritmui. &#8222;C\u00e9line Bulky Laced Up&#8221; yra auk\u0161\u010diausios kokyb\u0117s pasirinkimas tiems, kurie vertina prek\u0117s \u017eenkl\u0105, kokyb\u0119 ir mading\u0105 i\u0161vaizd\u0105.<\/p>\n","protected":false},"featured_media":634843,"comment_status":"open","ping_status":"open","template":"","meta":[],"product_brand":[],"product_cat":[3264,3336],"product_tag":[],"class_list":{"0":"post-634841","1":"product","2":"type-product","3":"status-publish","4":"has-post-thumbnail","6":"product_cat-all-product","7":"product_cat-cherevyky","8":"pa_rozmir-910","9":"pa_rozmir-912","10":"pa_rozmir-914","11":"pa_rozmir-915","12":"pa_rozmir-916","13":"pa_rozmir-917","14":"pa_rozmir-918","15":"pa_rozmir-919","16":"pa_rozmir-920","17":"pa_rozmir-921","18":"pa_rozmir-922","20":"first","21":"onbackorder","22":"purchasable","23":"product-type-variable"},"_links":{"self":[{"href":"https:\/\/nextsnkr.com\/lt\/wp-json\/wp\/v2\/product\/634841","targetHints":{"allow":["GET"]}}],"collection":[{"href":"https:\/\/nextsnkr.com\/lt\/wp-json\/wp\/v2\/product"}],"about":[{"href":"https:\/\/nextsnkr.com\/lt\/wp-json\/wp\/v2\/types\/product"}],"replies":[{"embeddable":true,"href":"https:\/\/nextsnkr.com\/lt\/wp-json\/wp\/v2\/comments?post=634841"}],"version-history":[{"count":0,"href":"https:\/\/nextsnkr.com\/lt\/wp-json\/wp\/v2\/product\/634841\/revisions"}],"wp:featuredmedia":[{"embeddable":true,"href":"https:\/\/nextsnkr.com\/lt\/wp-json\/wp\/v2\/media\/634843"}],"wp:attachment":[{"href":"https:\/\/nextsnkr.com\/lt\/wp-json\/wp\/v2\/media?parent=634841"}],"wp:term":[{"taxonomy":"product_brand","embeddable":true,"href":"https:\/\/nextsnkr.com\/lt\/wp-json\/wp\/v2\/product_brand?post=634841"},{"taxonomy":"product_cat","embeddable":true,"href":"https:\/\/nextsnkr.com\/lt\/wp-json\/wp\/v2\/product_cat?post=634841"},{"taxonomy":"product_tag","embeddable":true,"href":"https:\/\/nextsnkr.com\/lt\/wp-json\/wp\/v2\/product_tag?post=634841"}],"curies":[{"name":"wp","href":"https:\/\/api.w.org\/{rel}","templated":true}]}}