{"id":634738,"date":"2025-06-23T08:19:25","date_gmt":"2025-06-23T05:19:25","guid":{"rendered":"https:\/\/nextsnkr.com\/product\/spezial-black-silver\/"},"modified":"2026-02-01T19:34:33","modified_gmt":"2026-02-01T16:34:33","slug":"spezial-black-silver","status":"publish","type":"product","link":"https:\/\/nextsnkr.com\/lt\/produktas\/spezial-black-silver\/","title":{"rendered":"Sportiniai bateliai Spezial Black \/ Silver i\u0161 zom\u0161os-stilius ir komfortas"},"content":{"rendered":"<h2>Sportiniai bateliai Spezial Black \/ Silver i\u0161 zom\u0161os-stilius ir komfortas<\/h2>\n<p>&#8222;Spezial Black \/ Silver&#8221; Kedai pagaminti i\u0161 auk\u0161tos kokyb\u0117s zom\u0161os, kuri u\u017etikrina komfort\u0105 ir ilgaam\u017ei\u0161kum\u0105 kasdieniniam naudojimui. Stilinga juoda spalva su sidabriniais akcentais daro juos universaliais bet kokiam vaizdui. Lengvas ir patogus padas garantuoja stabilum\u0105 ir p\u0117dos palaikym\u0105, o apgalvotas &#8222;Spezial&#8221; dizainas pabr\u0117\u017eia modern\u0173 miesto stili\u0173. Idealus pasirinkimas aktyviam poilsiui ir kasdien\u0117ms kojin\u0117ms.<\/p>\n","protected":false},"excerpt":{"rendered":"<p>&#8222;Spezial Black \/ Silver&#8221; Kedai pagaminti i\u0161 auk\u0161tos kokyb\u0117s zom\u0161os, kuri u\u017etikrina komfort\u0105 ir ilgaam\u017ei\u0161kum\u0105 kasdieniniam naudojimui. Stilinga juoda spalva su sidabriniais akcentais daro juos universaliais bet kokiam vaizdui. Lengvas ir patogus padas garantuoja stabilum\u0105 ir p\u0117dos palaikym\u0105, o apgalvotas &#8222;Spezial&#8221; dizainas pabr\u0117\u017eia modern\u0173 miesto stili\u0173. Idealus pasirinkimas aktyviam poilsiui ir kasdien\u0117ms kojin\u0117ms.<\/p>\n","protected":false},"featured_media":634742,"comment_status":"open","ping_status":"open","template":"","meta":[],"product_brand":[],"product_cat":[3264,3323],"product_tag":[],"class_list":{"0":"post-634738","1":"product","2":"type-product","3":"status-publish","4":"has-post-thumbnail","6":"product_cat-all-product","7":"product_cat-kedy","8":"pa_rozmir-910","9":"pa_rozmir-912","10":"pa_rozmir-914","11":"pa_rozmir-915","12":"pa_rozmir-916","13":"pa_rozmir-917","14":"pa_rozmir-918","15":"pa_rozmir-919","16":"pa_rozmir-920","17":"pa_rozmir-921","18":"pa_rozmir-922","20":"first","21":"instock","22":"purchasable","23":"product-type-variable"},"_links":{"self":[{"href":"https:\/\/nextsnkr.com\/lt\/wp-json\/wp\/v2\/product\/634738","targetHints":{"allow":["GET"]}}],"collection":[{"href":"https:\/\/nextsnkr.com\/lt\/wp-json\/wp\/v2\/product"}],"about":[{"href":"https:\/\/nextsnkr.com\/lt\/wp-json\/wp\/v2\/types\/product"}],"replies":[{"embeddable":true,"href":"https:\/\/nextsnkr.com\/lt\/wp-json\/wp\/v2\/comments?post=634738"}],"version-history":[{"count":0,"href":"https:\/\/nextsnkr.com\/lt\/wp-json\/wp\/v2\/product\/634738\/revisions"}],"wp:featuredmedia":[{"embeddable":true,"href":"https:\/\/nextsnkr.com\/lt\/wp-json\/wp\/v2\/media\/634742"}],"wp:attachment":[{"href":"https:\/\/nextsnkr.com\/lt\/wp-json\/wp\/v2\/media?parent=634738"}],"wp:term":[{"taxonomy":"product_brand","embeddable":true,"href":"https:\/\/nextsnkr.com\/lt\/wp-json\/wp\/v2\/product_brand?post=634738"},{"taxonomy":"product_cat","embeddable":true,"href":"https:\/\/nextsnkr.com\/lt\/wp-json\/wp\/v2\/product_cat?post=634738"},{"taxonomy":"product_tag","embeddable":true,"href":"https:\/\/nextsnkr.com\/lt\/wp-json\/wp\/v2\/product_tag?post=634738"}],"curies":[{"name":"wp","href":"https:\/\/api.w.org\/{rel}","templated":true}]}}