{"id":634421,"date":"2025-06-23T08:20:32","date_gmt":"2025-06-23T05:20:32","guid":{"rendered":"https:\/\/nextsnkr.com\/product\/spezial-beige\/"},"modified":"2026-02-01T19:34:24","modified_gmt":"2026-02-01T16:34:24","slug":"spezial-beige","status":"publish","type":"product","link":"https:\/\/nextsnkr.com\/lt\/produktas\/spezial-beige\/","title":{"rendered":"Zom\u0161os special\u016bs Beige sportiniai bateliai stilingam kasdieniam \u012fvaizd\u017eiui"},"content":{"rendered":"<h2>Zom\u0161os special\u016bs Beige sportiniai bateliai stilingam kasdieniam \u012fvaizd\u017eiui<\/h2>\n<p>Garsaus prek\u0117s \u017eenklo &#8222;Spezial Beige&#8221; k\u0117d\u0117s yra pagamintos i\u0161 auk\u0161tos kokyb\u0117s zom\u0161os, u\u017etikrinan\u010dios komfort\u0105 ir ilgaam\u017ei\u0161kum\u0105. Lengvas ir universalus, jie idealiai tinka kasdieniam d\u0117v\u0117jimui ir aktyviam poilsiui. \u0160iuolaikinis Sm\u0117lio spalvos dizainas prideda elegancijos ir lengvai derinamas su bet kokiu drabu\u017ei\u0173 stiliumi. Pasirinkimas tiems, kurie vertina stili\u0173, patogum\u0105 ir auk\u0161\u010diausios kokyb\u0117s.<\/p>\n","protected":false},"excerpt":{"rendered":"<p>Garsaus prek\u0117s \u017eenklo &#8222;Spezial Beige&#8221; k\u0117d\u0117s yra pagamintos i\u0161 auk\u0161tos kokyb\u0117s zom\u0161os, u\u017etikrinan\u010dios komfort\u0105 ir ilgaam\u017ei\u0161kum\u0105. Lengvas ir universalus, jie idealiai tinka kasdieniam d\u0117v\u0117jimui ir aktyviam poilsiui. \u0160iuolaikinis Sm\u0117lio spalvos dizainas prideda elegancijos ir lengvai derinamas su bet kokiu drabu\u017ei\u0173 stiliumi. Pasirinkimas tiems, kurie vertina stili\u0173, patogum\u0105 ir auk\u0161\u010diausios kokyb\u0117s.<\/p>\n","protected":false},"featured_media":634424,"comment_status":"open","ping_status":"open","template":"","meta":[],"product_brand":[],"product_cat":[3264,3323],"product_tag":[],"class_list":{"0":"post-634421","1":"product","2":"type-product","3":"status-publish","4":"has-post-thumbnail","6":"product_cat-all-product","7":"product_cat-kedy","8":"pa_rozmir-910","9":"pa_rozmir-912","10":"pa_rozmir-914","11":"pa_rozmir-915","12":"pa_rozmir-916","13":"pa_rozmir-917","14":"pa_rozmir-918","15":"pa_rozmir-919","16":"pa_rozmir-920","17":"pa_rozmir-921","18":"pa_rozmir-922","20":"first","21":"instock","22":"purchasable","23":"product-type-variable"},"_links":{"self":[{"href":"https:\/\/nextsnkr.com\/lt\/wp-json\/wp\/v2\/product\/634421","targetHints":{"allow":["GET"]}}],"collection":[{"href":"https:\/\/nextsnkr.com\/lt\/wp-json\/wp\/v2\/product"}],"about":[{"href":"https:\/\/nextsnkr.com\/lt\/wp-json\/wp\/v2\/types\/product"}],"replies":[{"embeddable":true,"href":"https:\/\/nextsnkr.com\/lt\/wp-json\/wp\/v2\/comments?post=634421"}],"version-history":[{"count":0,"href":"https:\/\/nextsnkr.com\/lt\/wp-json\/wp\/v2\/product\/634421\/revisions"}],"wp:featuredmedia":[{"embeddable":true,"href":"https:\/\/nextsnkr.com\/lt\/wp-json\/wp\/v2\/media\/634424"}],"wp:attachment":[{"href":"https:\/\/nextsnkr.com\/lt\/wp-json\/wp\/v2\/media?parent=634421"}],"wp:term":[{"taxonomy":"product_brand","embeddable":true,"href":"https:\/\/nextsnkr.com\/lt\/wp-json\/wp\/v2\/product_brand?post=634421"},{"taxonomy":"product_cat","embeddable":true,"href":"https:\/\/nextsnkr.com\/lt\/wp-json\/wp\/v2\/product_cat?post=634421"},{"taxonomy":"product_tag","embeddable":true,"href":"https:\/\/nextsnkr.com\/lt\/wp-json\/wp\/v2\/product_tag?post=634421"}],"curies":[{"name":"wp","href":"https:\/\/api.w.org\/{rel}","templated":true}]}}