{"id":631457,"date":"2025-06-23T08:31:31","date_gmt":"2025-06-23T05:31:31","guid":{"rendered":"https:\/\/nextsnkr.com\/product\/spezial-bright-red\/"},"modified":"2026-02-01T19:32:56","modified_gmt":"2026-02-01T16:32:56","slug":"spezial-bright-red","status":"publish","type":"product","link":"https:\/\/nextsnkr.com\/lt\/produktas\/spezial-bright-red\/","title":{"rendered":"Kedai Spezial Bright Red zom\u0161iniai stilingam kasdieniam \u012fvaizd\u017eiui"},"content":{"rendered":"<h2>Kedai Spezial Bright Red zom\u0161iniai stilingam kasdieniam \u012fvaizd\u017eiui<\/h2>\n<p>&#8222;Spezial Bright Red&#8221; Kedai pagaminti i\u0161 auk\u0161tos kokyb\u0117s zom\u0161os, kuri u\u017etikrina komfort\u0105 ir ilgaam\u017ei\u0161kum\u0105. Ry\u0161kiai raudona spalva prideda dr\u0105sos ir individualumo \u012fvaizd\u012f. Idealiai tinka kasdieniam d\u0117v\u0117jimui ir aktyviam poilsiui, \u0161ie k\u0117d\u0117s derina stiling\u0105 dizain\u0105 ir prakti\u0161kum\u0105. Pasirinkite &#8222;Spezial Bright Red&#8221;, kad kasdien b\u016bt\u0173 ry\u0161kus ir patogus stilius.<\/p>\n","protected":false},"excerpt":{"rendered":"<p>&#8222;Spezial Bright Red&#8221; Kedai pagaminti i\u0161 auk\u0161tos kokyb\u0117s zom\u0161os, kuri u\u017etikrina komfort\u0105 ir ilgaam\u017ei\u0161kum\u0105. Ry\u0161kiai raudona spalva prideda dr\u0105sos ir individualumo \u012fvaizd\u012f. Idealiai tinka kasdieniam d\u0117v\u0117jimui ir aktyviam poilsiui, \u0161ie k\u0117d\u0117s derina stiling\u0105 dizain\u0105 ir prakti\u0161kum\u0105. Pasirinkite &#8222;Spezial Bright Red&#8221;, kad kasdien b\u016bt\u0173 ry\u0161kus ir patogus stilius.<\/p>\n","protected":false},"featured_media":631458,"comment_status":"open","ping_status":"open","template":"","meta":[],"product_brand":[],"product_cat":[3264,3323],"product_tag":[],"class_list":{"0":"post-631457","1":"product","2":"type-product","3":"status-publish","4":"has-post-thumbnail","6":"product_cat-all-product","7":"product_cat-kedy","8":"pa_rozmir-910","9":"pa_rozmir-912","10":"pa_rozmir-914","11":"pa_rozmir-915","12":"pa_rozmir-916","13":"pa_rozmir-917","14":"pa_rozmir-918","15":"pa_rozmir-919","16":"pa_rozmir-920","17":"pa_rozmir-921","18":"pa_rozmir-922","20":"first","21":"instock","22":"purchasable","23":"product-type-variable"},"_links":{"self":[{"href":"https:\/\/nextsnkr.com\/lt\/wp-json\/wp\/v2\/product\/631457","targetHints":{"allow":["GET"]}}],"collection":[{"href":"https:\/\/nextsnkr.com\/lt\/wp-json\/wp\/v2\/product"}],"about":[{"href":"https:\/\/nextsnkr.com\/lt\/wp-json\/wp\/v2\/types\/product"}],"replies":[{"embeddable":true,"href":"https:\/\/nextsnkr.com\/lt\/wp-json\/wp\/v2\/comments?post=631457"}],"version-history":[{"count":0,"href":"https:\/\/nextsnkr.com\/lt\/wp-json\/wp\/v2\/product\/631457\/revisions"}],"wp:featuredmedia":[{"embeddable":true,"href":"https:\/\/nextsnkr.com\/lt\/wp-json\/wp\/v2\/media\/631458"}],"wp:attachment":[{"href":"https:\/\/nextsnkr.com\/lt\/wp-json\/wp\/v2\/media?parent=631457"}],"wp:term":[{"taxonomy":"product_brand","embeddable":true,"href":"https:\/\/nextsnkr.com\/lt\/wp-json\/wp\/v2\/product_brand?post=631457"},{"taxonomy":"product_cat","embeddable":true,"href":"https:\/\/nextsnkr.com\/lt\/wp-json\/wp\/v2\/product_cat?post=631457"},{"taxonomy":"product_tag","embeddable":true,"href":"https:\/\/nextsnkr.com\/lt\/wp-json\/wp\/v2\/product_tag?post=631457"}],"curies":[{"name":"wp","href":"https:\/\/api.w.org\/{rel}","templated":true}]}}