{"id":630777,"date":"2025-06-23T08:33:48","date_gmt":"2025-06-23T05:33:48","guid":{"rendered":"https:\/\/nextsnkr.com\/product\/sporty-rich-pink\/"},"modified":"2026-02-01T19:32:37","modified_gmt":"2026-02-01T16:32:37","slug":"sporty-rich-pink","status":"publish","type":"product","link":"https:\/\/nextsnkr.com\/lt\/produktas\/sporty-rich-pink\/","title":{"rendered":"Sporty &#038; Rich Pink k\u0117d\u0117s i\u0161 zom\u0161os stilingam kasdieniam \u012fvaizd\u017eiui"},"content":{"rendered":"<h2>Sporty &#038; Rich Pink k\u0117d\u0117s i\u0161 zom\u0161os stilingam kasdieniam \u012fvaizd\u017eiui<\/h2>\n<p>Sporty &#038; Rich Pink Kedai pagaminti i\u0161 auk\u0161tos kokyb\u0117s zom\u0161os, kuri u\u017etikrina komfort\u0105 ir ilgaam\u017ei\u0161kum\u0105 kasdien d\u0117vint. Ry\u0161ki ro\u017ein\u0117 spalva suteikia \u0161vie\u017eumo ir individualumo j\u016bs\u0173 stiliui. Lengvas padas garantuoja patogum\u0105 pasivaik\u0161\u010diojimo ir aktyvaus poilsio metu. Gamintojas i\u0161 Vietnamo naudoja auk\u0161\u010diausios kokyb\u0117s med\u017eiagas, pabr\u0117\u017edamas prek\u0117s \u017eenklo status\u0105. Pasirinkite Sporty &#038; Rich Pink, skirt\u0105 madingiems ir prakti\u0161kiems batams kiekvien\u0105 dien\u0105.<\/p>\n","protected":false},"excerpt":{"rendered":"<p>Sporty &#038; Rich Pink Kedai pagaminti i\u0161 auk\u0161tos kokyb\u0117s zom\u0161os, kuri u\u017etikrina komfort\u0105 ir ilgaam\u017ei\u0161kum\u0105 kasdien d\u0117vint. Ry\u0161ki ro\u017ein\u0117 spalva suteikia \u0161vie\u017eumo ir individualumo j\u016bs\u0173 stiliui. Lengvas padas garantuoja patogum\u0105 pasivaik\u0161\u010diojimo ir aktyvaus poilsio metu. Gamintojas i\u0161 Vietnamo naudoja auk\u0161\u010diausios kokyb\u0117s med\u017eiagas, pabr\u0117\u017edamas prek\u0117s \u017eenklo status\u0105. Pasirinkite Sporty &#038; Rich Pink, skirt\u0105 madingiems ir prakti\u0161kiems batams kiekvien\u0105 dien\u0105.<\/p>\n","protected":false},"featured_media":630778,"comment_status":"open","ping_status":"open","template":"","meta":[],"product_brand":[],"product_cat":[3264,3323],"product_tag":[],"class_list":{"0":"post-630777","1":"product","2":"type-product","3":"status-publish","4":"has-post-thumbnail","6":"product_cat-all-product","7":"product_cat-kedy","8":"pa_rozmir-910","9":"pa_rozmir-912","10":"pa_rozmir-914","11":"pa_rozmir-915","12":"pa_rozmir-916","13":"pa_rozmir-917","14":"pa_rozmir-918","15":"pa_rozmir-919","16":"pa_rozmir-920","17":"pa_rozmir-921","18":"pa_rozmir-922","20":"first","21":"instock","22":"purchasable","23":"product-type-variable"},"_links":{"self":[{"href":"https:\/\/nextsnkr.com\/lt\/wp-json\/wp\/v2\/product\/630777","targetHints":{"allow":["GET"]}}],"collection":[{"href":"https:\/\/nextsnkr.com\/lt\/wp-json\/wp\/v2\/product"}],"about":[{"href":"https:\/\/nextsnkr.com\/lt\/wp-json\/wp\/v2\/types\/product"}],"replies":[{"embeddable":true,"href":"https:\/\/nextsnkr.com\/lt\/wp-json\/wp\/v2\/comments?post=630777"}],"version-history":[{"count":0,"href":"https:\/\/nextsnkr.com\/lt\/wp-json\/wp\/v2\/product\/630777\/revisions"}],"wp:featuredmedia":[{"embeddable":true,"href":"https:\/\/nextsnkr.com\/lt\/wp-json\/wp\/v2\/media\/630778"}],"wp:attachment":[{"href":"https:\/\/nextsnkr.com\/lt\/wp-json\/wp\/v2\/media?parent=630777"}],"wp:term":[{"taxonomy":"product_brand","embeddable":true,"href":"https:\/\/nextsnkr.com\/lt\/wp-json\/wp\/v2\/product_brand?post=630777"},{"taxonomy":"product_cat","embeddable":true,"href":"https:\/\/nextsnkr.com\/lt\/wp-json\/wp\/v2\/product_cat?post=630777"},{"taxonomy":"product_tag","embeddable":true,"href":"https:\/\/nextsnkr.com\/lt\/wp-json\/wp\/v2\/product_tag?post=630777"}],"curies":[{"name":"wp","href":"https:\/\/api.w.org\/{rel}","templated":true}]}}