{"id":629807,"date":"2025-06-14T20:14:59","date_gmt":"2025-06-14T17:14:59","guid":{"rendered":"https:\/\/nextsnkr.com\/product\/michael-kors-8\/"},"modified":"2026-02-01T19:31:57","modified_gmt":"2026-02-01T16:31:57","slug":"michael-kors-8","status":"publish","type":"product","link":"https:\/\/nextsnkr.com\/lt\/produktas\/michael-kors-8\/","title":{"rendered":"Michael Kors krep\u0161ys-Moteri\u0161kas ekologi\u0161kas stilingas krep\u0161ys i\u0161 Turkijos"},"content":{"rendered":"<h2>Michael Kors krep\u0161ys-Moteri\u0161kas ekologi\u0161kas stilingas krep\u0161ys i\u0161 Turkijos<\/h2>\n<p>Michael Kors krep\u0161ys &#8211; eleganti\u0161kas moteri\u0161kas aksesuaras, pagamintas i\u0161 auk\u0161tos kokyb\u0117s ekologi\u0161kos odos, derinantis stili\u0173 ir prakti\u0161kum\u0105. Turkijos modelis turi apgalvot\u0105 dizain\u0105, erdvius kasdieni\u0173 daikt\u0173 skyrius ir patogi\u0105 form\u0105 patogiam d\u0117v\u0117jimui. I\u0161skirtin\u0117 Michael Kors prek\u0117s \u017eenklo i\u0161vaizda ir Firmin\u0117s detal\u0117s pabr\u0117\u017eia savinink\u0117s status\u0105 ir individualum\u0105. Tai idealus pasirinkimas tiems, kurie vertina kokyb\u0119, mados dizain\u0105 ir universalum\u0105 kasdieniame gyvenime. Pasirinkite Michael Kors stiling\u0105 vaizd\u0105 kiekvien\u0105 dien\u0105.<\/p>\n","protected":false},"excerpt":{"rendered":"<p>Michael Kors krep\u0161ys &#8211; eleganti\u0161kas moteri\u0161kas aksesuaras, pagamintas i\u0161 auk\u0161tos kokyb\u0117s ekologi\u0161kos odos, derinantis stili\u0173 ir prakti\u0161kum\u0105. Turkijos modelis turi apgalvot\u0105 dizain\u0105, erdvius kasdieni\u0173 daikt\u0173 skyrius ir patogi\u0105 form\u0105 patogiam d\u0117v\u0117jimui. I\u0161skirtin\u0117 Michael Kors prek\u0117s \u017eenklo i\u0161vaizda ir Firmin\u0117s detal\u0117s pabr\u0117\u017eia savinink\u0117s status\u0105 ir individualum\u0105. Tai idealus pasirinkimas tiems, kurie vertina kokyb\u0119, mados dizain\u0105 ir universalum\u0105 kasdieniame gyvenime. Pasirinkite Michael Kors stiling\u0105 vaizd\u0105 kiekvien\u0105 dien\u0105.<\/p>\n","protected":false},"featured_media":629811,"comment_status":"open","ping_status":"open","template":"","meta":[],"product_brand":[],"product_cat":[3264,3486],"product_tag":[],"class_list":{"0":"post-629807","1":"product","2":"type-product","3":"status-publish","4":"has-post-thumbnail","6":"product_cat-all-product","7":"product_cat-sumky","8":"pa_rozmir-sale-24kh16kh7","10":"first","11":"instock","12":"purchasable","13":"product-type-simple"},"_links":{"self":[{"href":"https:\/\/nextsnkr.com\/lt\/wp-json\/wp\/v2\/product\/629807","targetHints":{"allow":["GET"]}}],"collection":[{"href":"https:\/\/nextsnkr.com\/lt\/wp-json\/wp\/v2\/product"}],"about":[{"href":"https:\/\/nextsnkr.com\/lt\/wp-json\/wp\/v2\/types\/product"}],"replies":[{"embeddable":true,"href":"https:\/\/nextsnkr.com\/lt\/wp-json\/wp\/v2\/comments?post=629807"}],"version-history":[{"count":0,"href":"https:\/\/nextsnkr.com\/lt\/wp-json\/wp\/v2\/product\/629807\/revisions"}],"wp:featuredmedia":[{"embeddable":true,"href":"https:\/\/nextsnkr.com\/lt\/wp-json\/wp\/v2\/media\/629811"}],"wp:attachment":[{"href":"https:\/\/nextsnkr.com\/lt\/wp-json\/wp\/v2\/media?parent=629807"}],"wp:term":[{"taxonomy":"product_brand","embeddable":true,"href":"https:\/\/nextsnkr.com\/lt\/wp-json\/wp\/v2\/product_brand?post=629807"},{"taxonomy":"product_cat","embeddable":true,"href":"https:\/\/nextsnkr.com\/lt\/wp-json\/wp\/v2\/product_cat?post=629807"},{"taxonomy":"product_tag","embeddable":true,"href":"https:\/\/nextsnkr.com\/lt\/wp-json\/wp\/v2\/product_tag?post=629807"}],"curies":[{"name":"wp","href":"https:\/\/api.w.org\/{rel}","templated":true}]}}