{"id":625395,"date":"2025-06-13T09:05:50","date_gmt":"2025-06-13T06:05:50","guid":{"rendered":"https:\/\/nextsnkr.com\/product\/air-jordan-high-green-white\/"},"modified":"2026-02-01T19:29:26","modified_gmt":"2026-02-01T16:29:26","slug":"air-jordan-high-green-white","status":"publish","type":"product","link":"https:\/\/nextsnkr.com\/lt\/produktas\/air-jordan-high-green-white\/","title":{"rendered":"&#8222;Air Jordan High Green White&#8221; i\u0161 nat\u016bralios odos"},"content":{"rendered":"<h2>&#8222;Air Jordan High Green White&#8221; i\u0161 nat\u016bralios odos<\/h2>\n<p>&#8222;Air Jordan High Green White&#8221; gaminami Vietname i\u0161 auk\u0161tos kokyb\u0117s nat\u016bralios odos, derinant stili\u0173, komfort\u0105 ir ilgaam\u017ei\u0161kum\u0105. Ry\u0161kus \u017ealios ir baltos spalvos derinys prideda \u0161vie\u017eumo ir \u0161iuolaiki\u0161kos i\u0161vaizdos, tod\u0117l bateliai yra universal\u016bs kasdieniam d\u0117v\u0117jimui ir vaik\u0161\u010diojimui. Tvirtas padas u\u017etikrina stabilum\u0105 ir patogum\u0105 aktyviai judant. &#8222;Air Jordan&#8221; Kedai pasi\u017eymi legendiniu dizainu ir auk\u0161ta med\u017eiag\u0173 kokybe. U\u017esisakykite dabar ir pabr\u0117\u017ekite savo stili\u0173.<\/p>\n","protected":false},"excerpt":{"rendered":"<p>&#8222;Air Jordan High Green White&#8221; gaminami Vietname i\u0161 auk\u0161tos kokyb\u0117s nat\u016bralios odos, derinant stili\u0173, komfort\u0105 ir ilgaam\u017ei\u0161kum\u0105. Ry\u0161kus \u017ealios ir baltos spalvos derinys prideda \u0161vie\u017eumo ir \u0161iuolaiki\u0161kos i\u0161vaizdos, tod\u0117l bateliai yra universal\u016bs kasdieniam d\u0117v\u0117jimui ir vaik\u0161\u010diojimui. Tvirtas padas u\u017etikrina stabilum\u0105 ir patogum\u0105 aktyviai judant. &#8222;Air Jordan&#8221; Kedai pasi\u017eymi legendiniu dizainu ir auk\u0161ta med\u017eiag\u0173 kokybe. U\u017esisakykite dabar ir pabr\u0117\u017ekite savo stili\u0173.<\/p>\n","protected":false},"featured_media":625396,"comment_status":"open","ping_status":"open","template":"","meta":[],"product_brand":[],"product_cat":[3388,3264,3323],"product_tag":[],"class_list":{"0":"post-625395","1":"product","2":"type-product","3":"status-publish","4":"has-post-thumbnail","6":"product_cat-nike-jordan","7":"product_cat-all-product","8":"product_cat-kedy","9":"pa_rozmir-910","10":"pa_rozmir-912","11":"pa_rozmir-914","12":"pa_rozmir-915","13":"pa_rozmir-916","14":"pa_rozmir-917","15":"pa_rozmir-918","16":"pa_rozmir-919","17":"pa_rozmir-920","18":"pa_rozmir-921","19":"pa_rozmir-922","21":"first","22":"onbackorder","23":"purchasable","24":"product-type-variable"},"_links":{"self":[{"href":"https:\/\/nextsnkr.com\/lt\/wp-json\/wp\/v2\/product\/625395","targetHints":{"allow":["GET"]}}],"collection":[{"href":"https:\/\/nextsnkr.com\/lt\/wp-json\/wp\/v2\/product"}],"about":[{"href":"https:\/\/nextsnkr.com\/lt\/wp-json\/wp\/v2\/types\/product"}],"replies":[{"embeddable":true,"href":"https:\/\/nextsnkr.com\/lt\/wp-json\/wp\/v2\/comments?post=625395"}],"version-history":[{"count":0,"href":"https:\/\/nextsnkr.com\/lt\/wp-json\/wp\/v2\/product\/625395\/revisions"}],"wp:featuredmedia":[{"embeddable":true,"href":"https:\/\/nextsnkr.com\/lt\/wp-json\/wp\/v2\/media\/625396"}],"wp:attachment":[{"href":"https:\/\/nextsnkr.com\/lt\/wp-json\/wp\/v2\/media?parent=625395"}],"wp:term":[{"taxonomy":"product_brand","embeddable":true,"href":"https:\/\/nextsnkr.com\/lt\/wp-json\/wp\/v2\/product_brand?post=625395"},{"taxonomy":"product_cat","embeddable":true,"href":"https:\/\/nextsnkr.com\/lt\/wp-json\/wp\/v2\/product_cat?post=625395"},{"taxonomy":"product_tag","embeddable":true,"href":"https:\/\/nextsnkr.com\/lt\/wp-json\/wp\/v2\/product_tag?post=625395"}],"curies":[{"name":"wp","href":"https:\/\/api.w.org\/{rel}","templated":true}]}}