{"id":625218,"date":"2025-06-13T09:06:11","date_gmt":"2025-06-13T06:06:11","guid":{"rendered":"https:\/\/nextsnkr.com\/product\/air-jordan-1-high-grey-blue\/"},"modified":"2026-02-01T19:29:21","modified_gmt":"2026-02-01T16:29:21","slug":"air-jordan-1-high-grey-blue","status":"publish","type":"product","link":"https:\/\/nextsnkr.com\/lt\/produktas\/air-jordan-1-high-grey-blue\/","title":{"rendered":"&#8222;Air Jordan 1 High Grey Blue&#8221; i\u0161 nat\u016bralios odos"},"content":{"rendered":"<h2>&#8222;Air Jordan 1 High Grey Blue&#8221; i\u0161 nat\u016bralios odos<\/h2>\n<p>&#8222;Air Jordan 1 High Grey Blue&#8221; gaminami Vietname i\u0161 auk\u0161tos kokyb\u0117s nat\u016bralios odos, derinant stili\u0173, komfort\u0105 ir ilgaam\u017ei\u0161kum\u0105. Harmoningas pilkos ir m\u0117lynos spalv\u0173 derinys suteikia \u0161iuolaiki\u0161k\u0105 akcent\u0105 ir universalum\u0105 bet kokiam \u012fvaizd\u017eiui. Tvirtas padas u\u017etikrina stabilum\u0105 ir patogum\u0105 kasdien d\u0117vint ir aktyviai judant. &#8222;Air Jordan&#8221; Kedai pasi\u017eymi legendiniu dizainu ir med\u017eiag\u0173 kokybe. U\u017esisakykite dabar ir pabr\u0117\u017ekite savo stili\u0173.<\/p>\n","protected":false},"excerpt":{"rendered":"<p>&#8222;Air Jordan 1 High Grey Blue&#8221; gaminami Vietname i\u0161 auk\u0161tos kokyb\u0117s nat\u016bralios odos, derinant stili\u0173, komfort\u0105 ir ilgaam\u017ei\u0161kum\u0105. Harmoningas pilkos ir m\u0117lynos spalv\u0173 derinys suteikia \u0161iuolaiki\u0161k\u0105 akcent\u0105 ir universalum\u0105 bet kokiam \u012fvaizd\u017eiui. Tvirtas padas u\u017etikrina stabilum\u0105 ir patogum\u0105 kasdien d\u0117vint ir aktyviai judant. &#8222;Air Jordan&#8221; Kedai pasi\u017eymi legendiniu dizainu ir med\u017eiag\u0173 kokybe. U\u017esisakykite dabar ir pabr\u0117\u017ekite savo stili\u0173.<\/p>\n","protected":false},"featured_media":625219,"comment_status":"open","ping_status":"open","template":"","meta":[],"product_brand":[],"product_cat":[3388,3264,3323],"product_tag":[],"class_list":{"0":"post-625218","1":"product","2":"type-product","3":"status-publish","4":"has-post-thumbnail","6":"product_cat-nike-jordan","7":"product_cat-all-product","8":"product_cat-kedy","9":"pa_rozmir-910","10":"pa_rozmir-912","11":"pa_rozmir-914","12":"pa_rozmir-915","13":"pa_rozmir-916","14":"pa_rozmir-917","15":"pa_rozmir-918","16":"pa_rozmir-919","17":"pa_rozmir-920","18":"pa_rozmir-921","19":"pa_rozmir-922","21":"first","22":"onbackorder","23":"purchasable","24":"product-type-variable"},"_links":{"self":[{"href":"https:\/\/nextsnkr.com\/lt\/wp-json\/wp\/v2\/product\/625218","targetHints":{"allow":["GET"]}}],"collection":[{"href":"https:\/\/nextsnkr.com\/lt\/wp-json\/wp\/v2\/product"}],"about":[{"href":"https:\/\/nextsnkr.com\/lt\/wp-json\/wp\/v2\/types\/product"}],"replies":[{"embeddable":true,"href":"https:\/\/nextsnkr.com\/lt\/wp-json\/wp\/v2\/comments?post=625218"}],"version-history":[{"count":0,"href":"https:\/\/nextsnkr.com\/lt\/wp-json\/wp\/v2\/product\/625218\/revisions"}],"wp:featuredmedia":[{"embeddable":true,"href":"https:\/\/nextsnkr.com\/lt\/wp-json\/wp\/v2\/media\/625219"}],"wp:attachment":[{"href":"https:\/\/nextsnkr.com\/lt\/wp-json\/wp\/v2\/media?parent=625218"}],"wp:term":[{"taxonomy":"product_brand","embeddable":true,"href":"https:\/\/nextsnkr.com\/lt\/wp-json\/wp\/v2\/product_brand?post=625218"},{"taxonomy":"product_cat","embeddable":true,"href":"https:\/\/nextsnkr.com\/lt\/wp-json\/wp\/v2\/product_cat?post=625218"},{"taxonomy":"product_tag","embeddable":true,"href":"https:\/\/nextsnkr.com\/lt\/wp-json\/wp\/v2\/product_tag?post=625218"}],"curies":[{"name":"wp","href":"https:\/\/api.w.org\/{rel}","templated":true}]}}