{"id":621383,"date":"2025-06-17T22:06:14","date_gmt":"2025-06-17T19:06:14","guid":{"rendered":"https:\/\/nextsnkr.com\/product\/timberland-blue\/"},"modified":"2026-02-01T19:27:21","modified_gmt":"2026-02-01T16:27:21","slug":"timberland-blue","status":"publish","type":"product","link":"https:\/\/nextsnkr.com\/lt\/produktas\/timberland-blue\/","title":{"rendered":"Timberland Blue batai-\u017eiemos vandeniui atspar\u016bs nubuko Batai"},"content":{"rendered":"<h2>Timberland Blue batai-\u017eiemos vandeniui atspar\u016bs nubuko Batai<\/h2>\n<p>Timberland Blue batai pagaminti i\u0161 nat\u016bralaus nubuko su mink\u0161tu poliuretano padu, kuris u\u017etikrina komfort\u0105 ir ilgaam\u017ei\u0161kum\u0105. Vidinis \u0161iltinimas dirbtiniais kailiais palaiko \u0161ilum\u0105 net iki -25\u00b0C temperat\u016broje. vandeniui atspari konstrukcija ir patvarios med\u017eiagos daro \u0161iuos \u017eiemos batus Idealiai tinka aktyviam miesto gyvenimui ir \u017eiemos pasivaik\u0161\u010diojimams, derinant Timberland prek\u0117s \u017eenklo stili\u0173 ir auk\u0161\u010diausios kokyb\u0117s.<\/p>\n","protected":false},"excerpt":{"rendered":"<p>Timberland Blue batai pagaminti i\u0161 nat\u016bralaus nubuko su mink\u0161tu poliuretano padu, kuris u\u017etikrina komfort\u0105 ir ilgaam\u017ei\u0161kum\u0105. Vidinis \u0161iltinimas dirbtiniais kailiais palaiko \u0161ilum\u0105 net iki -25\u00b0C temperat\u016broje. vandeniui atspari konstrukcija ir patvarios med\u017eiagos daro \u0161iuos \u017eiemos batus Idealiai tinka aktyviam miesto gyvenimui ir \u017eiemos pasivaik\u0161\u010diojimams, derinant Timberland prek\u0117s \u017eenklo stili\u0173 ir auk\u0161\u010diausios kokyb\u0117s.<\/p>\n","protected":false},"featured_media":621384,"comment_status":"open","ping_status":"open","template":"","meta":[],"product_brand":[],"product_cat":[3264,3336],"product_tag":[],"class_list":{"0":"post-621383","1":"product","2":"type-product","3":"status-publish","4":"has-post-thumbnail","6":"product_cat-all-product","7":"product_cat-cherevyky","8":"pa_rozmir-910","9":"pa_rozmir-912","10":"pa_rozmir-914","11":"pa_rozmir-915","12":"pa_rozmir-916","13":"pa_rozmir-917","14":"pa_rozmir-918","15":"pa_rozmir-919","16":"pa_rozmir-920","17":"pa_rozmir-921","18":"pa_rozmir-922","20":"first","21":"onbackorder","22":"purchasable","23":"product-type-variable"},"_links":{"self":[{"href":"https:\/\/nextsnkr.com\/lt\/wp-json\/wp\/v2\/product\/621383","targetHints":{"allow":["GET"]}}],"collection":[{"href":"https:\/\/nextsnkr.com\/lt\/wp-json\/wp\/v2\/product"}],"about":[{"href":"https:\/\/nextsnkr.com\/lt\/wp-json\/wp\/v2\/types\/product"}],"replies":[{"embeddable":true,"href":"https:\/\/nextsnkr.com\/lt\/wp-json\/wp\/v2\/comments?post=621383"}],"version-history":[{"count":0,"href":"https:\/\/nextsnkr.com\/lt\/wp-json\/wp\/v2\/product\/621383\/revisions"}],"wp:featuredmedia":[{"embeddable":true,"href":"https:\/\/nextsnkr.com\/lt\/wp-json\/wp\/v2\/media\/621384"}],"wp:attachment":[{"href":"https:\/\/nextsnkr.com\/lt\/wp-json\/wp\/v2\/media?parent=621383"}],"wp:term":[{"taxonomy":"product_brand","embeddable":true,"href":"https:\/\/nextsnkr.com\/lt\/wp-json\/wp\/v2\/product_brand?post=621383"},{"taxonomy":"product_cat","embeddable":true,"href":"https:\/\/nextsnkr.com\/lt\/wp-json\/wp\/v2\/product_cat?post=621383"},{"taxonomy":"product_tag","embeddable":true,"href":"https:\/\/nextsnkr.com\/lt\/wp-json\/wp\/v2\/product_tag?post=621383"}],"curies":[{"name":"wp","href":"https:\/\/api.w.org\/{rel}","templated":true}]}}