{"id":619003,"date":"2025-06-17T22:18:20","date_gmt":"2025-06-17T19:18:20","guid":{"rendered":"https:\/\/nextsnkr.com\/product\/nike-air-max-plus-black-france-blue\/"},"modified":"2026-02-01T19:26:05","modified_gmt":"2026-02-01T16:26:05","slug":"nike-air-max-plus-black-france-blue","status":"publish","type":"product","link":"https:\/\/nextsnkr.com\/lt\/produktas\/nike-air-max-plus-black-france-blue\/","title":{"rendered":"Sportba\u010diai Nike Air Max Plus Black France Blue oda \/ tekstil\u0117"},"content":{"rendered":"<h2>Sportba\u010diai Nike Air Max Plus Black France Blue oda \/ tekstil\u0117<\/h2>\n<p>\u0160iuolaikin\u0117s Nike Air Max Plus Black France Blue sujungia tvirt\u0105 od\u0105 ir kv\u0117puojan\u010di\u0105 tekstil\u0119, u\u017etikrinan\u010di\u0105 komfort\u0105 ir stili\u0173 vis\u0105 dien\u0105. Nike sportiniai bateliai turi amortizuojant\u012f pad\u0105 aktyviam gyvenimo b\u016bdui ir pabr\u0117\u017eia individual\u0173 stili\u0173, idealiai tinka kasdieniam naudojimui ir sportiniams pasivaik\u0161\u010diojimams.<\/p>\n","protected":false},"excerpt":{"rendered":"<p>\u0160iuolaikin\u0117s Nike Air Max Plus Black France Blue sujungia tvirt\u0105 od\u0105 ir kv\u0117puojan\u010di\u0105 tekstil\u0119, u\u017etikrinan\u010di\u0105 komfort\u0105 ir stili\u0173 vis\u0105 dien\u0105. Nike sportiniai bateliai turi amortizuojant\u012f pad\u0105 aktyviam gyvenimo b\u016bdui ir pabr\u0117\u017eia individual\u0173 stili\u0173, idealiai tinka kasdieniam naudojimui ir sportiniams pasivaik\u0161\u010diojimams.<\/p>\n","protected":false},"featured_media":619004,"comment_status":"open","ping_status":"open","template":"","meta":[],"product_brand":[],"product_cat":[3264,3265],"product_tag":[],"class_list":{"0":"post-619003","1":"product","2":"type-product","3":"status-publish","4":"has-post-thumbnail","6":"product_cat-all-product","7":"product_cat-krosivky","8":"pa_rozmir-910","9":"pa_rozmir-912","10":"pa_rozmir-914","11":"pa_rozmir-915","12":"pa_rozmir-916","13":"pa_rozmir-917","14":"pa_rozmir-918","15":"pa_rozmir-919","16":"pa_rozmir-920","17":"pa_rozmir-921","18":"pa_rozmir-922","20":"first","21":"onbackorder","22":"purchasable","23":"product-type-variable"},"_links":{"self":[{"href":"https:\/\/nextsnkr.com\/lt\/wp-json\/wp\/v2\/product\/619003","targetHints":{"allow":["GET"]}}],"collection":[{"href":"https:\/\/nextsnkr.com\/lt\/wp-json\/wp\/v2\/product"}],"about":[{"href":"https:\/\/nextsnkr.com\/lt\/wp-json\/wp\/v2\/types\/product"}],"replies":[{"embeddable":true,"href":"https:\/\/nextsnkr.com\/lt\/wp-json\/wp\/v2\/comments?post=619003"}],"version-history":[{"count":0,"href":"https:\/\/nextsnkr.com\/lt\/wp-json\/wp\/v2\/product\/619003\/revisions"}],"wp:featuredmedia":[{"embeddable":true,"href":"https:\/\/nextsnkr.com\/lt\/wp-json\/wp\/v2\/media\/619004"}],"wp:attachment":[{"href":"https:\/\/nextsnkr.com\/lt\/wp-json\/wp\/v2\/media?parent=619003"}],"wp:term":[{"taxonomy":"product_brand","embeddable":true,"href":"https:\/\/nextsnkr.com\/lt\/wp-json\/wp\/v2\/product_brand?post=619003"},{"taxonomy":"product_cat","embeddable":true,"href":"https:\/\/nextsnkr.com\/lt\/wp-json\/wp\/v2\/product_cat?post=619003"},{"taxonomy":"product_tag","embeddable":true,"href":"https:\/\/nextsnkr.com\/lt\/wp-json\/wp\/v2\/product_tag?post=619003"}],"curies":[{"name":"wp","href":"https:\/\/api.w.org\/{rel}","templated":true}]}}