{"id":618825,"date":"2025-06-17T22:19:13","date_gmt":"2025-06-17T19:19:13","guid":{"rendered":"https:\/\/nextsnkr.com\/product\/nike-air-max-plus-double-swoosh-white-black\/"},"modified":"2026-02-01T19:26:01","modified_gmt":"2026-02-01T16:26:01","slug":"nike-air-max-plus-double-swoosh-white-black","status":"publish","type":"product","link":"https:\/\/nextsnkr.com\/lt\/produktas\/nike-air-max-plus-double-swoosh-white-black\/","title":{"rendered":"Batai Nike Air Max Plus Double Swoosh White \/ Black &#8211; vyri\u0161ki odiniai batai"},"content":{"rendered":"<h2>Batai Nike Air Max Plus Double Swoosh White \/ Black &#8211; vyri\u0161ki odiniai batai<\/h2>\n<p>Nike Air Max Plus Double Swoosh White \/ Black-stilingi vyri\u0161ki sportba\u010diai su nat\u016bralios odos ir kv\u0117puojan\u010dios tekstil\u0117s deriniu, u\u017etikrinantys komfort\u0105, tvirtum\u0105 ir p\u0117dos palaikym\u0105. Modelis idealiai tinka kasdieniniam d\u0117v\u0117jimui ir sporto veiklai d\u0117l amortizuojan\u010dio pado ir\u0438\u0447onomi\u0161ko dizaino. Balta ir juoda spalv\u0173 derinys prideda modern\u0173 stili\u0173 ir universalum\u0105, pabr\u0117\u017eiant individualum\u0105. Gamyba Vietname garantuoja auk\u0161t\u0105 med\u017eiag\u0173 kokyb\u0119 ir ilgaam\u017ei\u0161kum\u0105.<\/p>\n","protected":false},"excerpt":{"rendered":"<p>Nike Air Max Plus Double Swoosh White \/ Black-stilingi vyri\u0161ki sportba\u010diai su nat\u016bralios odos ir kv\u0117puojan\u010dios tekstil\u0117s deriniu, u\u017etikrinantys komfort\u0105, tvirtum\u0105 ir p\u0117dos palaikym\u0105. Modelis idealiai tinka kasdieniniam d\u0117v\u0117jimui ir sporto veiklai d\u0117l amortizuojan\u010dio pado ir\u0438\u0447onomi\u0161ko dizaino. Balta ir juoda spalv\u0173 derinys prideda modern\u0173 stili\u0173 ir universalum\u0105, pabr\u0117\u017eiant individualum\u0105. Gamyba Vietname garantuoja auk\u0161t\u0105 med\u017eiag\u0173 kokyb\u0119 ir ilgaam\u017ei\u0161kum\u0105.<\/p>\n","protected":false},"featured_media":618826,"comment_status":"open","ping_status":"open","template":"","meta":[],"product_brand":[],"product_cat":[3264,3265],"product_tag":[],"class_list":{"0":"post-618825","1":"product","2":"type-product","3":"status-publish","4":"has-post-thumbnail","6":"product_cat-all-product","7":"product_cat-krosivky","8":"pa_rozmir-910","9":"pa_rozmir-912","10":"pa_rozmir-914","11":"pa_rozmir-915","12":"pa_rozmir-916","13":"pa_rozmir-917","14":"pa_rozmir-918","15":"pa_rozmir-919","16":"pa_rozmir-920","17":"pa_rozmir-921","18":"pa_rozmir-922","20":"first","21":"onbackorder","22":"purchasable","23":"product-type-variable"},"_links":{"self":[{"href":"https:\/\/nextsnkr.com\/lt\/wp-json\/wp\/v2\/product\/618825","targetHints":{"allow":["GET"]}}],"collection":[{"href":"https:\/\/nextsnkr.com\/lt\/wp-json\/wp\/v2\/product"}],"about":[{"href":"https:\/\/nextsnkr.com\/lt\/wp-json\/wp\/v2\/types\/product"}],"replies":[{"embeddable":true,"href":"https:\/\/nextsnkr.com\/lt\/wp-json\/wp\/v2\/comments?post=618825"}],"version-history":[{"count":0,"href":"https:\/\/nextsnkr.com\/lt\/wp-json\/wp\/v2\/product\/618825\/revisions"}],"wp:featuredmedia":[{"embeddable":true,"href":"https:\/\/nextsnkr.com\/lt\/wp-json\/wp\/v2\/media\/618826"}],"wp:attachment":[{"href":"https:\/\/nextsnkr.com\/lt\/wp-json\/wp\/v2\/media?parent=618825"}],"wp:term":[{"taxonomy":"product_brand","embeddable":true,"href":"https:\/\/nextsnkr.com\/lt\/wp-json\/wp\/v2\/product_brand?post=618825"},{"taxonomy":"product_cat","embeddable":true,"href":"https:\/\/nextsnkr.com\/lt\/wp-json\/wp\/v2\/product_cat?post=618825"},{"taxonomy":"product_tag","embeddable":true,"href":"https:\/\/nextsnkr.com\/lt\/wp-json\/wp\/v2\/product_tag?post=618825"}],"curies":[{"name":"wp","href":"https:\/\/api.w.org\/{rel}","templated":true}]}}