{"id":618487,"date":"2025-06-17T22:20:57","date_gmt":"2025-06-17T19:20:57","guid":{"rendered":"https:\/\/nextsnkr.com\/product\/nike-air-max-plus-tn-tiffany-quad\/"},"modified":"2026-02-01T19:25:51","modified_gmt":"2026-02-01T16:25:51","slug":"nike-air-max-plus-tn-tiffany-quad","status":"publish","type":"product","link":"https:\/\/nextsnkr.com\/lt\/produktas\/nike-air-max-plus-tn-tiffany-quad\/","title":{"rendered":"Nike Air Max Plus tn &#8221; Tiffany Road-stilius ir komfortas"},"content":{"rendered":"<h2>Nike Air Max Plus tn &#8221; Tiffany Road-stilius ir komfortas<\/h2>\n<p>Nike Air Max Plus tn &#8222;Tiffany Quad&#8221; sportiniai bateliai derina \u0161iuolaiki\u0161k\u0105 dizain\u0105 ir didel\u012f komfort\u0105 kasdieniam d\u0117v\u0117jimui. Pagaminti i\u0161 auk\u0161tos kokyb\u0117s tekstil\u0117s, jie u\u017etikrina lengvum\u0105, kv\u0117pavim\u0105 ir stabilum\u0105 aktyviu judesiu. Firmin\u0117 &#8222;Air Max&#8221; amortizacija u\u017etikrina p\u0117dos patogum\u0105 ir palaikym\u0105, o ry\u0161kus &#8222;Tiffany Road&#8221; spalv\u0173 sprendimas daro model\u012f \u012fdom\u0173 ir mading\u0105. Idealus pasirinkimas tiems, kurie vertina stili\u0173, kokyb\u0119 ir komfort\u0105 kasdieniame gyvenime.<\/p>\n","protected":false},"excerpt":{"rendered":"<p>Nike Air Max Plus tn &#8222;Tiffany Quad&#8221; sportiniai bateliai derina \u0161iuolaiki\u0161k\u0105 dizain\u0105 ir didel\u012f komfort\u0105 kasdieniam d\u0117v\u0117jimui. Pagaminti i\u0161 auk\u0161tos kokyb\u0117s tekstil\u0117s, jie u\u017etikrina lengvum\u0105, kv\u0117pavim\u0105 ir stabilum\u0105 aktyviu judesiu. Firmin\u0117 &#8222;Air Max&#8221; amortizacija u\u017etikrina p\u0117dos patogum\u0105 ir palaikym\u0105, o ry\u0161kus &#8222;Tiffany Road&#8221; spalv\u0173 sprendimas daro model\u012f \u012fdom\u0173 ir mading\u0105. Idealus pasirinkimas tiems, kurie vertina stili\u0173, kokyb\u0119 ir komfort\u0105 kasdieniame gyvenime.<\/p>\n","protected":false},"featured_media":618488,"comment_status":"open","ping_status":"open","template":"","meta":[],"product_brand":[],"product_cat":[3264,3265],"product_tag":[],"class_list":{"0":"post-618487","1":"product","2":"type-product","3":"status-publish","4":"has-post-thumbnail","6":"product_cat-all-product","7":"product_cat-krosivky","8":"pa_rozmir-910","9":"pa_rozmir-912","10":"pa_rozmir-914","11":"pa_rozmir-915","12":"pa_rozmir-916","13":"pa_rozmir-917","14":"pa_rozmir-918","15":"pa_rozmir-919","16":"pa_rozmir-920","17":"pa_rozmir-921","18":"pa_rozmir-922","20":"first","21":"onbackorder","22":"purchasable","23":"product-type-variable"},"_links":{"self":[{"href":"https:\/\/nextsnkr.com\/lt\/wp-json\/wp\/v2\/product\/618487","targetHints":{"allow":["GET"]}}],"collection":[{"href":"https:\/\/nextsnkr.com\/lt\/wp-json\/wp\/v2\/product"}],"about":[{"href":"https:\/\/nextsnkr.com\/lt\/wp-json\/wp\/v2\/types\/product"}],"replies":[{"embeddable":true,"href":"https:\/\/nextsnkr.com\/lt\/wp-json\/wp\/v2\/comments?post=618487"}],"version-history":[{"count":0,"href":"https:\/\/nextsnkr.com\/lt\/wp-json\/wp\/v2\/product\/618487\/revisions"}],"wp:featuredmedia":[{"embeddable":true,"href":"https:\/\/nextsnkr.com\/lt\/wp-json\/wp\/v2\/media\/618488"}],"wp:attachment":[{"href":"https:\/\/nextsnkr.com\/lt\/wp-json\/wp\/v2\/media?parent=618487"}],"wp:term":[{"taxonomy":"product_brand","embeddable":true,"href":"https:\/\/nextsnkr.com\/lt\/wp-json\/wp\/v2\/product_brand?post=618487"},{"taxonomy":"product_cat","embeddable":true,"href":"https:\/\/nextsnkr.com\/lt\/wp-json\/wp\/v2\/product_cat?post=618487"},{"taxonomy":"product_tag","embeddable":true,"href":"https:\/\/nextsnkr.com\/lt\/wp-json\/wp\/v2\/product_tag?post=618487"}],"curies":[{"name":"wp","href":"https:\/\/api.w.org\/{rel}","templated":true}]}}