{"id":618318,"date":"2025-06-17T22:21:50","date_gmt":"2025-06-17T19:21:50","guid":{"rendered":"https:\/\/nextsnkr.com\/product\/nike-tn-orange\/"},"modified":"2026-02-01T19:25:45","modified_gmt":"2026-02-01T16:25:45","slug":"nike-tn-orange","status":"publish","type":"product","link":"https:\/\/nextsnkr.com\/lt\/produktas\/nike-tn-orange\/","title":{"rendered":"Nike Tn + Orange sportiniai bateliai sportui ir kasdieniam d\u0117v\u0117jimui"},"content":{"rendered":"<h2>Nike Tn + Orange sportiniai bateliai sportui ir kasdieniam d\u0117v\u0117jimui<\/h2>\n<p>Nike Tn + Orange-ry\u0161k\u016bs sportba\u010diai i\u0161 tekstil\u0117s tinklelio P\u0117dos komfortui ir kv\u0117pavimui. Lengvas dizainas ir modernus dizainas Puikiai tinka aktyviam gyvenimo b\u016bdui, sportui ir pasivaik\u0161\u010diojimams po miest\u0105. \u0160ie sportba\u010diai derina stili\u0173, patogum\u0105 ir kokyb\u0119, u\u017etikrinant patikim\u0105 nusid\u0117v\u0117jim\u0105 ir param\u0105 va\u017eiuojant. Pasirinkite Nike Tn + Orange, kad kasdien b\u016bt\u0173 \u0161viesus vaizdas ir komfortas.<\/p>\n","protected":false},"excerpt":{"rendered":"<p>Nike Tn + Orange-ry\u0161k\u016bs sportba\u010diai i\u0161 tekstil\u0117s tinklelio P\u0117dos komfortui ir kv\u0117pavimui. Lengvas dizainas ir modernus dizainas Puikiai tinka aktyviam gyvenimo b\u016bdui, sportui ir pasivaik\u0161\u010diojimams po miest\u0105. \u0160ie sportba\u010diai derina stili\u0173, patogum\u0105 ir kokyb\u0119, u\u017etikrinant patikim\u0105 nusid\u0117v\u0117jim\u0105 ir param\u0105 va\u017eiuojant. Pasirinkite Nike Tn + Orange, kad kasdien b\u016bt\u0173 \u0161viesus vaizdas ir komfortas.<\/p>\n","protected":false},"featured_media":618319,"comment_status":"open","ping_status":"open","template":"","meta":[],"product_brand":[],"product_cat":[3264,3265],"product_tag":[],"class_list":{"0":"post-618318","1":"product","2":"type-product","3":"status-publish","4":"has-post-thumbnail","6":"product_cat-all-product","7":"product_cat-krosivky","8":"pa_rozmir-910","9":"pa_rozmir-912","10":"pa_rozmir-914","11":"pa_rozmir-915","12":"pa_rozmir-916","13":"pa_rozmir-917","14":"pa_rozmir-918","15":"pa_rozmir-919","16":"pa_rozmir-920","17":"pa_rozmir-921","18":"pa_rozmir-922","20":"first","21":"onbackorder","22":"purchasable","23":"product-type-variable"},"_links":{"self":[{"href":"https:\/\/nextsnkr.com\/lt\/wp-json\/wp\/v2\/product\/618318","targetHints":{"allow":["GET"]}}],"collection":[{"href":"https:\/\/nextsnkr.com\/lt\/wp-json\/wp\/v2\/product"}],"about":[{"href":"https:\/\/nextsnkr.com\/lt\/wp-json\/wp\/v2\/types\/product"}],"replies":[{"embeddable":true,"href":"https:\/\/nextsnkr.com\/lt\/wp-json\/wp\/v2\/comments?post=618318"}],"version-history":[{"count":0,"href":"https:\/\/nextsnkr.com\/lt\/wp-json\/wp\/v2\/product\/618318\/revisions"}],"wp:featuredmedia":[{"embeddable":true,"href":"https:\/\/nextsnkr.com\/lt\/wp-json\/wp\/v2\/media\/618319"}],"wp:attachment":[{"href":"https:\/\/nextsnkr.com\/lt\/wp-json\/wp\/v2\/media?parent=618318"}],"wp:term":[{"taxonomy":"product_brand","embeddable":true,"href":"https:\/\/nextsnkr.com\/lt\/wp-json\/wp\/v2\/product_brand?post=618318"},{"taxonomy":"product_cat","embeddable":true,"href":"https:\/\/nextsnkr.com\/lt\/wp-json\/wp\/v2\/product_cat?post=618318"},{"taxonomy":"product_tag","embeddable":true,"href":"https:\/\/nextsnkr.com\/lt\/wp-json\/wp\/v2\/product_tag?post=618318"}],"curies":[{"name":"wp","href":"https:\/\/api.w.org\/{rel}","templated":true}]}}