{"id":615414,"date":"2025-06-17T22:52:41","date_gmt":"2025-06-17T19:52:41","guid":{"rendered":"https:\/\/nextsnkr.com\/product\/muzhskoe-bele-champion-grey\/"},"modified":"2026-02-01T19:24:03","modified_gmt":"2026-02-01T16:24:03","slug":"muzhskoe-bele-champion-grey","status":"publish","type":"product","link":"https:\/\/nextsnkr.com\/lt\/produktas\/muzhskoe-bele-champion-grey\/","title":{"rendered":"Vyri\u0161ki apatiniai CHAMPION Grey Medviln\u0117 \/ elastanas patogus"},"content":{"rendered":"<h2>Vyri\u0161ki apatiniai CHAMPION Grey Medviln\u0117 \/ elastanas patogus<\/h2>\n<p>&#8222;CHAMPION Grey&#8221; apatiniai drabu\u017eiai yra pagaminti i\u0161 95% medviln\u0117s ir 5% elastano kokyb\u0117s derinio, kuris u\u017etikrina komfort\u0105, elastingum\u0105 ir ilgaam\u017ei\u0161kum\u0105. Galimi S-XXL matmenys tinka \u012fvairiems k\u016bno tipams. Mink\u0161ta med\u017eiaga kv\u0117puoja, netrukdo jud\u0117ti ir palaiko patogum\u0105 vis\u0105 dien\u0105. Idealus pasirinkimas kasdieniam d\u0117v\u0117jimui, sportui ir aktyviam gyvenimo b\u016bdui derina auk\u0161\u010diausios kokyb\u0117s prek\u0117s \u017eenkl\u0105 &#8222;CHAMPION&#8221; ir \u0161iuolaikin\u012f stili\u0173.<\/p>\n","protected":false},"excerpt":{"rendered":"<p>&#8222;CHAMPION Grey&#8221; apatiniai drabu\u017eiai yra pagaminti i\u0161 95% medviln\u0117s ir 5% elastano kokyb\u0117s derinio, kuris u\u017etikrina komfort\u0105, elastingum\u0105 ir ilgaam\u017ei\u0161kum\u0105. Galimi S-XXL matmenys tinka \u012fvairiems k\u016bno tipams. Mink\u0161ta med\u017eiaga kv\u0117puoja, netrukdo jud\u0117ti ir palaiko patogum\u0105 vis\u0105 dien\u0105. Idealus pasirinkimas kasdieniam d\u0117v\u0117jimui, sportui ir aktyviam gyvenimo b\u016bdui derina auk\u0161\u010diausios kokyb\u0117s prek\u0117s \u017eenkl\u0105 &#8222;CHAMPION&#8221; ir \u0161iuolaikin\u012f stili\u0173.<\/p>\n","protected":false},"featured_media":615415,"comment_status":"open","ping_status":"open","template":"","meta":[],"product_brand":[],"product_cat":[3264,3557],"product_tag":[],"class_list":{"0":"post-615414","1":"product","2":"type-product","3":"status-publish","4":"has-post-thumbnail","6":"product_cat-all-product","7":"product_cat-cholovicha-bilyzna","8":"pa_rozmir-s","9":"pa_rozmir-m","10":"pa_rozmir-l","11":"pa_rozmir-xl","12":"pa_rozmir-xxl","14":"first","15":"onbackorder","16":"purchasable","17":"product-type-variable"},"_links":{"self":[{"href":"https:\/\/nextsnkr.com\/lt\/wp-json\/wp\/v2\/product\/615414","targetHints":{"allow":["GET"]}}],"collection":[{"href":"https:\/\/nextsnkr.com\/lt\/wp-json\/wp\/v2\/product"}],"about":[{"href":"https:\/\/nextsnkr.com\/lt\/wp-json\/wp\/v2\/types\/product"}],"replies":[{"embeddable":true,"href":"https:\/\/nextsnkr.com\/lt\/wp-json\/wp\/v2\/comments?post=615414"}],"version-history":[{"count":0,"href":"https:\/\/nextsnkr.com\/lt\/wp-json\/wp\/v2\/product\/615414\/revisions"}],"wp:featuredmedia":[{"embeddable":true,"href":"https:\/\/nextsnkr.com\/lt\/wp-json\/wp\/v2\/media\/615415"}],"wp:attachment":[{"href":"https:\/\/nextsnkr.com\/lt\/wp-json\/wp\/v2\/media?parent=615414"}],"wp:term":[{"taxonomy":"product_brand","embeddable":true,"href":"https:\/\/nextsnkr.com\/lt\/wp-json\/wp\/v2\/product_brand?post=615414"},{"taxonomy":"product_cat","embeddable":true,"href":"https:\/\/nextsnkr.com\/lt\/wp-json\/wp\/v2\/product_cat?post=615414"},{"taxonomy":"product_tag","embeddable":true,"href":"https:\/\/nextsnkr.com\/lt\/wp-json\/wp\/v2\/product_tag?post=615414"}],"curies":[{"name":"wp","href":"https:\/\/api.w.org\/{rel}","templated":true}]}}