{"id":615322,"date":"2025-06-17T22:53:03","date_gmt":"2025-06-17T19:53:03","guid":{"rendered":"https:\/\/nextsnkr.com\/product\/muzhskoe-bele-palace-red\/"},"modified":"2026-02-01T19:23:59","modified_gmt":"2026-02-01T16:23:59","slug":"muzhskoe-bele-palace-red","status":"publish","type":"product","link":"https:\/\/nextsnkr.com\/lt\/produktas\/muzhskoe-bele-palace-red\/","title":{"rendered":"Vyri\u0161ki apatiniai drabu\u017eiai Palace Red-Patogus medviln\u0117s ir elastano"},"content":{"rendered":"<h2>Vyri\u0161ki apatiniai drabu\u017eiai Palace Red-Patogus medviln\u0117s ir elastano<\/h2>\n<p>&#8222;Palace Red&#8221; apatiniai drabu\u017eiai pagaminti i\u0161 auk\u0161tos kokyb\u0117s med\u017eiagos: 93% medviln\u0117s ir 7% elastano, kuris u\u017etikrina maksimal\u0173 komfort\u0105, elastingum\u0105 ir jud\u0117jimo laisv\u0119. S-XXL dyd\u017eio modelis idealiai tinka kasdieniam naudojimui. Stilinga raudona spalva ir prek\u0117s \u017eenklo kokyb\u0117 garantuoja ilgaam\u017ei\u0161kum\u0105 ir malonius poj\u016b\u010dius d\u0117vint, derinant prakti\u0161kum\u0105 ir modern\u0173 dizain\u0105.<\/p>\n","protected":false},"excerpt":{"rendered":"<p>&#8222;Palace Red&#8221; apatiniai drabu\u017eiai pagaminti i\u0161 auk\u0161tos kokyb\u0117s med\u017eiagos: 93% medviln\u0117s ir 7% elastano, kuris u\u017etikrina maksimal\u0173 komfort\u0105, elastingum\u0105 ir jud\u0117jimo laisv\u0119. S-XXL dyd\u017eio modelis idealiai tinka kasdieniam naudojimui. Stilinga raudona spalva ir prek\u0117s \u017eenklo kokyb\u0117 garantuoja ilgaam\u017ei\u0161kum\u0105 ir malonius poj\u016b\u010dius d\u0117vint, derinant prakti\u0161kum\u0105 ir modern\u0173 dizain\u0105.<\/p>\n","protected":false},"featured_media":615323,"comment_status":"open","ping_status":"open","template":"","meta":[],"product_brand":[],"product_cat":[3264,3557],"product_tag":[],"class_list":{"0":"post-615322","1":"product","2":"type-product","3":"status-publish","4":"has-post-thumbnail","6":"product_cat-all-product","7":"product_cat-cholovicha-bilyzna","8":"pa_rozmir-s","9":"pa_rozmir-m","10":"pa_rozmir-l","11":"pa_rozmir-xl","12":"pa_rozmir-xxl","14":"first","15":"onbackorder","16":"purchasable","17":"product-type-variable"},"_links":{"self":[{"href":"https:\/\/nextsnkr.com\/lt\/wp-json\/wp\/v2\/product\/615322","targetHints":{"allow":["GET"]}}],"collection":[{"href":"https:\/\/nextsnkr.com\/lt\/wp-json\/wp\/v2\/product"}],"about":[{"href":"https:\/\/nextsnkr.com\/lt\/wp-json\/wp\/v2\/types\/product"}],"replies":[{"embeddable":true,"href":"https:\/\/nextsnkr.com\/lt\/wp-json\/wp\/v2\/comments?post=615322"}],"version-history":[{"count":0,"href":"https:\/\/nextsnkr.com\/lt\/wp-json\/wp\/v2\/product\/615322\/revisions"}],"wp:featuredmedia":[{"embeddable":true,"href":"https:\/\/nextsnkr.com\/lt\/wp-json\/wp\/v2\/media\/615323"}],"wp:attachment":[{"href":"https:\/\/nextsnkr.com\/lt\/wp-json\/wp\/v2\/media?parent=615322"}],"wp:term":[{"taxonomy":"product_brand","embeddable":true,"href":"https:\/\/nextsnkr.com\/lt\/wp-json\/wp\/v2\/product_brand?post=615322"},{"taxonomy":"product_cat","embeddable":true,"href":"https:\/\/nextsnkr.com\/lt\/wp-json\/wp\/v2\/product_cat?post=615322"},{"taxonomy":"product_tag","embeddable":true,"href":"https:\/\/nextsnkr.com\/lt\/wp-json\/wp\/v2\/product_tag?post=615322"}],"curies":[{"name":"wp","href":"https:\/\/api.w.org\/{rel}","templated":true}]}}