{"id":615140,"date":"2025-06-17T22:53:53","date_gmt":"2025-06-17T19:53:53","guid":{"rendered":"https:\/\/nextsnkr.com\/product\/zhenskoe-bele-calvin-klein-black\/"},"modified":"2026-02-01T19:23:50","modified_gmt":"2026-02-01T16:23:50","slug":"zhenskoe-bele-calvin-klein-black","status":"publish","type":"product","link":"https:\/\/nextsnkr.com\/lt\/produktas\/zhenskoe-bele-calvin-klein-black\/","title":{"rendered":"Moteri\u0161kas apatinis trikota\u017eas Calvin Klein Black-komforti\u0161kas i\u0161 medviln\u0117s ir elastano"},"content":{"rendered":"<h2>Moteri\u0161kas apatinis trikota\u017eas Calvin Klein Black-komforti\u0161kas i\u0161 medviln\u0117s ir elastano<\/h2>\n<p>&#8222;Calvin Klein Black&#8221; moteri\u0161ki apatiniai drabu\u017eiai yra pagaminti i\u0161 auk\u0161tos kokyb\u0117s medviln\u0117s ir elastano (95%\/5%) derinio, kuris vis\u0105 dien\u0105 u\u017etikrina mink\u0161tum\u0105, elastingum\u0105 ir komfort\u0105. Stilinga juoda spalva pabr\u0117\u017eia komplekto elegancij\u0105 ir universalum\u0105, o apgalvotas pjovimas ir kokybi\u0161kos si\u016bl\u0117s u\u017etikrina ideal\u0173 M, L, XL matmen\u0173 sodinim\u0105. Idealus pasirinkimas tiems, kurie vertina &#8222;Calvin Klein&#8221; prek\u0117s \u017eenkl\u0105 ir komforto ir \u0161iuolaikinio dizaino derin\u012f kasdieniame apatiniame trikota\u017ee.<\/p>\n","protected":false},"excerpt":{"rendered":"<p>&#8222;Calvin Klein Black&#8221; moteri\u0161ki apatiniai drabu\u017eiai yra pagaminti i\u0161 auk\u0161tos kokyb\u0117s medviln\u0117s ir elastano (95%\/5%) derinio, kuris vis\u0105 dien\u0105 u\u017etikrina mink\u0161tum\u0105, elastingum\u0105 ir komfort\u0105. Stilinga juoda spalva pabr\u0117\u017eia komplekto elegancij\u0105 ir universalum\u0105, o apgalvotas pjovimas ir kokybi\u0161kos si\u016bl\u0117s u\u017etikrina ideal\u0173 M, L, XL matmen\u0173 sodinim\u0105. Idealus pasirinkimas tiems, kurie vertina &#8222;Calvin Klein&#8221; prek\u0117s \u017eenkl\u0105 ir komforto ir \u0161iuolaikinio dizaino derin\u012f kasdieniame apatiniame trikota\u017ee.<\/p>\n","protected":false},"featured_media":615141,"comment_status":"open","ping_status":"open","template":"","meta":[],"product_brand":[],"product_cat":[3264],"product_tag":[],"class_list":{"0":"post-615140","1":"product","2":"type-product","3":"status-publish","4":"has-post-thumbnail","6":"product_cat-all-product","7":"pa_rozmir-s","8":"pa_rozmir-m","9":"pa_rozmir-l","10":"pa_rozmir-xl","11":"pa_rozmir-xxl","13":"first","14":"onbackorder","15":"purchasable","16":"product-type-variable"},"_links":{"self":[{"href":"https:\/\/nextsnkr.com\/lt\/wp-json\/wp\/v2\/product\/615140","targetHints":{"allow":["GET"]}}],"collection":[{"href":"https:\/\/nextsnkr.com\/lt\/wp-json\/wp\/v2\/product"}],"about":[{"href":"https:\/\/nextsnkr.com\/lt\/wp-json\/wp\/v2\/types\/product"}],"replies":[{"embeddable":true,"href":"https:\/\/nextsnkr.com\/lt\/wp-json\/wp\/v2\/comments?post=615140"}],"version-history":[{"count":0,"href":"https:\/\/nextsnkr.com\/lt\/wp-json\/wp\/v2\/product\/615140\/revisions"}],"wp:featuredmedia":[{"embeddable":true,"href":"https:\/\/nextsnkr.com\/lt\/wp-json\/wp\/v2\/media\/615141"}],"wp:attachment":[{"href":"https:\/\/nextsnkr.com\/lt\/wp-json\/wp\/v2\/media?parent=615140"}],"wp:term":[{"taxonomy":"product_brand","embeddable":true,"href":"https:\/\/nextsnkr.com\/lt\/wp-json\/wp\/v2\/product_brand?post=615140"},{"taxonomy":"product_cat","embeddable":true,"href":"https:\/\/nextsnkr.com\/lt\/wp-json\/wp\/v2\/product_cat?post=615140"},{"taxonomy":"product_tag","embeddable":true,"href":"https:\/\/nextsnkr.com\/lt\/wp-json\/wp\/v2\/product_tag?post=615140"}],"curies":[{"name":"wp","href":"https:\/\/api.w.org\/{rel}","templated":true}]}}