{"id":614885,"date":"2025-06-17T22:54:46","date_gmt":"2025-06-17T19:54:46","guid":{"rendered":"https:\/\/nextsnkr.com\/product\/komplekt-calvin-klein-grey\/"},"modified":"2026-02-01T19:23:37","modified_gmt":"2026-02-01T16:23:37","slug":"komplekt-calvin-klein-grey","status":"publish","type":"product","link":"https:\/\/nextsnkr.com\/lt\/produktas\/komplekt-calvin-klein-grey\/","title":{"rendered":"Moteri\u0161ki apatiniai drabu\u017eiai Calvin Klein Grey-medviln\u0117s ir elastano komplektas"},"content":{"rendered":"<h2>Moteri\u0161ki apatiniai drabu\u017eiai Calvin Klein Grey-medviln\u0117s ir elastano komplektas<\/h2>\n<p>&#8222;Calvin Klein Grey&#8221; yra stilingas moteri\u0161kas auk\u0161tos kokyb\u0117s audinio apatinis trikota\u017eas: 93% medviln\u0117s ir 7% elastano, kuris u\u017etikrina komfort\u0105, elastingum\u0105 ir kruop\u0161t\u0173 pritvirtinim\u0105 prie k\u016bno. Idealiai tinka d\u0117v\u0117ti kasdien ir sukurti patog\u0173 vaizd\u0105. Nat\u016bralios med\u017eiagos kv\u0117puoja, palaiko higien\u0105 ir suteikia mink\u0161tum\u0105 liesti. Galimi dyd\u017eiai S, M, L, gamyba-Egiptas. Pasirinkite Calvin Klein Grey, kad suderintum\u0117te stili\u0173, komfort\u0105 ir kokyb\u0119.<\/p>\n","protected":false},"excerpt":{"rendered":"<p>&#8222;Calvin Klein Grey&#8221; yra stilingas moteri\u0161kas auk\u0161tos kokyb\u0117s audinio apatinis trikota\u017eas: 93% medviln\u0117s ir 7% elastano, kuris u\u017etikrina komfort\u0105, elastingum\u0105 ir kruop\u0161t\u0173 pritvirtinim\u0105 prie k\u016bno. Idealiai tinka d\u0117v\u0117ti kasdien ir sukurti patog\u0173 vaizd\u0105. Nat\u016bralios med\u017eiagos kv\u0117puoja, palaiko higien\u0105 ir suteikia mink\u0161tum\u0105 liesti. Galimi dyd\u017eiai S, M, L, gamyba-Egiptas. Pasirinkite Calvin Klein Grey, kad suderintum\u0117te stili\u0173, komfort\u0105 ir kokyb\u0119.<\/p>\n","protected":false},"featured_media":614889,"comment_status":"open","ping_status":"open","template":"","meta":[],"product_brand":[],"product_cat":[3264],"product_tag":[],"class_list":{"0":"post-614885","1":"product","2":"type-product","3":"status-publish","4":"has-post-thumbnail","6":"product_cat-all-product","7":"pa_rozmir-s","8":"pa_rozmir-m","9":"pa_rozmir-l","10":"pa_rozmir-xl","11":"pa_rozmir-xxl","13":"first","14":"instock","15":"purchasable","16":"product-type-variable"},"_links":{"self":[{"href":"https:\/\/nextsnkr.com\/lt\/wp-json\/wp\/v2\/product\/614885","targetHints":{"allow":["GET"]}}],"collection":[{"href":"https:\/\/nextsnkr.com\/lt\/wp-json\/wp\/v2\/product"}],"about":[{"href":"https:\/\/nextsnkr.com\/lt\/wp-json\/wp\/v2\/types\/product"}],"replies":[{"embeddable":true,"href":"https:\/\/nextsnkr.com\/lt\/wp-json\/wp\/v2\/comments?post=614885"}],"version-history":[{"count":0,"href":"https:\/\/nextsnkr.com\/lt\/wp-json\/wp\/v2\/product\/614885\/revisions"}],"wp:featuredmedia":[{"embeddable":true,"href":"https:\/\/nextsnkr.com\/lt\/wp-json\/wp\/v2\/media\/614889"}],"wp:attachment":[{"href":"https:\/\/nextsnkr.com\/lt\/wp-json\/wp\/v2\/media?parent=614885"}],"wp:term":[{"taxonomy":"product_brand","embeddable":true,"href":"https:\/\/nextsnkr.com\/lt\/wp-json\/wp\/v2\/product_brand?post=614885"},{"taxonomy":"product_cat","embeddable":true,"href":"https:\/\/nextsnkr.com\/lt\/wp-json\/wp\/v2\/product_cat?post=614885"},{"taxonomy":"product_tag","embeddable":true,"href":"https:\/\/nextsnkr.com\/lt\/wp-json\/wp\/v2\/product_tag?post=614885"}],"curies":[{"name":"wp","href":"https:\/\/api.w.org\/{rel}","templated":true}]}}