{"id":614690,"date":"2025-06-13T10:59:42","date_gmt":"2025-06-13T07:59:42","guid":{"rendered":"https:\/\/nextsnkr.com\/product\/air-force-1-mini-swoosh-lime-light-najk-svetytsia-v-temnote\/"},"modified":"2026-02-01T19:23:33","modified_gmt":"2026-02-01T16:23:33","slug":"air-force-1-mini-swoosh-lime-light-najk-svetytsia-v-temnote","status":"publish","type":"product","link":"https:\/\/nextsnkr.com\/lt\/produktas\/air-force-1-mini-swoosh-lime-light-najk-svetytsia-v-temnote\/","title":{"rendered":"&#8222;Air Force 1 Mini Swoosh Lime Light&#8221; odiniai \u0161vie\u010diantys tamsoje"},"content":{"rendered":"<h2>&#8222;Air Force 1 Mini Swoosh Lime Light&#8221; odiniai \u0161vie\u010diantys tamsoje<\/h2>\n<p>&#8222;Air Force 1 Mini Swoosh Lime Light&#8221; gaminami i\u0161 auk\u0161tos kokyb\u0117s odos ir pasi\u017eymi stilingu kalki\u0173 atspalviu. Modelio bruo\u017eas yra logotipo \u0161vyt\u0117jimas tamsoje, kuris prideda ry\u0161kumo ir individualumo vaizd\u0105. Patogus sodinimas ir patikimas padas u\u017etikrina komfort\u0105 kasdien d\u0117vint. Idealus pasirinkimas tiems, kurie vertina prek\u0117s \u017eenkl\u0105, kokyb\u0119, \u0161iuolaiki\u0161k\u0105 dizain\u0105 ir \u012fsp\u016bding\u0105 stili\u0173.<\/p>\n","protected":false},"excerpt":{"rendered":"<p>&#8222;Air Force 1 Mini Swoosh Lime Light&#8221; gaminami i\u0161 auk\u0161tos kokyb\u0117s odos ir pasi\u017eymi stilingu kalki\u0173 atspalviu. Modelio bruo\u017eas yra logotipo \u0161vyt\u0117jimas tamsoje, kuris prideda ry\u0161kumo ir individualumo vaizd\u0105. Patogus sodinimas ir patikimas padas u\u017etikrina komfort\u0105 kasdien d\u0117vint. Idealus pasirinkimas tiems, kurie vertina prek\u0117s \u017eenkl\u0105, kokyb\u0119, \u0161iuolaiki\u0161k\u0105 dizain\u0105 ir \u012fsp\u016bding\u0105 stili\u0173.<\/p>\n","protected":false},"featured_media":614692,"comment_status":"open","ping_status":"open","template":"","meta":[],"product_brand":[],"product_cat":[3264,3323],"product_tag":[],"class_list":{"0":"post-614690","1":"product","2":"type-product","3":"status-publish","4":"has-post-thumbnail","6":"product_cat-all-product","7":"product_cat-kedy","8":"pa_rozmir-910","9":"pa_rozmir-912","10":"pa_rozmir-914","11":"pa_rozmir-915","12":"pa_rozmir-916","13":"pa_rozmir-917","14":"pa_rozmir-918","15":"pa_rozmir-919","16":"pa_rozmir-920","17":"pa_rozmir-921","18":"pa_rozmir-922","20":"first","21":"onbackorder","22":"purchasable","23":"product-type-variable"},"_links":{"self":[{"href":"https:\/\/nextsnkr.com\/lt\/wp-json\/wp\/v2\/product\/614690","targetHints":{"allow":["GET"]}}],"collection":[{"href":"https:\/\/nextsnkr.com\/lt\/wp-json\/wp\/v2\/product"}],"about":[{"href":"https:\/\/nextsnkr.com\/lt\/wp-json\/wp\/v2\/types\/product"}],"replies":[{"embeddable":true,"href":"https:\/\/nextsnkr.com\/lt\/wp-json\/wp\/v2\/comments?post=614690"}],"version-history":[{"count":0,"href":"https:\/\/nextsnkr.com\/lt\/wp-json\/wp\/v2\/product\/614690\/revisions"}],"wp:featuredmedia":[{"embeddable":true,"href":"https:\/\/nextsnkr.com\/lt\/wp-json\/wp\/v2\/media\/614692"}],"wp:attachment":[{"href":"https:\/\/nextsnkr.com\/lt\/wp-json\/wp\/v2\/media?parent=614690"}],"wp:term":[{"taxonomy":"product_brand","embeddable":true,"href":"https:\/\/nextsnkr.com\/lt\/wp-json\/wp\/v2\/product_brand?post=614690"},{"taxonomy":"product_cat","embeddable":true,"href":"https:\/\/nextsnkr.com\/lt\/wp-json\/wp\/v2\/product_cat?post=614690"},{"taxonomy":"product_tag","embeddable":true,"href":"https:\/\/nextsnkr.com\/lt\/wp-json\/wp\/v2\/product_tag?post=614690"}],"curies":[{"name":"wp","href":"https:\/\/api.w.org\/{rel}","templated":true}]}}