{"id":613217,"date":"2025-06-14T20:17:33","date_gmt":"2025-06-14T17:17:33","guid":{"rendered":"https:\/\/nextsnkr.com\/product\/michael-kors-11\/"},"modified":"2026-02-01T19:22:20","modified_gmt":"2026-02-01T16:22:20","slug":"michael-kors-11","status":"publish","type":"product","link":"https:\/\/nextsnkr.com\/lt\/produktas\/michael-kors-11\/","title":{"rendered":"Krep\u0161ys Michael Kors moter\u0173 juoda ekologi\u0161ka oda"},"content":{"rendered":"<h2>Krep\u0161ys Michael Kors moter\u0173 juoda ekologi\u0161ka oda<\/h2>\n<p>Michael Kors krep\u0161ys &#8211; stilingas ir prakti\u0161kas kasdienio naudojimo aksesuaras. Pagaminta i\u0161 auk\u0161tos kokyb\u0117s ekologi\u0161kos odos, ji sujungia eleganti\u0161k\u0105 i\u0161vaizd\u0105, ilgaam\u017ei\u0161kum\u0105 ir komfort\u0105 kojin\u0117se. Lakoni\u0161kas dizainas tinka bet kokiam stiliui &#8211; nuo casual iki biuro, o apgalvotas vidinis skyri\u0173 i\u0161d\u0117stymas u\u017etikrina patog\u0173 daikt\u0173 saugojim\u0105. \u0160is &#8222;Michael Kors&#8221; krep\u0161ys bus patikimas ir madingas j\u016bs\u0173 drabu\u017ei\u0173 spintos akcentas.<\/p>\n","protected":false},"excerpt":{"rendered":"<p>Michael Kors krep\u0161ys &#8211; stilingas ir prakti\u0161kas kasdienio naudojimo aksesuaras. Pagaminta i\u0161 auk\u0161tos kokyb\u0117s ekologi\u0161kos odos, ji sujungia eleganti\u0161k\u0105 i\u0161vaizd\u0105, ilgaam\u017ei\u0161kum\u0105 ir komfort\u0105 kojin\u0117se. Lakoni\u0161kas dizainas tinka bet kokiam stiliui &#8211; nuo casual iki biuro, o apgalvotas vidinis skyri\u0173 i\u0161d\u0117stymas u\u017etikrina patog\u0173 daikt\u0173 saugojim\u0105. \u0160is &#8222;Michael Kors&#8221; krep\u0161ys bus patikimas ir madingas j\u016bs\u0173 drabu\u017ei\u0173 spintos akcentas.<\/p>\n","protected":false},"featured_media":613218,"comment_status":"open","ping_status":"open","template":"","meta":[],"product_brand":[],"product_cat":[3264,3486],"product_tag":[],"class_list":{"0":"post-613217","1":"product","2":"type-product","3":"status-publish","4":"has-post-thumbnail","6":"product_cat-all-product","7":"product_cat-sumky","8":"pa_rozmir-30kh26","10":"first","11":"instock","12":"purchasable","13":"product-type-simple"},"_links":{"self":[{"href":"https:\/\/nextsnkr.com\/lt\/wp-json\/wp\/v2\/product\/613217","targetHints":{"allow":["GET"]}}],"collection":[{"href":"https:\/\/nextsnkr.com\/lt\/wp-json\/wp\/v2\/product"}],"about":[{"href":"https:\/\/nextsnkr.com\/lt\/wp-json\/wp\/v2\/types\/product"}],"replies":[{"embeddable":true,"href":"https:\/\/nextsnkr.com\/lt\/wp-json\/wp\/v2\/comments?post=613217"}],"version-history":[{"count":0,"href":"https:\/\/nextsnkr.com\/lt\/wp-json\/wp\/v2\/product\/613217\/revisions"}],"wp:featuredmedia":[{"embeddable":true,"href":"https:\/\/nextsnkr.com\/lt\/wp-json\/wp\/v2\/media\/613218"}],"wp:attachment":[{"href":"https:\/\/nextsnkr.com\/lt\/wp-json\/wp\/v2\/media?parent=613217"}],"wp:term":[{"taxonomy":"product_brand","embeddable":true,"href":"https:\/\/nextsnkr.com\/lt\/wp-json\/wp\/v2\/product_brand?post=613217"},{"taxonomy":"product_cat","embeddable":true,"href":"https:\/\/nextsnkr.com\/lt\/wp-json\/wp\/v2\/product_cat?post=613217"},{"taxonomy":"product_tag","embeddable":true,"href":"https:\/\/nextsnkr.com\/lt\/wp-json\/wp\/v2\/product_tag?post=613217"}],"curies":[{"name":"wp","href":"https:\/\/api.w.org\/{rel}","templated":true}]}}