{"id":612148,"date":"2025-06-14T20:19:07","date_gmt":"2025-06-14T17:19:07","guid":{"rendered":"https:\/\/nextsnkr.com\/product\/boots-milk\/"},"modified":"2026-02-01T19:21:54","modified_gmt":"2026-02-01T16:21:54","slug":"boots-milk","status":"publish","type":"product","link":"https:\/\/nextsnkr.com\/lt\/produktas\/boots-milk\/","title":{"rendered":"Batai Boots Milk-odiniai stilingi moteri\u0161ki \/ vyri\u0161ki batai"},"content":{"rendered":"<h2>Batai Boots Milk-odiniai stilingi moteri\u0161ki \/ vyri\u0161ki batai<\/h2>\n<p>Batai Boots Milk-eleganti\u0161kas ir patogus batai i\u0161 nat\u016bralios odos, kurios kasdien d\u0117vi. Modelis pasi\u017eymi stiprumu, patogiu sodinimu ir universaliu pieno atspalviu, kuris lengvai derinamas su bet kokiu drabu\u017ei\u0173 stiliumi. Pagamintas Ukrainoje, \u0161ie batai suteikia patvarum\u0105, patikimum\u0105 ir stilingas i\u0161vaizd\u0105, tod\u0117l juos puikus pasirinkimas tiems, kurie vertina kokyb\u0119, komfort\u0105 ir modernus dizainas kasdieniame gyvenime.<\/p>\n","protected":false},"excerpt":{"rendered":"<p>Batai Boots Milk-eleganti\u0161kas ir patogus batai i\u0161 nat\u016bralios odos, kurios kasdien d\u0117vi. Modelis pasi\u017eymi stiprumu, patogiu sodinimu ir universaliu pieno atspalviu, kuris lengvai derinamas su bet kokiu drabu\u017ei\u0173 stiliumi. Pagamintas Ukrainoje, \u0161ie batai suteikia patvarum\u0105, patikimum\u0105 ir stilingas i\u0161vaizd\u0105, tod\u0117l juos puikus pasirinkimas tiems, kurie vertina kokyb\u0119, komfort\u0105 ir modernus dizainas kasdieniame gyvenime.<\/p>\n","protected":false},"featured_media":612149,"comment_status":"open","ping_status":"open","template":"","meta":[],"product_brand":[],"product_cat":[3264,3336],"product_tag":[],"class_list":{"0":"post-612148","1":"product","2":"type-product","3":"status-publish","4":"has-post-thumbnail","6":"product_cat-all-product","7":"product_cat-cherevyky","8":"pa_rozmir-910","9":"pa_rozmir-912","10":"pa_rozmir-914","11":"pa_rozmir-915","12":"pa_rozmir-916","13":"pa_rozmir-917","14":"pa_rozmir-918","15":"pa_rozmir-919","16":"pa_rozmir-920","17":"pa_rozmir-921","19":"first","20":"onbackorder","21":"purchasable","22":"product-type-variable"},"_links":{"self":[{"href":"https:\/\/nextsnkr.com\/lt\/wp-json\/wp\/v2\/product\/612148","targetHints":{"allow":["GET"]}}],"collection":[{"href":"https:\/\/nextsnkr.com\/lt\/wp-json\/wp\/v2\/product"}],"about":[{"href":"https:\/\/nextsnkr.com\/lt\/wp-json\/wp\/v2\/types\/product"}],"replies":[{"embeddable":true,"href":"https:\/\/nextsnkr.com\/lt\/wp-json\/wp\/v2\/comments?post=612148"}],"version-history":[{"count":0,"href":"https:\/\/nextsnkr.com\/lt\/wp-json\/wp\/v2\/product\/612148\/revisions"}],"wp:featuredmedia":[{"embeddable":true,"href":"https:\/\/nextsnkr.com\/lt\/wp-json\/wp\/v2\/media\/612149"}],"wp:attachment":[{"href":"https:\/\/nextsnkr.com\/lt\/wp-json\/wp\/v2\/media?parent=612148"}],"wp:term":[{"taxonomy":"product_brand","embeddable":true,"href":"https:\/\/nextsnkr.com\/lt\/wp-json\/wp\/v2\/product_brand?post=612148"},{"taxonomy":"product_cat","embeddable":true,"href":"https:\/\/nextsnkr.com\/lt\/wp-json\/wp\/v2\/product_cat?post=612148"},{"taxonomy":"product_tag","embeddable":true,"href":"https:\/\/nextsnkr.com\/lt\/wp-json\/wp\/v2\/product_tag?post=612148"}],"curies":[{"name":"wp","href":"https:\/\/api.w.org\/{rel}","templated":true}]}}