{"id":610641,"date":"2025-06-23T08:50:15","date_gmt":"2025-06-23T05:50:15","guid":{"rendered":"https:\/\/nextsnkr.com\/product\/drop-step\/"},"modified":"2026-02-01T19:21:01","modified_gmt":"2026-02-01T16:21:01","slug":"drop-step","status":"publish","type":"product","link":"https:\/\/nextsnkr.com\/lt\/produktas\/drop-step\/","title":{"rendered":"Kedai Drop Step odiniai ir tekstiliniai kasdieniam d\u0117v\u0117jimui"},"content":{"rendered":"<h2>Kedai Drop Step odiniai ir tekstiliniai kasdieniam d\u0117v\u0117jimui<\/h2>\n<p>Drop Step k\u0117d\u0117s yra pagamintos i\u0161 auk\u0161tos kokyb\u0117s odos ir tekstil\u0117s, kuri u\u017etikrina komfort\u0105, kv\u0117pavim\u0105 ir ilgaam\u017ei\u0161kum\u0105. Idealiai tinka kasdieniam naudojimui ir aktyviam poilsiui, derinant stiling\u0105 dizain\u0105 ir patikim\u0105 P\u0117dos palaikym\u0105. Drop Step pasirinkimas garantuoja patogum\u0105 ir \u0161iuolaiki\u0161k\u0105 i\u0161vaizd\u0105 bet kurioje situacijoje.<\/p>\n","protected":false},"excerpt":{"rendered":"<p>Drop Step k\u0117d\u0117s yra pagamintos i\u0161 auk\u0161tos kokyb\u0117s odos ir tekstil\u0117s, kuri u\u017etikrina komfort\u0105, kv\u0117pavim\u0105 ir ilgaam\u017ei\u0161kum\u0105. Idealiai tinka kasdieniam naudojimui ir aktyviam poilsiui, derinant stiling\u0105 dizain\u0105 ir patikim\u0105 P\u0117dos palaikym\u0105. Drop Step pasirinkimas garantuoja patogum\u0105 ir \u0161iuolaiki\u0161k\u0105 i\u0161vaizd\u0105 bet kurioje situacijoje.<\/p>\n","protected":false},"featured_media":610642,"comment_status":"open","ping_status":"open","template":"","meta":[],"product_brand":[],"product_cat":[3264,3323],"product_tag":[],"class_list":{"0":"post-610641","1":"product","2":"type-product","3":"status-publish","4":"has-post-thumbnail","6":"product_cat-all-product","7":"product_cat-kedy","8":"pa_rozmir-910","9":"pa_rozmir-912","10":"pa_rozmir-914","11":"pa_rozmir-915","12":"pa_rozmir-916","13":"pa_rozmir-917","14":"pa_rozmir-918","15":"pa_rozmir-919","16":"pa_rozmir-920","17":"pa_rozmir-921","18":"pa_rozmir-922","20":"first","21":"onbackorder","22":"purchasable","23":"product-type-variable"},"_links":{"self":[{"href":"https:\/\/nextsnkr.com\/lt\/wp-json\/wp\/v2\/product\/610641","targetHints":{"allow":["GET"]}}],"collection":[{"href":"https:\/\/nextsnkr.com\/lt\/wp-json\/wp\/v2\/product"}],"about":[{"href":"https:\/\/nextsnkr.com\/lt\/wp-json\/wp\/v2\/types\/product"}],"replies":[{"embeddable":true,"href":"https:\/\/nextsnkr.com\/lt\/wp-json\/wp\/v2\/comments?post=610641"}],"version-history":[{"count":0,"href":"https:\/\/nextsnkr.com\/lt\/wp-json\/wp\/v2\/product\/610641\/revisions"}],"wp:featuredmedia":[{"embeddable":true,"href":"https:\/\/nextsnkr.com\/lt\/wp-json\/wp\/v2\/media\/610642"}],"wp:attachment":[{"href":"https:\/\/nextsnkr.com\/lt\/wp-json\/wp\/v2\/media?parent=610641"}],"wp:term":[{"taxonomy":"product_brand","embeddable":true,"href":"https:\/\/nextsnkr.com\/lt\/wp-json\/wp\/v2\/product_brand?post=610641"},{"taxonomy":"product_cat","embeddable":true,"href":"https:\/\/nextsnkr.com\/lt\/wp-json\/wp\/v2\/product_cat?post=610641"},{"taxonomy":"product_tag","embeddable":true,"href":"https:\/\/nextsnkr.com\/lt\/wp-json\/wp\/v2\/product_tag?post=610641"}],"curies":[{"name":"wp","href":"https:\/\/api.w.org\/{rel}","templated":true}]}}