{"id":608773,"date":"2025-06-13T12:27:50","date_gmt":"2025-06-13T09:27:50","guid":{"rendered":"https:\/\/nextsnkr.com\/product\/350-v2-ash-blue\/"},"modified":"2026-02-01T19:20:07","modified_gmt":"2026-02-01T16:20:07","slug":"350-v2-ash-blue","status":"publish","type":"product","link":"https:\/\/nextsnkr.com\/lt\/produktas\/350-v2-ash-blue\/","title":{"rendered":"350 V2 Ash Blue sportba\u010diai-stilingi tekstiliniai sportba\u010diai kiekvienai dienai"},"content":{"rendered":"<h2>350 V2 Ash Blue sportba\u010diai-stilingi tekstiliniai sportba\u010diai kiekvienai dienai<\/h2>\n<p>Lengvas ir modernus storulis 350 V2 Ash Blue sukurta maksimal\u0173 komfort\u0105 ir gyv\u0105 miesto ritmo. Modelis yra pagamintas i\u0161 \u0434\u044b\u0448\u0430\u0449\u0435\u0433\u043e tekstil\u0117s, kad suteikia optimal\u0173 \u0432\u0435\u043d\u0442\u0438\u043b\u044f\u0446\u0438\u044e ir malonus jung\u0117s kontakt\u0105 prie \u0441\u0442\u043e\u043f\u0435. \u0410\u043c\u043e\u0440\u0442\u0438\u0437\u0438\u0440\u0443\u044e\u0449\u0430\u044f karoliai dovanoja i\u0161 vaik\u0161tant, o aptakus ir stilingas derinys m\u0117lynos ir pilkos atspalvi\u0173 lengvai papildo bet kok\u012f \u012fvaizd\u012f. puikus pasirinkimas aktyviems \u017emon\u0117ms, kurie vertina paprastum\u0105, patogum\u0105 ir modernus dizainas.<\/p>\n","protected":false},"excerpt":{"rendered":"<p>Lengvas ir modernus storulis 350 V2 Ash Blue sukurta maksimal\u0173 komfort\u0105 ir gyv\u0105 miesto ritmo. Modelis yra pagamintas i\u0161 \u0434\u044b\u0448\u0430\u0449\u0435\u0433\u043e tekstil\u0117s, kad suteikia optimal\u0173 \u0432\u0435\u043d\u0442\u0438\u043b\u044f\u0446\u0438\u044e ir malonus jung\u0117s kontakt\u0105 prie \u0441\u0442\u043e\u043f\u0435. \u0410\u043c\u043e\u0440\u0442\u0438\u0437\u0438\u0440\u0443\u044e\u0449\u0430\u044f karoliai dovanoja i\u0161 vaik\u0161tant, o aptakus ir stilingas derinys m\u0117lynos ir pilkos atspalvi\u0173 lengvai papildo bet kok\u012f \u012fvaizd\u012f. puikus pasirinkimas aktyviems \u017emon\u0117ms, kurie vertina paprastum\u0105, patogum\u0105 ir modernus dizainas.<\/p>\n","protected":false},"featured_media":608774,"comment_status":"open","ping_status":"open","template":"","meta":[],"product_brand":[],"product_cat":[3264,3265],"product_tag":[],"class_list":{"0":"post-608773","1":"product","2":"type-product","3":"status-publish","4":"has-post-thumbnail","6":"product_cat-all-product","7":"product_cat-krosivky","8":"pa_rozmir-910","9":"pa_rozmir-912","10":"pa_rozmir-914","11":"pa_rozmir-915","12":"pa_rozmir-916","13":"pa_rozmir-917","14":"pa_rozmir-918","15":"pa_rozmir-919","16":"pa_rozmir-920","17":"pa_rozmir-921","18":"pa_rozmir-922","20":"first","21":"instock","22":"purchasable","23":"product-type-variable"},"_links":{"self":[{"href":"https:\/\/nextsnkr.com\/lt\/wp-json\/wp\/v2\/product\/608773","targetHints":{"allow":["GET"]}}],"collection":[{"href":"https:\/\/nextsnkr.com\/lt\/wp-json\/wp\/v2\/product"}],"about":[{"href":"https:\/\/nextsnkr.com\/lt\/wp-json\/wp\/v2\/types\/product"}],"replies":[{"embeddable":true,"href":"https:\/\/nextsnkr.com\/lt\/wp-json\/wp\/v2\/comments?post=608773"}],"version-history":[{"count":0,"href":"https:\/\/nextsnkr.com\/lt\/wp-json\/wp\/v2\/product\/608773\/revisions"}],"wp:featuredmedia":[{"embeddable":true,"href":"https:\/\/nextsnkr.com\/lt\/wp-json\/wp\/v2\/media\/608774"}],"wp:attachment":[{"href":"https:\/\/nextsnkr.com\/lt\/wp-json\/wp\/v2\/media?parent=608773"}],"wp:term":[{"taxonomy":"product_brand","embeddable":true,"href":"https:\/\/nextsnkr.com\/lt\/wp-json\/wp\/v2\/product_brand?post=608773"},{"taxonomy":"product_cat","embeddable":true,"href":"https:\/\/nextsnkr.com\/lt\/wp-json\/wp\/v2\/product_cat?post=608773"},{"taxonomy":"product_tag","embeddable":true,"href":"https:\/\/nextsnkr.com\/lt\/wp-json\/wp\/v2\/product_tag?post=608773"}],"curies":[{"name":"wp","href":"https:\/\/api.w.org\/{rel}","templated":true}]}}