{"id":607076,"date":"2025-06-13T11:02:23","date_gmt":"2025-06-13T08:02:23","guid":{"rendered":"https:\/\/nextsnkr.com\/product\/yeezy-boost-350-v2-synth-reflective\/"},"modified":"2026-02-01T19:19:08","modified_gmt":"2026-02-01T16:19:08","slug":"yeezy-boost-350-v2-synth-reflective","status":"publish","type":"product","link":"https:\/\/nextsnkr.com\/lt\/produktas\/yeezy-boost-350-v2-synth-reflective\/","title":{"rendered":"Sportba\u010diai Yeezy Boost 350 V2 Synth Reflective-tekstil\u0117s vyri\u0161ki \/ moteri\u0161ki"},"content":{"rendered":"<h2>Sportba\u010diai Yeezy Boost 350 V2 Synth Reflective-tekstil\u0117s vyri\u0161ki \/ moteri\u0161ki<\/h2>\n<p>&#8222;Yeezy Boost 350 V2 Synth Reflective&#8221; sportiniai bateliai &#8211; stilingas ir lengvas modelis tendencing\u0173 bat\u0173 m\u0117g\u0117jams. Pagaminti i\u0161 auk\u0161tos kokyb\u0117s tekstil\u0117s, jie u\u017etikrina puik\u0173 v\u0117dinim\u0105 ir komfort\u0105 net ilg\u0105 laik\u0105. Atspindintis efektas prideda originalumo ir matomumo tamsoje. Pagaminta Kinijoje laikantis \u0161iuolaikini\u0173 standart\u0173. Idealus pasirinkimas kasdieniam miesto stiliui ir aktyviam gyvenimo b\u016bdui.<\/p>\n","protected":false},"excerpt":{"rendered":"<p>&#8222;Yeezy Boost 350 V2 Synth Reflective&#8221; sportiniai bateliai &#8211; stilingas ir lengvas modelis tendencing\u0173 bat\u0173 m\u0117g\u0117jams. Pagaminti i\u0161 auk\u0161tos kokyb\u0117s tekstil\u0117s, jie u\u017etikrina puik\u0173 v\u0117dinim\u0105 ir komfort\u0105 net ilg\u0105 laik\u0105. Atspindintis efektas prideda originalumo ir matomumo tamsoje. Pagaminta Kinijoje laikantis \u0161iuolaikini\u0173 standart\u0173. Idealus pasirinkimas kasdieniam miesto stiliui ir aktyviam gyvenimo b\u016bdui.<\/p>\n","protected":false},"featured_media":607080,"comment_status":"open","ping_status":"open","template":"","meta":[],"product_brand":[],"product_cat":[3401,3264,3265],"product_tag":[],"class_list":{"0":"post-607076","1":"product","2":"type-product","3":"status-publish","4":"has-post-thumbnail","6":"product_cat-adidas-yeezy","7":"product_cat-all-product","8":"product_cat-krosivky","9":"pa_rozmir-910","10":"pa_rozmir-912","11":"pa_rozmir-914","12":"pa_rozmir-915","13":"pa_rozmir-916","14":"pa_rozmir-917","15":"pa_rozmir-918","16":"pa_rozmir-919","17":"pa_rozmir-920","18":"pa_rozmir-921","19":"pa_rozmir-922","21":"first","22":"instock","23":"purchasable","24":"product-type-variable"},"_links":{"self":[{"href":"https:\/\/nextsnkr.com\/lt\/wp-json\/wp\/v2\/product\/607076","targetHints":{"allow":["GET"]}}],"collection":[{"href":"https:\/\/nextsnkr.com\/lt\/wp-json\/wp\/v2\/product"}],"about":[{"href":"https:\/\/nextsnkr.com\/lt\/wp-json\/wp\/v2\/types\/product"}],"replies":[{"embeddable":true,"href":"https:\/\/nextsnkr.com\/lt\/wp-json\/wp\/v2\/comments?post=607076"}],"version-history":[{"count":0,"href":"https:\/\/nextsnkr.com\/lt\/wp-json\/wp\/v2\/product\/607076\/revisions"}],"wp:featuredmedia":[{"embeddable":true,"href":"https:\/\/nextsnkr.com\/lt\/wp-json\/wp\/v2\/media\/607080"}],"wp:attachment":[{"href":"https:\/\/nextsnkr.com\/lt\/wp-json\/wp\/v2\/media?parent=607076"}],"wp:term":[{"taxonomy":"product_brand","embeddable":true,"href":"https:\/\/nextsnkr.com\/lt\/wp-json\/wp\/v2\/product_brand?post=607076"},{"taxonomy":"product_cat","embeddable":true,"href":"https:\/\/nextsnkr.com\/lt\/wp-json\/wp\/v2\/product_cat?post=607076"},{"taxonomy":"product_tag","embeddable":true,"href":"https:\/\/nextsnkr.com\/lt\/wp-json\/wp\/v2\/product_tag?post=607076"}],"curies":[{"name":"wp","href":"https:\/\/api.w.org\/{rel}","templated":true}]}}