{"id":602326,"date":"2025-06-14T15:52:09","date_gmt":"2025-06-14T12:52:09","guid":{"rendered":"https:\/\/nextsnkr.com\/product\/empire-sandal-hermes-beige-sable\/"},"modified":"2026-02-01T19:16:42","modified_gmt":"2026-02-01T16:16:42","slug":"empire-sandal-hermes-beige-sable","status":"publish","type":"product","link":"https:\/\/nextsnkr.com\/lt\/produktas\/empire-sandal-hermes-beige-sable\/","title":{"rendered":"\u0160lepet\u0117smire Sandal Hermes Beige Sable &#8211; eleganti\u0161ki zom\u0161iniai sandalai"},"content":{"rendered":"<h2>\u0160lepet\u0117smire Sandal Hermes Beige Sable &#8211; eleganti\u0161ki zom\u0161iniai sandalai<\/h2>\n<p>\u0410\u043fire Sandal Hermes Beige Sable \u0161lepet\u0117s pagamintos i\u0161 auk\u0161tos kokyb\u0117s zom\u0161os, jungian\u010dios stili\u0173, komfort\u0105 ir ilgaam\u017ei\u0161kum\u0105. Mink\u0161tas ir lengvas padas suteikia patogum\u0105 d\u0117v\u0117ti kasdien, o Sm\u0117lio spalvos atspalvis daro model\u012f universal\u0173 \u012fvairiems vaizdams. \u0160ie sandalai Idealiai tinka namams, pasivaik\u0161\u010diojimams ar poilsiui, suteikiant lengvumo ir elegancijos jausm\u0105. Prakti\u0161kas ir stilingas pasirinkimas komforto ir mados m\u0117g\u0117jams.<\/p>\n","protected":false},"excerpt":{"rendered":"<p>\u0410\u043fire Sandal Hermes Beige Sable \u0161lepet\u0117s pagamintos i\u0161 auk\u0161tos kokyb\u0117s zom\u0161os, jungian\u010dios stili\u0173, komfort\u0105 ir ilgaam\u017ei\u0161kum\u0105. Mink\u0161tas ir lengvas padas suteikia patogum\u0105 d\u0117v\u0117ti kasdien, o Sm\u0117lio spalvos atspalvis daro model\u012f universal\u0173 \u012fvairiems vaizdams. \u0160ie sandalai Idealiai tinka namams, pasivaik\u0161\u010diojimams ar poilsiui, suteikiant lengvumo ir elegancijos jausm\u0105. Prakti\u0161kas ir stilingas pasirinkimas komforto ir mados m\u0117g\u0117jams.<\/p>\n","protected":false},"featured_media":602340,"comment_status":"open","ping_status":"open","template":"","meta":[],"product_brand":[],"product_cat":[3264,3425],"product_tag":[],"class_list":{"0":"post-602326","1":"product","2":"type-product","3":"status-publish","4":"has-post-thumbnail","6":"product_cat-all-product","7":"product_cat-shlopantsi","8":"pa_rozmir-910","9":"pa_rozmir-912","10":"pa_rozmir-914","11":"pa_rozmir-915","12":"pa_rozmir-916","13":"pa_rozmir-917","14":"pa_rozmir-918","15":"pa_rozmir-919","16":"pa_rozmir-920","17":"pa_rozmir-921","18":"pa_rozmir-922","20":"first","21":"instock","22":"purchasable","23":"product-type-variable"},"_links":{"self":[{"href":"https:\/\/nextsnkr.com\/lt\/wp-json\/wp\/v2\/product\/602326","targetHints":{"allow":["GET"]}}],"collection":[{"href":"https:\/\/nextsnkr.com\/lt\/wp-json\/wp\/v2\/product"}],"about":[{"href":"https:\/\/nextsnkr.com\/lt\/wp-json\/wp\/v2\/types\/product"}],"replies":[{"embeddable":true,"href":"https:\/\/nextsnkr.com\/lt\/wp-json\/wp\/v2\/comments?post=602326"}],"version-history":[{"count":0,"href":"https:\/\/nextsnkr.com\/lt\/wp-json\/wp\/v2\/product\/602326\/revisions"}],"wp:featuredmedia":[{"embeddable":true,"href":"https:\/\/nextsnkr.com\/lt\/wp-json\/wp\/v2\/media\/602340"}],"wp:attachment":[{"href":"https:\/\/nextsnkr.com\/lt\/wp-json\/wp\/v2\/media?parent=602326"}],"wp:term":[{"taxonomy":"product_brand","embeddable":true,"href":"https:\/\/nextsnkr.com\/lt\/wp-json\/wp\/v2\/product_brand?post=602326"},{"taxonomy":"product_cat","embeddable":true,"href":"https:\/\/nextsnkr.com\/lt\/wp-json\/wp\/v2\/product_cat?post=602326"},{"taxonomy":"product_tag","embeddable":true,"href":"https:\/\/nextsnkr.com\/lt\/wp-json\/wp\/v2\/product_tag?post=602326"}],"curies":[{"name":"wp","href":"https:\/\/api.w.org\/{rel}","templated":true}]}}