{"id":601280,"date":"2025-06-13T09:19:16","date_gmt":"2025-06-13T06:19:16","guid":{"rendered":"https:\/\/nextsnkr.com\/product\/adidas-forum-low-x-bad-bunny-light-blue\/"},"modified":"2026-02-01T19:16:24","modified_gmt":"2026-02-01T16:16:24","slug":"adidas-forum-low-x-bad-bunny-light-blue","status":"publish","type":"product","link":"https:\/\/nextsnkr.com\/lt\/produktas\/adidas-forum-low-x-bad-bunny-light-blue\/","title":{"rendered":"Nissano adidas Forum-\u0160viesiai m\u0117lyna"},"content":{"rendered":"<h2>Nissano adidas Forum-\u0160viesiai m\u0117lyna<\/h2>\n<p>Adidas Forum Low x Bad Bunny Light Blue komfortas ir stilius kasdieniniam d\u0117v\u0117jimui. Pagaminti i\u0161 auk\u0161tos kokyb\u0117s zom\u0161os ir tinklelio, jie u\u017etikrina kv\u0117pavim\u0105 ir lengvum\u0105. &#8222;Adidas&#8221; prek\u0117s \u017eenklas garantuoja patikimum\u0105 ir ilgaam\u017ei\u0161kum\u0105, o ry\u0161kus dizainas bendradarbiaujant su &#8222;Bad Bunny&#8221; prideda j\u016bs\u0173 \u012fvaizd\u012f \u012f \u0161iuolaiki\u0161k\u0105 ir i\u0161skirtin\u012f akcent\u0105. Idealiai tinka aktyviam poilsiui ir madingiems pasivaik\u0161\u010diojimams.<\/p>\n","protected":false},"excerpt":{"rendered":"<p>Adidas Forum Low x Bad Bunny Light Blue komfortas ir stilius kasdieniniam d\u0117v\u0117jimui. Pagaminti i\u0161 auk\u0161tos kokyb\u0117s zom\u0161os ir tinklelio, jie u\u017etikrina kv\u0117pavim\u0105 ir lengvum\u0105. &#8222;Adidas&#8221; prek\u0117s \u017eenklas garantuoja patikimum\u0105 ir ilgaam\u017ei\u0161kum\u0105, o ry\u0161kus dizainas bendradarbiaujant su &#8222;Bad Bunny&#8221; prideda j\u016bs\u0173 \u012fvaizd\u012f \u012f \u0161iuolaiki\u0161k\u0105 ir i\u0161skirtin\u012f akcent\u0105. Idealiai tinka aktyviam poilsiui ir madingiems pasivaik\u0161\u010diojimams.<\/p>\n","protected":false},"featured_media":601288,"comment_status":"open","ping_status":"open","template":"","meta":[],"product_brand":[],"product_cat":[3264,3323],"product_tag":[],"class_list":{"0":"post-601280","1":"product","2":"type-product","3":"status-publish","4":"has-post-thumbnail","6":"product_cat-all-product","7":"product_cat-kedy","8":"pa_rozmir-910","9":"pa_rozmir-912","10":"pa_rozmir-914","11":"pa_rozmir-915","12":"pa_rozmir-916","13":"pa_rozmir-917","14":"pa_rozmir-918","15":"pa_rozmir-919","16":"pa_rozmir-920","17":"pa_rozmir-921","18":"pa_rozmir-922","20":"first","21":"instock","22":"purchasable","23":"product-type-variable"},"_links":{"self":[{"href":"https:\/\/nextsnkr.com\/lt\/wp-json\/wp\/v2\/product\/601280","targetHints":{"allow":["GET"]}}],"collection":[{"href":"https:\/\/nextsnkr.com\/lt\/wp-json\/wp\/v2\/product"}],"about":[{"href":"https:\/\/nextsnkr.com\/lt\/wp-json\/wp\/v2\/types\/product"}],"replies":[{"embeddable":true,"href":"https:\/\/nextsnkr.com\/lt\/wp-json\/wp\/v2\/comments?post=601280"}],"version-history":[{"count":0,"href":"https:\/\/nextsnkr.com\/lt\/wp-json\/wp\/v2\/product\/601280\/revisions"}],"wp:featuredmedia":[{"embeddable":true,"href":"https:\/\/nextsnkr.com\/lt\/wp-json\/wp\/v2\/media\/601288"}],"wp:attachment":[{"href":"https:\/\/nextsnkr.com\/lt\/wp-json\/wp\/v2\/media?parent=601280"}],"wp:term":[{"taxonomy":"product_brand","embeddable":true,"href":"https:\/\/nextsnkr.com\/lt\/wp-json\/wp\/v2\/product_brand?post=601280"},{"taxonomy":"product_cat","embeddable":true,"href":"https:\/\/nextsnkr.com\/lt\/wp-json\/wp\/v2\/product_cat?post=601280"},{"taxonomy":"product_tag","embeddable":true,"href":"https:\/\/nextsnkr.com\/lt\/wp-json\/wp\/v2\/product_tag?post=601280"}],"curies":[{"name":"wp","href":"https:\/\/api.w.org\/{rel}","templated":true}]}}