{"id":601213,"date":"2025-06-14T15:52:57","date_gmt":"2025-06-14T12:52:57","guid":{"rendered":"https:\/\/nextsnkr.com\/product\/hermes-oran-black\/"},"modified":"2026-02-01T19:16:15","modified_gmt":"2026-02-01T16:16:15","slug":"hermes-oran-black","status":"publish","type":"product","link":"https:\/\/nextsnkr.com\/lt\/produktas\/hermes-oran-black\/","title":{"rendered":"\u0160lepet\u0117s Hermes Oran Black &#8211; juodos gumin\u0117s vyri\u0161kos ir moteri\u0161kos"},"content":{"rendered":"<h2>\u0160lepet\u0117s Hermes Oran Black &#8211; juodos gumin\u0117s vyri\u0161kos ir moteri\u0161kos<\/h2>\n<p>Hermes Oran Black \u0161lepet\u0117s &#8211; stilingas ir patogus tvirtos gumos modelis, sukurtas kasdieniam komfortui. D\u0117l lengvos med\u017eiagos jie puikiai tinka namams, papl\u016bdimiui ar poilsiui prie vandens. Klasikin\u0117 juoda spalva daro batus universalius ir lengvai suderinamus su bet kokiu b\u016bdu. Kruop\u0161ta gamyba u\u017etikrina patikim\u0105 nusileidim\u0105 ir ilgaam\u017ei\u0161kum\u0105. Pasirinkite Hermes Oran Black-prakti\u0161kas \u0161lepetes kartu su lakoni\u0161ku dizainu.<\/p>\n","protected":false},"excerpt":{"rendered":"<p>Hermes Oran Black \u0161lepet\u0117s &#8211; stilingas ir patogus tvirtos gumos modelis, sukurtas kasdieniam komfortui. D\u0117l lengvos med\u017eiagos jie puikiai tinka namams, papl\u016bdimiui ar poilsiui prie vandens. Klasikin\u0117 juoda spalva daro batus universalius ir lengvai suderinamus su bet kokiu b\u016bdu. Kruop\u0161ta gamyba u\u017etikrina patikim\u0105 nusileidim\u0105 ir ilgaam\u017ei\u0161kum\u0105. Pasirinkite Hermes Oran Black-prakti\u0161kas \u0161lepetes kartu su lakoni\u0161ku dizainu.<\/p>\n","protected":false},"featured_media":601220,"comment_status":"open","ping_status":"open","template":"","meta":[],"product_brand":[],"product_cat":[3264,3425],"product_tag":[],"class_list":{"0":"post-601213","1":"product","2":"type-product","3":"status-publish","4":"has-post-thumbnail","6":"product_cat-all-product","7":"product_cat-shlopantsi","8":"pa_rozmir-910","9":"pa_rozmir-912","10":"pa_rozmir-914","11":"pa_rozmir-915","12":"pa_rozmir-916","13":"pa_rozmir-917","14":"pa_rozmir-918","15":"pa_rozmir-919","16":"pa_rozmir-920","17":"pa_rozmir-921","18":"pa_rozmir-922","20":"first","21":"instock","22":"purchasable","23":"product-type-variable"},"_links":{"self":[{"href":"https:\/\/nextsnkr.com\/lt\/wp-json\/wp\/v2\/product\/601213","targetHints":{"allow":["GET"]}}],"collection":[{"href":"https:\/\/nextsnkr.com\/lt\/wp-json\/wp\/v2\/product"}],"about":[{"href":"https:\/\/nextsnkr.com\/lt\/wp-json\/wp\/v2\/types\/product"}],"replies":[{"embeddable":true,"href":"https:\/\/nextsnkr.com\/lt\/wp-json\/wp\/v2\/comments?post=601213"}],"version-history":[{"count":0,"href":"https:\/\/nextsnkr.com\/lt\/wp-json\/wp\/v2\/product\/601213\/revisions"}],"wp:featuredmedia":[{"embeddable":true,"href":"https:\/\/nextsnkr.com\/lt\/wp-json\/wp\/v2\/media\/601220"}],"wp:attachment":[{"href":"https:\/\/nextsnkr.com\/lt\/wp-json\/wp\/v2\/media?parent=601213"}],"wp:term":[{"taxonomy":"product_brand","embeddable":true,"href":"https:\/\/nextsnkr.com\/lt\/wp-json\/wp\/v2\/product_brand?post=601213"},{"taxonomy":"product_cat","embeddable":true,"href":"https:\/\/nextsnkr.com\/lt\/wp-json\/wp\/v2\/product_cat?post=601213"},{"taxonomy":"product_tag","embeddable":true,"href":"https:\/\/nextsnkr.com\/lt\/wp-json\/wp\/v2\/product_tag?post=601213"}],"curies":[{"name":"wp","href":"https:\/\/api.w.org\/{rel}","templated":true}]}}