{"id":600680,"date":"2025-06-18T21:48:48","date_gmt":"2025-06-18T18:48:48","guid":{"rendered":"https:\/\/nextsnkr.com\/product\/golden-goose-fur\/"},"modified":"2026-02-01T19:15:54","modified_gmt":"2026-02-01T16:15:54","slug":"golden-goose-fur","status":"publish","type":"product","link":"https:\/\/nextsnkr.com\/lt\/produktas\/golden-goose-fur\/","title":{"rendered":"Golden Goose Fur Kedai i\u0161 nat\u016bralios odos"},"content":{"rendered":"<h2>Golden Goose Fur Kedai i\u0161 nat\u016bralios odos<\/h2>\n<p>Stilingi &#8222;Golden Goose Fur&#8221; kedai yra pagaminti i\u0161 auk\u0161tos kokyb\u0117s odos, kuri u\u017etikrina komfort\u0105 ir ilgaam\u017ei\u0161kum\u0105 kasdien d\u0117vint. Modelis sujungia modern\u0173 dizain\u0105 ir prakti\u0161kum\u0105, Idealiai tinka kasdieniam naudojimui ir mading\u0173 vaizd\u0173 k\u016brimui. Auk\u0161tos kokyb\u0117s med\u017eiagos ir eleganti\u0161kas stilius daro \u0161iuos Golden Goose sportba\u010dius puikiu pasirinkimu tiems, kurie vertina komfort\u0105 ir unikali\u0105 i\u0161vaizd\u0105.<\/p>\n","protected":false},"excerpt":{"rendered":"<p>Stilingi &#8222;Golden Goose Fur&#8221; kedai yra pagaminti i\u0161 auk\u0161tos kokyb\u0117s odos, kuri u\u017etikrina komfort\u0105 ir ilgaam\u017ei\u0161kum\u0105 kasdien d\u0117vint. Modelis sujungia modern\u0173 dizain\u0105 ir prakti\u0161kum\u0105, Idealiai tinka kasdieniam naudojimui ir mading\u0173 vaizd\u0173 k\u016brimui. Auk\u0161tos kokyb\u0117s med\u017eiagos ir eleganti\u0161kas stilius daro \u0161iuos Golden Goose sportba\u010dius puikiu pasirinkimu tiems, kurie vertina komfort\u0105 ir unikali\u0105 i\u0161vaizd\u0105.<\/p>\n","protected":false},"featured_media":600682,"comment_status":"open","ping_status":"open","template":"","meta":[],"product_brand":[],"product_cat":[3264,3323],"product_tag":[],"class_list":{"0":"post-600680","1":"product","2":"type-product","3":"status-publish","4":"has-post-thumbnail","6":"product_cat-all-product","7":"product_cat-kedy","8":"pa_rozmir-910","9":"pa_rozmir-912","10":"pa_rozmir-914","11":"pa_rozmir-915","12":"pa_rozmir-916","13":"pa_rozmir-917","14":"pa_rozmir-918","15":"pa_rozmir-919","16":"pa_rozmir-920","17":"pa_rozmir-921","18":"pa_rozmir-922","20":"first","21":"instock","22":"purchasable","23":"product-type-variable"},"_links":{"self":[{"href":"https:\/\/nextsnkr.com\/lt\/wp-json\/wp\/v2\/product\/600680","targetHints":{"allow":["GET"]}}],"collection":[{"href":"https:\/\/nextsnkr.com\/lt\/wp-json\/wp\/v2\/product"}],"about":[{"href":"https:\/\/nextsnkr.com\/lt\/wp-json\/wp\/v2\/types\/product"}],"replies":[{"embeddable":true,"href":"https:\/\/nextsnkr.com\/lt\/wp-json\/wp\/v2\/comments?post=600680"}],"version-history":[{"count":0,"href":"https:\/\/nextsnkr.com\/lt\/wp-json\/wp\/v2\/product\/600680\/revisions"}],"wp:featuredmedia":[{"embeddable":true,"href":"https:\/\/nextsnkr.com\/lt\/wp-json\/wp\/v2\/media\/600682"}],"wp:attachment":[{"href":"https:\/\/nextsnkr.com\/lt\/wp-json\/wp\/v2\/media?parent=600680"}],"wp:term":[{"taxonomy":"product_brand","embeddable":true,"href":"https:\/\/nextsnkr.com\/lt\/wp-json\/wp\/v2\/product_brand?post=600680"},{"taxonomy":"product_cat","embeddable":true,"href":"https:\/\/nextsnkr.com\/lt\/wp-json\/wp\/v2\/product_cat?post=600680"},{"taxonomy":"product_tag","embeddable":true,"href":"https:\/\/nextsnkr.com\/lt\/wp-json\/wp\/v2\/product_tag?post=600680"}],"curies":[{"name":"wp","href":"https:\/\/api.w.org\/{rel}","templated":true}]}}