{"id":600611,"date":"2025-06-17T21:48:07","date_gmt":"2025-06-17T18:48:07","guid":{"rendered":"https:\/\/nextsnkr.com\/product\/nike-p-6000-white\/"},"modified":"2026-02-01T19:15:50","modified_gmt":"2026-02-01T16:15:50","slug":"nike-p-6000-white","status":"publish","type":"product","link":"https:\/\/nextsnkr.com\/lt\/produktas\/nike-p-6000-white\/","title":{"rendered":"Nike p-6000 White sportba\u010diai &#8211; stilingi odiniai ir tinkliniai sportba\u010diai"},"content":{"rendered":"<h2>Nike p-6000 White sportba\u010diai &#8211; stilingi odiniai ir tinkliniai sportba\u010diai<\/h2>\n<p>&#8222;Nike P \u2014 6000 White&#8221; sportba\u010diai yra modernus modelis su odos ir aki\u0173 deriniu, kuris kasdien d\u0117vi lengvum\u0105, v\u0117dinim\u0105 ir komfort\u0105. Balta spalva prideda universalumo ir lengvai derinama su bet kokiu b\u016bdu. Apgalvota pado konstrukcija garantuoja stabilum\u0105 ir nusid\u0117v\u0117jim\u0105, o Nike auk\u0161\u010diausios kokyb\u0117s med\u017eiagos u\u017etikrina ilgaam\u017ei\u0161kum\u0105 ir patikimum\u0105. Idealus pasirinkimas aktyviam gyvenimo b\u016bdui ir stilingiems miesto svog\u016bnams.<\/p>\n","protected":false},"excerpt":{"rendered":"<p>&#8222;Nike P \u2014 6000 White&#8221; sportba\u010diai yra modernus modelis su odos ir aki\u0173 deriniu, kuris kasdien d\u0117vi lengvum\u0105, v\u0117dinim\u0105 ir komfort\u0105. Balta spalva prideda universalumo ir lengvai derinama su bet kokiu b\u016bdu. Apgalvota pado konstrukcija garantuoja stabilum\u0105 ir nusid\u0117v\u0117jim\u0105, o Nike auk\u0161\u010diausios kokyb\u0117s med\u017eiagos u\u017etikrina ilgaam\u017ei\u0161kum\u0105 ir patikimum\u0105. Idealus pasirinkimas aktyviam gyvenimo b\u016bdui ir stilingiems miesto svog\u016bnams.<\/p>\n","protected":false},"featured_media":600619,"comment_status":"open","ping_status":"open","template":"","meta":[],"product_brand":[],"product_cat":[3264,3265],"product_tag":[],"class_list":{"0":"post-600611","1":"product","2":"type-product","3":"status-publish","4":"has-post-thumbnail","6":"product_cat-all-product","7":"product_cat-krosivky","8":"pa_rozmir-910","9":"pa_rozmir-912","10":"pa_rozmir-914","11":"pa_rozmir-915","12":"pa_rozmir-916","13":"pa_rozmir-917","14":"pa_rozmir-918","15":"pa_rozmir-919","16":"pa_rozmir-920","17":"pa_rozmir-921","18":"pa_rozmir-922","20":"first","21":"onbackorder","22":"purchasable","23":"product-type-variable"},"_links":{"self":[{"href":"https:\/\/nextsnkr.com\/lt\/wp-json\/wp\/v2\/product\/600611","targetHints":{"allow":["GET"]}}],"collection":[{"href":"https:\/\/nextsnkr.com\/lt\/wp-json\/wp\/v2\/product"}],"about":[{"href":"https:\/\/nextsnkr.com\/lt\/wp-json\/wp\/v2\/types\/product"}],"replies":[{"embeddable":true,"href":"https:\/\/nextsnkr.com\/lt\/wp-json\/wp\/v2\/comments?post=600611"}],"version-history":[{"count":0,"href":"https:\/\/nextsnkr.com\/lt\/wp-json\/wp\/v2\/product\/600611\/revisions"}],"wp:featuredmedia":[{"embeddable":true,"href":"https:\/\/nextsnkr.com\/lt\/wp-json\/wp\/v2\/media\/600619"}],"wp:attachment":[{"href":"https:\/\/nextsnkr.com\/lt\/wp-json\/wp\/v2\/media?parent=600611"}],"wp:term":[{"taxonomy":"product_brand","embeddable":true,"href":"https:\/\/nextsnkr.com\/lt\/wp-json\/wp\/v2\/product_brand?post=600611"},{"taxonomy":"product_cat","embeddable":true,"href":"https:\/\/nextsnkr.com\/lt\/wp-json\/wp\/v2\/product_cat?post=600611"},{"taxonomy":"product_tag","embeddable":true,"href":"https:\/\/nextsnkr.com\/lt\/wp-json\/wp\/v2\/product_tag?post=600611"}],"curies":[{"name":"wp","href":"https:\/\/api.w.org\/{rel}","templated":true}]}}