{"id":600392,"date":"2025-06-14T15:53:55","date_gmt":"2025-06-14T12:53:55","guid":{"rendered":"https:\/\/nextsnkr.com\/product\/dior-sandals-blue-jeans\/"},"modified":"2026-02-01T19:15:45","modified_gmt":"2026-02-01T16:15:45","slug":"dior-sandals-blue-jeans","status":"publish","type":"product","link":"https:\/\/nextsnkr.com\/lt\/produktas\/dior-sandals-blue-jeans\/","title":{"rendered":"&#8222;Dior Blue Jeans&#8221; sandalai-stilingi tekstiliniai moteri\u0161ki sandalai"},"content":{"rendered":"<h2>&#8222;Dior Blue Jeans&#8221; sandalai-stilingi tekstiliniai moteri\u0161ki sandalai<\/h2>\n<p>&#8222;Dior Sandals Blue Jeans&#8221; &#8211; lengvas ir patogus kasdieni\u0173 kojini\u0173 ir vasaros pasivaik\u0161\u010diojim\u0173 modelis. Pagaminti i\u0161 tvirtos tekstil\u0117s, jie u\u017etikrina patog\u0173 sodinim\u0105 ir ilgaam\u017ei\u0161kum\u0105. M\u0117lyna d\u017einsin\u0117 spalva suteikia \u0161vie\u017eumo ir universalumo vaizd\u0105, lengvai derinama su skirtingais drabu\u017eiais. Modelis pagamintas Kinijoje ir atitinka auk\u0161tus kokyb\u0117s standartus. Pasirinkite &#8222;Dior Blue Jeans&#8221;, kad bet kuri\u0105 dien\u0105 suderintum\u0117te stili\u0173, komfort\u0105 ir prakti\u0161kum\u0105.<\/p>\n","protected":false},"excerpt":{"rendered":"<p>&#8222;Dior Sandals Blue Jeans&#8221; &#8211; lengvas ir patogus kasdieni\u0173 kojini\u0173 ir vasaros pasivaik\u0161\u010diojim\u0173 modelis. Pagaminti i\u0161 tvirtos tekstil\u0117s, jie u\u017etikrina patog\u0173 sodinim\u0105 ir ilgaam\u017ei\u0161kum\u0105. M\u0117lyna d\u017einsin\u0117 spalva suteikia \u0161vie\u017eumo ir universalumo vaizd\u0105, lengvai derinama su skirtingais drabu\u017eiais. Modelis pagamintas Kinijoje ir atitinka auk\u0161tus kokyb\u0117s standartus. Pasirinkite &#8222;Dior Blue Jeans&#8221;, kad bet kuri\u0105 dien\u0105 suderintum\u0117te stili\u0173, komfort\u0105 ir prakti\u0161kum\u0105.<\/p>\n","protected":false},"featured_media":600431,"comment_status":"open","ping_status":"open","template":"","meta":[],"product_brand":[],"product_cat":[3264,3452],"product_tag":[],"class_list":{"0":"post-600392","1":"product","2":"type-product","3":"status-publish","4":"has-post-thumbnail","6":"product_cat-all-product","7":"product_cat-sandali","8":"pa_rozmir-910","9":"pa_rozmir-912","10":"pa_rozmir-914","11":"pa_rozmir-915","12":"pa_rozmir-916","13":"pa_rozmir-917","14":"pa_rozmir-918","15":"pa_rozmir-919","16":"pa_rozmir-920","17":"pa_rozmir-921","18":"pa_rozmir-922","20":"first","21":"onbackorder","22":"purchasable","23":"product-type-variable"},"_links":{"self":[{"href":"https:\/\/nextsnkr.com\/lt\/wp-json\/wp\/v2\/product\/600392","targetHints":{"allow":["GET"]}}],"collection":[{"href":"https:\/\/nextsnkr.com\/lt\/wp-json\/wp\/v2\/product"}],"about":[{"href":"https:\/\/nextsnkr.com\/lt\/wp-json\/wp\/v2\/types\/product"}],"replies":[{"embeddable":true,"href":"https:\/\/nextsnkr.com\/lt\/wp-json\/wp\/v2\/comments?post=600392"}],"version-history":[{"count":0,"href":"https:\/\/nextsnkr.com\/lt\/wp-json\/wp\/v2\/product\/600392\/revisions"}],"wp:featuredmedia":[{"embeddable":true,"href":"https:\/\/nextsnkr.com\/lt\/wp-json\/wp\/v2\/media\/600431"}],"wp:attachment":[{"href":"https:\/\/nextsnkr.com\/lt\/wp-json\/wp\/v2\/media?parent=600392"}],"wp:term":[{"taxonomy":"product_brand","embeddable":true,"href":"https:\/\/nextsnkr.com\/lt\/wp-json\/wp\/v2\/product_brand?post=600392"},{"taxonomy":"product_cat","embeddable":true,"href":"https:\/\/nextsnkr.com\/lt\/wp-json\/wp\/v2\/product_cat?post=600392"},{"taxonomy":"product_tag","embeddable":true,"href":"https:\/\/nextsnkr.com\/lt\/wp-json\/wp\/v2\/product_tag?post=600392"}],"curies":[{"name":"wp","href":"https:\/\/api.w.org\/{rel}","templated":true}]}}